{"id":730,"date":"2011-07-25T08:59:23","date_gmt":"2011-07-25T08:59:23","guid":{"rendered":"http:\/\/www.terrassadentalclinics.com\/?page_id=730"},"modified":"2014-11-26T11:44:37","modified_gmt":"2014-11-26T11:44:37","slug":"installacions","status":"publish","type":"page","link":"https:\/\/www.terrassadentalclinic.com\/ca\/installacions\/","title":{"rendered":"Instal.lacions"},"content":{"rendered":"<p>[et_pb_section][et_pb_row][et_pb_column type=&#8221;4_4&#8243;][et_pb_text admin_label=&#8221;Text&#8221; background_layout=&#8221;light&#8221; text_orientation=&#8221;left&#8221;]<\/p>\n<h1>Instal\u00b7lacions de la cl\u00ednica dental<\/h1>\n<p>[\/et_pb_text][\/et_pb_column][\/et_pb_row][et_pb_row][et_pb_column type=&#8221;4_4&#8243;][et_pb_text admin_label=&#8221;Text&#8221; background_layout=&#8221;light&#8221; text_orientation=&#8221;left&#8221;]<\/p>\n<div style=\"margin-left: 7%\"><\/div>\n<p>[\/et_pb_text][\/et_pb_column][\/et_pb_row][\/et_pb_section]<\/p>\n","protected":false},"excerpt":{"rendered":"<p><div class=\"et_pb_section et_pb_section_0 et_section_regular\" >\n\t\t\t\t\n\t\t\t\t\n\t\t\t\t\n\t\t\t\t\n\t\t\t\t\n\t\t\t\t\n\t\t\t\t\n\t\t\t\t\n\t\t\t\t\n\t\t\t<\/div><div class=\"et_pb_row et_pb_row_0 et_pb_row_empty\">\n\t\t\t\t\n\t\t\t\t\n\t\t\t\t\n\t\t\t\t\n\t\t\t\t\n\t\t\t<\/div>Instal\u00b7lacions de la cl\u00ednica dental<div class=\"et_pb_row et_pb_row_1 et_pb_row_empty\">\n\t\t\t\t\n\t\t\t\t\n\t\t\t\t\n\t\t\t\t\n\t\t\t\t\n\t\t\t<\/div><\/p>\n","protected":false},"author":1,"featured_media":0,"parent":0,"menu_order":0,"comment_status":"open","ping_status":"closed","template":"","meta":{"_et_pb_use_builder":"on","_et_pb_old_content":"<a href=\"http:\/\/www.terrassadentalclinic.com\/ca\/instalacions\"><img class=\"alignnone size-medium wp-image-1023\" title=\"Benvinguts a la cl\u00ednica dental\" src=\"\/wp-content\/uploads\/2011\/07\/Equipo_Terrassa_Dental_Clinics_m-300x199.jpg\" alt=\"Instal.lacions de cl\u00ednica dental a Terrassa\" width=\"220\" height=\"150\" \/><\/a>","_et_gb_content_width":"","footnotes":""},"class_list":["post-730","page","type-page","status-publish","hentry"],"yoast_head":"<!-- This site is optimized with the Yoast SEO plugin v27.2 - https:\/\/yoast.com\/product\/yoast-seo-wordpress\/ -->\n<title>Instal.lacions cl\u00ednica - Terrassa Dental Clinics<\/title>\n<meta name=\"description\" content=\"Aquest \u00e9s l&#039;equip de professionals de Terrassa Dental Clinics, dentistes especialistes en ortod\u00f2ncia, maxil.lofacial, odontologia est\u00e8tica, implantologia...\" \/>\n<meta name=\"robots\" content=\"index, follow, max-snippet:-1, max-image-preview:large, max-video-preview:-1\" \/>\n<link rel=\"canonical\" href=\"https:\/\/www.terrassadentalclinic.com\/instalaciones\/\" \/>\n<meta property=\"og:locale\" content=\"ca_ES\" \/>\n<meta property=\"og:type\" content=\"article\" \/>\n<meta property=\"og:title\" content=\"Instal.lacions cl\u00ednica - Terrassa Dental Clinics\" \/>\n<meta property=\"og:description\" content=\"Aquest \u00e9s l&#039;equip de professionals de Terrassa Dental Clinics, dentistes especialistes en ortod\u00f2ncia, maxil.lofacial, odontologia est\u00e8tica, implantologia...\" \/>\n<meta property=\"og:url\" content=\"https:\/\/www.terrassadentalclinic.com\/instalaciones\/\" \/>\n<meta property=\"og:site_name\" content=\"Terrassa Dental Cl\u00ednic\" \/>\n<meta property=\"article:modified_time\" content=\"2014-11-26T11:44:37+00:00\" \/>\n<script type=\"application\/ld+json\" class=\"yoast-schema-graph\">{\"@context\":\"https:\/\/schema.org\",\"@graph\":[{\"@type\":\"WebPage\",\"@id\":\"https:\/\/www.terrassadentalclinic.com\/instalaciones\/\",\"url\":\"https:\/\/www.terrassadentalclinic.com\/instalaciones\/\",\"name\":\"Instal.lacions cl\u00ednica - Terrassa Dental Clinics\",\"isPartOf\":{\"@id\":\"https:\/\/www.terrassadentalclinic.com\/#website\"},\"datePublished\":\"2011-07-25T08:59:23+00:00\",\"dateModified\":\"2014-11-26T11:44:37+00:00\",\"description\":\"Aquest \u00e9s l'equip de professionals de Terrassa Dental Clinics, dentistes especialistes en ortod\u00f2ncia, maxil.lofacial, odontologia est\u00e8tica, implantologia...\",\"breadcrumb\":{\"@id\":\"https:\/\/www.terrassadentalclinic.com\/instalaciones\/#breadcrumb\"},\"inLanguage\":\"ca\",\"potentialAction\":[{\"@type\":\"ReadAction\",\"target\":[\"https:\/\/www.terrassadentalclinic.com\/instalaciones\/\"]}]},{\"@type\":\"BreadcrumbList\",\"@id\":\"https:\/\/www.terrassadentalclinic.com\/instalaciones\/#breadcrumb\",\"itemListElement\":[{\"@type\":\"ListItem\",\"position\":1,\"name\":\"Portada\",\"item\":\"https:\/\/www.terrassadentalclinic.com\/ca\/\"},{\"@type\":\"ListItem\",\"position\":2,\"name\":\"Instal.lacions\"}]},{\"@type\":\"WebSite\",\"@id\":\"https:\/\/www.terrassadentalclinic.com\/#website\",\"url\":\"https:\/\/www.terrassadentalclinic.com\/\",\"name\":\"Terrassa Dental Cl\u00ednic\",\"description\":\"\",\"potentialAction\":[{\"@type\":\"SearchAction\",\"target\":{\"@type\":\"EntryPoint\",\"urlTemplate\":\"https:\/\/www.terrassadentalclinic.com\/?s={search_term_string}\"},\"query-input\":{\"@type\":\"PropertyValueSpecification\",\"valueRequired\":true,\"valueName\":\"search_term_string\"}}],\"inLanguage\":\"ca\"}]}<\/script>\n<!-- \/ Yoast SEO plugin. -->","yoast_head_json":{"title":"Instal.lacions cl\u00ednica - Terrassa Dental Clinics","description":"Aquest \u00e9s l'equip de professionals de Terrassa Dental Clinics, dentistes especialistes en ortod\u00f2ncia, maxil.lofacial, odontologia est\u00e8tica, implantologia...","robots":{"index":"index","follow":"follow","max-snippet":"max-snippet:-1","max-image-preview":"max-image-preview:large","max-video-preview":"max-video-preview:-1"},"canonical":"https:\/\/www.terrassadentalclinic.com\/instalaciones\/","og_locale":"ca_ES","og_type":"article","og_title":"Instal.lacions cl\u00ednica - Terrassa Dental Clinics","og_description":"Aquest \u00e9s l'equip de professionals de Terrassa Dental Clinics, dentistes especialistes en ortod\u00f2ncia, maxil.lofacial, odontologia est\u00e8tica, implantologia...","og_url":"https:\/\/www.terrassadentalclinic.com\/instalaciones\/","og_site_name":"Terrassa Dental Cl\u00ednic","article_modified_time":"2014-11-26T11:44:37+00:00","schema":{"@context":"https:\/\/schema.org","@graph":[{"@type":"WebPage","@id":"https:\/\/www.terrassadentalclinic.com\/instalaciones\/","url":"https:\/\/www.terrassadentalclinic.com\/instalaciones\/","name":"Instal.lacions cl\u00ednica - Terrassa Dental Clinics","isPartOf":{"@id":"https:\/\/www.terrassadentalclinic.com\/#website"},"datePublished":"2011-07-25T08:59:23+00:00","dateModified":"2014-11-26T11:44:37+00:00","description":"Aquest \u00e9s l'equip de professionals de Terrassa Dental Clinics, dentistes especialistes en ortod\u00f2ncia, maxil.lofacial, odontologia est\u00e8tica, implantologia...","breadcrumb":{"@id":"https:\/\/www.terrassadentalclinic.com\/instalaciones\/#breadcrumb"},"inLanguage":"ca","potentialAction":[{"@type":"ReadAction","target":["https:\/\/www.terrassadentalclinic.com\/instalaciones\/"]}]},{"@type":"BreadcrumbList","@id":"https:\/\/www.terrassadentalclinic.com\/instalaciones\/#breadcrumb","itemListElement":[{"@type":"ListItem","position":1,"name":"Portada","item":"https:\/\/www.terrassadentalclinic.com\/ca\/"},{"@type":"ListItem","position":2,"name":"Instal.lacions"}]},{"@type":"WebSite","@id":"https:\/\/www.terrassadentalclinic.com\/#website","url":"https:\/\/www.terrassadentalclinic.com\/","name":"Terrassa Dental Cl\u00ednic","description":"","potentialAction":[{"@type":"SearchAction","target":{"@type":"EntryPoint","urlTemplate":"https:\/\/www.terrassadentalclinic.com\/?s={search_term_string}"},"query-input":{"@type":"PropertyValueSpecification","valueRequired":true,"valueName":"search_term_string"}}],"inLanguage":"ca"}]}},"_links":{"self":[{"href":"https:\/\/www.terrassadentalclinic.com\/ca\/wp-json\/wp\/v2\/pages\/730","targetHints":{"allow":["GET"]}}],"collection":[{"href":"https:\/\/www.terrassadentalclinic.com\/ca\/wp-json\/wp\/v2\/pages"}],"about":[{"href":"https:\/\/www.terrassadentalclinic.com\/ca\/wp-json\/wp\/v2\/types\/page"}],"author":[{"embeddable":true,"href":"https:\/\/www.terrassadentalclinic.com\/ca\/wp-json\/wp\/v2\/users\/1"}],"replies":[{"embeddable":true,"href":"https:\/\/www.terrassadentalclinic.com\/ca\/wp-json\/wp\/v2\/comments?post=730"}],"version-history":[{"count":15,"href":"https:\/\/www.terrassadentalclinic.com\/ca\/wp-json\/wp\/v2\/pages\/730\/revisions"}],"predecessor-version":[{"id":4445,"href":"https:\/\/www.terrassadentalclinic.com\/ca\/wp-json\/wp\/v2\/pages\/730\/revisions\/4445"}],"wp:attachment":[{"href":"https:\/\/www.terrassadentalclinic.com\/ca\/wp-json\/wp\/v2\/media?parent=730"}],"curies":[{"name":"wp","href":"https:\/\/api.w.org\/{rel}","templated":true}]}}