{"id":4712,"date":"2014-12-05T12:13:42","date_gmt":"2014-12-05T12:13:42","guid":{"rendered":"http:\/\/www.terrassadentalclinic.com\/?page_id=4712"},"modified":"2015-02-13T09:36:17","modified_gmt":"2015-02-13T09:36:17","slug":"avis-legal","status":"publish","type":"page","link":"https:\/\/www.terrassadentalclinic.com\/ca\/avis-legal\/","title":{"rendered":"Av\u00eds legal i pol\u00edtica de privacitat del web de Centro Dental Egara, SL"},"content":{"rendered":"<h2>DADES GENERALS<\/h2>\n<p><strong>Centre Dental Egara, SL responsable de les funcions del web www.terrassadentalclinic.com<\/strong>, amb domicili al carrer Col-legi, 1, 08221, Terrassa (Barcelona), amb CIF B- 62446885.<\/p>\n<p><strong>El Centre Dental Egara, SL posa a la seva disposici\u00f3 en el seu lloc web tot un seguit de continguts de car\u00e0cter informatiu sobre les activitats que porta a terme l&#8217;organitzaci\u00f3<\/strong>, com ara implants, est\u00e8tica dental, ortod\u00f2ncia, cirurgia oral, pr\u00f2tesis, period\u00f2ncia i odontologia.<\/p>\n<h2>CONDICIONS D&#8217;ACC\u00c9S I \u00daS<\/h2>\n<p>Les condicions d&#8217;acc\u00e9s i \u00fas del present lloc web<strong> es regeixen per la legalitat vigent i pel principi de bona fe<\/strong> comprometent-se l&#8217;usuari a realitzar un bon \u00fas de la web. <strong>No es permeten conductes que vagin contra la llei, els drets o interessos de tercers<\/strong>.<\/p>\n<p>Ser usuari del web <a href=\"http:\/\/www.terrassadentalclinic.com\" title=\"Cl\u00ednica dental a Terrassa-Terrassa Dental Clinic\"> www.terrassadentalclinic.com <\/a> implica haver llegit i acceptat les presents condicions i la normativa legal aplicable en aquesta mat\u00e8ria.<\/p>\n<h2>RESPONSABILITATS<\/h2>\n<p><strong>Centre Dental Egara, SL no es fa responsable de la informaci\u00f3 i continguts emmagatzemats en f\u00f2rums, xarxes socials o qualssevol altre mitj\u00e0 que permeti a tercers publicar continguts de forma independent en la p\u00e0gina web del prestador.<\/strong><\/p>\n<p>Tampoc l&#8217;empresa es responsabilitzar\u00e0 dels danys i perjudicis que es produeixin per fallades o males configuracions del programari instal\u00b7lat a l&#8217;ordinador de l&#8217;internauta.<strong> S&#8217;exclou de tota responsabilitat per alguna incid\u00e8ncia t\u00e8cnica o fallada que es produeixi quan l&#8217;usuari es connecti a Internet.<\/strong> Igualment no es garanteix la inexist\u00e8ncia d&#8217;interrupcions o errors en l&#8217;acc\u00e9s al lloc web.<\/p>\n<p>Aix\u00ed mateix,<strong> Centre Dental Egara, SL es reserva el dret a actualitzar, modificar o eliminar la informaci\u00f3 continguda a la seva p\u00e0gina web<\/strong>, aix\u00ed com la configuraci\u00f3 o presentaci\u00f3 del mateix, en qualsevol moment sense assumir alguna responsabilitat per aix\u00f2.<\/p>\n<p>Tamb\u00e9<strong> es reserva el dret a limitar o impedir l&#8217;acc\u00e9s al seu web quan sorgeixin dificultats t\u00e8cniques per fets o circumst\u00e0ncies alienes a la cl\u00ednica dental<\/strong> que disminueixin o anul\u00b7lin els nivells de seguretat adoptats per a l&#8217;adequat funcionament de la web .<\/p>\n<h2>PROPIETAT INTEL\u00b7LECTUAL I INDUSTRIAL<\/h2>\n<p><strong>Tots els continguts del lloc web es troben protegits per la normativa de propietat intel\u00b7lectual i industrial.<\/strong> La reproducci\u00f3 total o parcial, \u00fas, explotaci\u00f3, distribuci\u00f3 i comercialitzaci\u00f3, requereix d&#8217;una pr\u00e8via autoritzaci\u00f3 expressa i per escrit per part del prestador. En cas contrari s&#8217;estaria cometent un il\u00b7l\u00edcit en vulnerar el dret de propietat intel\u00b7lectual o industrial d&#8217;autor.<\/p>\n<h2>LLEI APLICABLE I JURISDICCI\u00d3<\/h2>\n<p><strong>Les presents condicions generals es regeixen per la legislaci\u00f3 espanyola. Per a qualsevol litigi <\/strong>que pogu\u00e9s sorgir relacionat amb el lloc web o l&#8217;activitat que s&#8217;hi desenvolupa seran<strong> competents Jutjats de Barcelona<\/strong>, renunciant expressament l&#8217;usuari a qualsevol altre fur que pogu\u00e9s correspondre-li. <\/p>\n<h2>POL\u00cdTICA DE PRIVACITAT<\/h2>\n<p>En compliment del que disposa la Llei Org\u00e0nica 15\/1999, de 13 de desembre, de Protecci\u00f3 de Dades de Car\u00e0cter Personal (LOPD)<strong> s&#8217;informa a l&#8217;usuari que totes les dades que ens proporcioni a trav\u00e9s de formularis, correu electr\u00f2nic o qualsevol altre mitj\u00e0 an\u00e1lago seran incorporades a un fitxer, creat i mantingut sota la responsabilitat de CENTRO Dental Egara, SL.<\/strong> Igualment s&#8217;han instal\u00b7lant i implantant les mesures t\u00e8cniques i organitzatives necess\u00e0ries per evitar la p\u00e8rdua, mal \u00fas, alteraci\u00f3, acc\u00e9s no autoritzat i altres riscos possibles.<\/p>\n<p>Sempre es posar\u00e0 a disposici\u00f3 de l&#8217;usuari els recursos t\u00e8cnics adequats perqu\u00e8 prestin de forma inequ\u00edvoca el seu consentiment, encara que de forma pr\u00e8via podran llegir la nostra pol\u00edtica de privacitat de dades.<\/p>\n<p>Les dades de car\u00e0cter personal seran utilitzades amb la finalitat de gestionar els serveis oferts, realitzar tasques administratives, aix\u00ed com remetre informaci\u00f3 t\u00e8cnica, comercial o publicit\u00e0ria per via ordin\u00e0ria o electr\u00f2nica.<\/p>\n<p>L&#8217;usuari haur\u00e0 d&#8217;emplenar els formularis amb dades veritables, exactes, completes i actualitzats, responent dels danys i perjudicis que pogu\u00e9s ocasionar a causa de l&#8217;emplenament dels formularis amb dades falses, incompletes o no actualitzades.<\/p>\n<p><strong>Per exercir els seus drets d&#8217;acc\u00e9s, rectificaci\u00f3, cancel\u00b7laci\u00f3 o oposici\u00f3 s&#8217;ha de dirigir a la seu de l&#8217;empresa<\/strong> (C \/ Col-legi, 1, 08221, Terrassa- Barcelona)<strong> o escriure&#8217;ns al seg\u00fcent correu centrodentalegara@gmail.com. Tamb\u00e9 si ho prefereix pot trucar-nos al seg\u00fcent n\u00famero de tel\u00e8fon 93 789 45 96.\/strong><\/p>\n<h2>POL\u00cdTICA DE COOKIES<\/h2>\n<p><strong>Centre Dental Egara, SL<\/strong> pel seu propi compte o la d&#8217;un tercer contractat per prestaci\u00f3 de serveis de mesura, poden<strong> utilitzar cookies quan l&#8217;usuari navega pel lloc web. Les cookies s\u00f3n fitxers enviats al navegador per mitj\u00e0 d&#8217;un servei web amb la finalitat de registrar les activitats de l&#8217;usuari durant el seu temps de navegaci\u00f3.<\/strong><\/p>\n<p>Les cookies utilitzades s&#8217;associen \u00fanicament amb un usuari an\u00f2nim i el seu ordinador, i no proporcionen per si mateixes les dades personals de l&#8217;usuari.<\/p>\n<p>El nostre<strong> analitzador de tr\u00e0fic del lloc web utilitza cookies que ens permeten recollir dades a efectes estad\u00edstics com:<\/strong> data de la primera visita, l&#8217;idioma que utilitza l&#8217;usuari, nombre de vegades que s&#8217;ha visitat, data de la \u00faltima visita, URL i domini de la qual prov\u00e9, explorador utilitzat i resoluci\u00f3 de la pantalla.<\/p>\n<p><strong>L&#8217;usuari t\u00e9 la possibilitat de configurar el seu navegador per ser avisat de la recepci\u00f3 de cookies i per impedir la seva instal\u00b7laci\u00f3 en el seu equip.<\/Strong> Si us plau consulti les instruccions i manuals del seu navegador per ampliar aquesta informaci\u00f3.<\/p>\n<p>Per utilitzar el lloc web no \u00e9s necessari que l&#8217;usuari permeti la instal\u00b7laci\u00f3 de les cookies enviades al lloc web, o el tercer que actu\u00ef en nom seu, sense perjudici que sigui necessari que l&#8217;usuari inici\u00ef una sessi\u00f3 a tal en cadascun dels serveis la prestaci\u00f3 requereixi el previ registre.<\/p>\n<p><strong>En tot cas les galetes tenen un car\u00e0cter temporal amb l&#8217;\u00fanica finalitat de fer m\u00e9s efica\u00e7 la seva transmissi\u00f3 ulterior. En cap cas s&#8217;utilitzar\u00e0 cookies per recollir informaci\u00f3 de car\u00e0cter personal.<\/strong><\/p>\n","protected":false},"excerpt":{"rendered":"<p>DADES GENERALS Centre Dental Egara, SL responsable de les funcions del web www.terrassadentalclinic.com, amb domicili al carrer Col-legi, 1, 08221, Terrassa (Barcelona), amb CIF B- 62446885. El Centre Dental Egara, SL posa a la seva disposici\u00f3 en el seu lloc web tot un seguit de continguts de car\u00e0cter informatiu sobre les activitats que porta a [&hellip;]<\/p>\n","protected":false},"author":2,"featured_media":0,"parent":0,"menu_order":0,"comment_status":"closed","ping_status":"closed","template":"","meta":{"_et_pb_use_builder":"","_et_pb_old_content":"","_et_gb_content_width":"","footnotes":""},"class_list":["post-4712","page","type-page","status-publish","hentry"],"yoast_head":"<!-- This site is optimized with the Yoast SEO plugin v27.2 - https:\/\/yoast.com\/product\/yoast-seo-wordpress\/ -->\n<title>Av\u00eds legal i pol\u00edtica de privacitat del web de Centro Dental Egara, SL - Terrassa Dental Cl\u00ednic<\/title>\n<meta name=\"robots\" content=\"index, follow, max-snippet:-1, max-image-preview:large, max-video-preview:-1\" \/>\n<link rel=\"canonical\" href=\"https:\/\/www.terrassadentalclinic.com\/aviso-legal\/\" \/>\n<meta property=\"og:locale\" content=\"ca_ES\" \/>\n<meta property=\"og:type\" content=\"article\" \/>\n<meta property=\"og:title\" content=\"Av\u00eds legal i pol\u00edtica de privacitat del web de Centro Dental Egara, SL - Terrassa Dental Cl\u00ednic\" \/>\n<meta property=\"og:description\" content=\"DADES GENERALS Centre Dental Egara, SL responsable de les funcions del web www.terrassadentalclinic.com, amb domicili al carrer Col-legi, 1, 08221, Terrassa (Barcelona), amb CIF B- 62446885. El Centre Dental Egara, SL posa a la seva disposici\u00f3 en el seu lloc web tot un seguit de continguts de car\u00e0cter informatiu sobre les activitats que porta a [&hellip;]\" \/>\n<meta property=\"og:url\" content=\"https:\/\/www.terrassadentalclinic.com\/aviso-legal\/\" \/>\n<meta property=\"og:site_name\" content=\"Terrassa Dental Cl\u00ednic\" \/>\n<meta property=\"article:modified_time\" content=\"2015-02-13T09:36:17+00:00\" \/>\n<meta name=\"twitter:label1\" content=\"Temps estimat de lectura\" \/>\n\t<meta name=\"twitter:data1\" content=\"5 minuts\" \/>\n<script type=\"application\/ld+json\" class=\"yoast-schema-graph\">{\"@context\":\"https:\/\/schema.org\",\"@graph\":[{\"@type\":\"WebPage\",\"@id\":\"https:\/\/www.terrassadentalclinic.com\/aviso-legal\/\",\"url\":\"https:\/\/www.terrassadentalclinic.com\/aviso-legal\/\",\"name\":\"Av\u00eds legal i pol\u00edtica de privacitat del web de Centro Dental Egara, SL - Terrassa Dental Cl\u00ednic\",\"isPartOf\":{\"@id\":\"https:\/\/www.terrassadentalclinic.com\/#website\"},\"datePublished\":\"2014-12-05T12:13:42+00:00\",\"dateModified\":\"2015-02-13T09:36:17+00:00\",\"breadcrumb\":{\"@id\":\"https:\/\/www.terrassadentalclinic.com\/aviso-legal\/#breadcrumb\"},\"inLanguage\":\"ca\",\"potentialAction\":[{\"@type\":\"ReadAction\",\"target\":[\"https:\/\/www.terrassadentalclinic.com\/aviso-legal\/\"]}]},{\"@type\":\"BreadcrumbList\",\"@id\":\"https:\/\/www.terrassadentalclinic.com\/aviso-legal\/#breadcrumb\",\"itemListElement\":[{\"@type\":\"ListItem\",\"position\":1,\"name\":\"Portada\",\"item\":\"https:\/\/www.terrassadentalclinic.com\/ca\/\"},{\"@type\":\"ListItem\",\"position\":2,\"name\":\"Av\u00eds legal i pol\u00edtica de privacitat del web de Centro Dental Egara, SL\"}]},{\"@type\":\"WebSite\",\"@id\":\"https:\/\/www.terrassadentalclinic.com\/#website\",\"url\":\"https:\/\/www.terrassadentalclinic.com\/\",\"name\":\"Terrassa Dental Cl\u00ednic\",\"description\":\"\",\"potentialAction\":[{\"@type\":\"SearchAction\",\"target\":{\"@type\":\"EntryPoint\",\"urlTemplate\":\"https:\/\/www.terrassadentalclinic.com\/?s={search_term_string}\"},\"query-input\":{\"@type\":\"PropertyValueSpecification\",\"valueRequired\":true,\"valueName\":\"search_term_string\"}}],\"inLanguage\":\"ca\"}]}<\/script>\n<!-- \/ Yoast SEO plugin. -->","yoast_head_json":{"title":"Av\u00eds legal i pol\u00edtica de privacitat del web de Centro Dental Egara, SL - Terrassa Dental Cl\u00ednic","robots":{"index":"index","follow":"follow","max-snippet":"max-snippet:-1","max-image-preview":"max-image-preview:large","max-video-preview":"max-video-preview:-1"},"canonical":"https:\/\/www.terrassadentalclinic.com\/aviso-legal\/","og_locale":"ca_ES","og_type":"article","og_title":"Av\u00eds legal i pol\u00edtica de privacitat del web de Centro Dental Egara, SL - Terrassa Dental Cl\u00ednic","og_description":"DADES GENERALS Centre Dental Egara, SL responsable de les funcions del web www.terrassadentalclinic.com, amb domicili al carrer Col-legi, 1, 08221, Terrassa (Barcelona), amb CIF B- 62446885. El Centre Dental Egara, SL posa a la seva disposici\u00f3 en el seu lloc web tot un seguit de continguts de car\u00e0cter informatiu sobre les activitats que porta a [&hellip;]","og_url":"https:\/\/www.terrassadentalclinic.com\/aviso-legal\/","og_site_name":"Terrassa Dental Cl\u00ednic","article_modified_time":"2015-02-13T09:36:17+00:00","twitter_misc":{"Temps estimat de lectura":"5 minuts"},"schema":{"@context":"https:\/\/schema.org","@graph":[{"@type":"WebPage","@id":"https:\/\/www.terrassadentalclinic.com\/aviso-legal\/","url":"https:\/\/www.terrassadentalclinic.com\/aviso-legal\/","name":"Av\u00eds legal i pol\u00edtica de privacitat del web de Centro Dental Egara, SL - Terrassa Dental Cl\u00ednic","isPartOf":{"@id":"https:\/\/www.terrassadentalclinic.com\/#website"},"datePublished":"2014-12-05T12:13:42+00:00","dateModified":"2015-02-13T09:36:17+00:00","breadcrumb":{"@id":"https:\/\/www.terrassadentalclinic.com\/aviso-legal\/#breadcrumb"},"inLanguage":"ca","potentialAction":[{"@type":"ReadAction","target":["https:\/\/www.terrassadentalclinic.com\/aviso-legal\/"]}]},{"@type":"BreadcrumbList","@id":"https:\/\/www.terrassadentalclinic.com\/aviso-legal\/#breadcrumb","itemListElement":[{"@type":"ListItem","position":1,"name":"Portada","item":"https:\/\/www.terrassadentalclinic.com\/ca\/"},{"@type":"ListItem","position":2,"name":"Av\u00eds legal i pol\u00edtica de privacitat del web de Centro Dental Egara, SL"}]},{"@type":"WebSite","@id":"https:\/\/www.terrassadentalclinic.com\/#website","url":"https:\/\/www.terrassadentalclinic.com\/","name":"Terrassa Dental Cl\u00ednic","description":"","potentialAction":[{"@type":"SearchAction","target":{"@type":"EntryPoint","urlTemplate":"https:\/\/www.terrassadentalclinic.com\/?s={search_term_string}"},"query-input":{"@type":"PropertyValueSpecification","valueRequired":true,"valueName":"search_term_string"}}],"inLanguage":"ca"}]}},"_links":{"self":[{"href":"https:\/\/www.terrassadentalclinic.com\/ca\/wp-json\/wp\/v2\/pages\/4712","targetHints":{"allow":["GET"]}}],"collection":[{"href":"https:\/\/www.terrassadentalclinic.com\/ca\/wp-json\/wp\/v2\/pages"}],"about":[{"href":"https:\/\/www.terrassadentalclinic.com\/ca\/wp-json\/wp\/v2\/types\/page"}],"author":[{"embeddable":true,"href":"https:\/\/www.terrassadentalclinic.com\/ca\/wp-json\/wp\/v2\/users\/2"}],"replies":[{"embeddable":true,"href":"https:\/\/www.terrassadentalclinic.com\/ca\/wp-json\/wp\/v2\/comments?post=4712"}],"version-history":[{"count":3,"href":"https:\/\/www.terrassadentalclinic.com\/ca\/wp-json\/wp\/v2\/pages\/4712\/revisions"}],"predecessor-version":[{"id":4787,"href":"https:\/\/www.terrassadentalclinic.com\/ca\/wp-json\/wp\/v2\/pages\/4712\/revisions\/4787"}],"wp:attachment":[{"href":"https:\/\/www.terrassadentalclinic.com\/ca\/wp-json\/wp\/v2\/media?parent=4712"}],"curies":[{"name":"wp","href":"https:\/\/api.w.org\/{rel}","templated":true}]}}