{"id":4407,"date":"2014-11-26T10:28:22","date_gmt":"2014-11-26T10:28:22","guid":{"rendered":"http:\/\/wwwterrassadentalclinic.com\/dra-emma-corbera-2\/"},"modified":"2014-11-28T09:09:43","modified_gmt":"2014-11-28T09:09:43","slug":"doctora-emma-corbera","status":"publish","type":"page","link":"https:\/\/www.terrassadentalclinic.com\/ca\/doctora-emma-corbera\/","title":{"rendered":"Dra. Emma Corbera"},"content":{"rendered":"<p>[et_pb_section][et_pb_row][et_pb_column type=&#8221;1_3&#8243;][et_pb_image admin_label=&#8221;Image&#8221; src=&#8221;\/wp-content\/uploads\/2011\/07\/DraEmma_med.jpg&#8221; show_in_lightbox=&#8221;off&#8221; url_new_window=&#8221;off&#8221; animation=&#8221;left&#8221; sticky=&#8221;off&#8221; \/][\/et_pb_column][et_pb_column type=&#8221;2_3&#8243;][et_pb_text admin_label=&#8221;Text&#8221; background_layout=&#8221;light&#8221; text_orientation=&#8221;left&#8221;]<\/p>\n<h1>Dra. Emma Corbera<\/h1>\n<h2>La teva odont\u00f2loga general a Terrassa<\/h2>\n<p>Titulaci\u00f3:<\/p>\n<ul>\n<li>Llicenciada en Odontologia per la Universitat Internacional de Catalunya<\/li>\n<li>Postgrau en pr\u00f2tesi i ATM la Universitat Internacional de Catalunya<\/li>\n<li>T\u00edtol de Director d\u2019instal\u00b7lacions de radiodiagn\u00f2stic dental.<\/li>\n<li>Presentaci\u00f3 de p\u00f2sters i comunicacions orals en congressos com la SEPES.<\/li>\n<li>Formaci\u00f3 continuada en confer\u00e8ncies del COEC, congressos.<\/li>\n<li>Curs en \u201cImport\u00e0ncia Cl\u00ednica de l\u2019Ortoposturod\u00f2ncia\u201d.<\/li>\n<\/ul>\n<p><strong>Especialitats:<\/strong> <a title=\"Endod\u00f2ncia\" href=\"\/endodoncia-2\/\">Endodoncies<\/a>,<a title=\"Netejes bucals\" href=\"\/higiene-bucal-dental\/\"> neteges bucals<\/a>, <a title=\"Odontologia infantil\" href=\"\/odontologia-infantil-2\/\">odontologia infantil<\/a>, <a title=\"Reconstrucci\u00f3 dental\" href=\"\/reconstruccio-dental\/\">reconstruccions<\/a>&#8230;<\/p>\n<p>[\/et_pb_text][\/et_pb_column][\/et_pb_row][\/et_pb_section]<\/p>\n","protected":false},"excerpt":{"rendered":"<p><div class=\"et_pb_section et_pb_section_0 et_section_regular\" >\n\t\t\t\t\n\t\t\t\t\n\t\t\t\t\n\t\t\t\t\n\t\t\t\t\n\t\t\t\t\n\t\t\t\t\n\t\t\t\t\n\t\t\t\t\n\t\t\t<\/div><div class=\"et_pb_row et_pb_row_0 et_pb_row_empty\">\n\t\t\t\t\n\t\t\t\t\n\t\t\t\t\n\t\t\t\t\n\t\t\t\t\n\t\t\t<\/div>Dra. Emma CorberaLa teva odont\u00f2loga general a TerrassaTitulaci\u00f3:Llicenciada en Odontologia per la Universitat Internacional de CatalunyaPostgrau en pr\u00f2tesi i ATM la Universitat Internacional de CatalunyaT\u00edtol de Director d\u2019instal\u00b7lacions de radiodiagn\u00f2stic dental.Presentaci\u00f3 de p\u00f2sters i comunicacions orals en congressos com la SEPES.Formaci\u00f3 continuada en confer\u00e8ncies del COEC, congressos.Curs en \u201cImport\u00e0ncia Cl\u00ednica de l\u2019Ortoposturod\u00f2ncia\u201d.Especialitats: Endodoncies, neteges bucals, [&hellip;]<\/p>\n","protected":false},"author":2,"featured_media":0,"parent":0,"menu_order":0,"comment_status":"closed","ping_status":"closed","template":"","meta":{"_et_pb_use_builder":"on","_et_pb_old_content":"","_et_gb_content_width":"","footnotes":""},"class_list":["post-4407","page","type-page","status-publish","hentry"],"yoast_head":"<!-- This site is optimized with the Yoast SEO plugin v27.2 - https:\/\/yoast.com\/product\/yoast-seo-wordpress\/ -->\n<title>Dra. Emma Corbera - Terrassa Dental Cl\u00ednic<\/title>\n<meta name=\"robots\" content=\"index, follow, max-snippet:-1, max-image-preview:large, max-video-preview:-1\" \/>\n<link rel=\"canonical\" href=\"https:\/\/www.terrassadentalclinic.com\/dra-emma-corbera\/\" \/>\n<meta property=\"og:locale\" content=\"ca_ES\" \/>\n<meta property=\"og:type\" content=\"article\" \/>\n<meta property=\"og:title\" content=\"Dra. Emma Corbera - Terrassa Dental Cl\u00ednic\" \/>\n<meta property=\"og:description\" content=\"Dra. Emma CorberaLa teva odont\u00f2loga general a TerrassaTitulaci\u00f3:Llicenciada en Odontologia per la Universitat Internacional de CatalunyaPostgrau en pr\u00f2tesi i ATM la Universitat Internacional de CatalunyaT\u00edtol de Director d\u2019instal\u00b7lacions de radiodiagn\u00f2stic dental.Presentaci\u00f3 de p\u00f2sters i comunicacions orals en congressos com la SEPES.Formaci\u00f3 continuada en confer\u00e8ncies del COEC, congressos.Curs en \u201cImport\u00e0ncia Cl\u00ednica de l\u2019Ortoposturod\u00f2ncia\u201d.Especialitats: Endodoncies, neteges bucals, [&hellip;]\" \/>\n<meta property=\"og:url\" content=\"https:\/\/www.terrassadentalclinic.com\/dra-emma-corbera\/\" \/>\n<meta property=\"og:site_name\" content=\"Terrassa Dental Cl\u00ednic\" \/>\n<meta property=\"article:modified_time\" content=\"2014-11-28T09:09:43+00:00\" \/>\n<meta name=\"twitter:label1\" content=\"Temps estimat de lectura\" \/>\n\t<meta name=\"twitter:data1\" content=\"1 minut\" \/>\n<script type=\"application\/ld+json\" class=\"yoast-schema-graph\">{\"@context\":\"https:\/\/schema.org\",\"@graph\":[{\"@type\":\"WebPage\",\"@id\":\"https:\/\/www.terrassadentalclinic.com\/dra-emma-corbera\/\",\"url\":\"https:\/\/www.terrassadentalclinic.com\/dra-emma-corbera\/\",\"name\":\"Dra. Emma Corbera - Terrassa Dental Cl\u00ednic\",\"isPartOf\":{\"@id\":\"https:\/\/www.terrassadentalclinic.com\/#website\"},\"datePublished\":\"2014-11-26T10:28:22+00:00\",\"dateModified\":\"2014-11-28T09:09:43+00:00\",\"breadcrumb\":{\"@id\":\"https:\/\/www.terrassadentalclinic.com\/dra-emma-corbera\/#breadcrumb\"},\"inLanguage\":\"ca\",\"potentialAction\":[{\"@type\":\"ReadAction\",\"target\":[\"https:\/\/www.terrassadentalclinic.com\/dra-emma-corbera\/\"]}]},{\"@type\":\"BreadcrumbList\",\"@id\":\"https:\/\/www.terrassadentalclinic.com\/dra-emma-corbera\/#breadcrumb\",\"itemListElement\":[{\"@type\":\"ListItem\",\"position\":1,\"name\":\"Portada\",\"item\":\"https:\/\/www.terrassadentalclinic.com\/ca\/\"},{\"@type\":\"ListItem\",\"position\":2,\"name\":\"Dra. Emma Corbera\"}]},{\"@type\":\"WebSite\",\"@id\":\"https:\/\/www.terrassadentalclinic.com\/#website\",\"url\":\"https:\/\/www.terrassadentalclinic.com\/\",\"name\":\"Terrassa Dental Cl\u00ednic\",\"description\":\"\",\"potentialAction\":[{\"@type\":\"SearchAction\",\"target\":{\"@type\":\"EntryPoint\",\"urlTemplate\":\"https:\/\/www.terrassadentalclinic.com\/?s={search_term_string}\"},\"query-input\":{\"@type\":\"PropertyValueSpecification\",\"valueRequired\":true,\"valueName\":\"search_term_string\"}}],\"inLanguage\":\"ca\"}]}<\/script>\n<!-- \/ Yoast SEO plugin. -->","yoast_head_json":{"title":"Dra. Emma Corbera - Terrassa Dental Cl\u00ednic","robots":{"index":"index","follow":"follow","max-snippet":"max-snippet:-1","max-image-preview":"max-image-preview:large","max-video-preview":"max-video-preview:-1"},"canonical":"https:\/\/www.terrassadentalclinic.com\/dra-emma-corbera\/","og_locale":"ca_ES","og_type":"article","og_title":"Dra. Emma Corbera - Terrassa Dental Cl\u00ednic","og_description":"Dra. Emma CorberaLa teva odont\u00f2loga general a TerrassaTitulaci\u00f3:Llicenciada en Odontologia per la Universitat Internacional de CatalunyaPostgrau en pr\u00f2tesi i ATM la Universitat Internacional de CatalunyaT\u00edtol de Director d\u2019instal\u00b7lacions de radiodiagn\u00f2stic dental.Presentaci\u00f3 de p\u00f2sters i comunicacions orals en congressos com la SEPES.Formaci\u00f3 continuada en confer\u00e8ncies del COEC, congressos.Curs en \u201cImport\u00e0ncia Cl\u00ednica de l\u2019Ortoposturod\u00f2ncia\u201d.Especialitats: Endodoncies, neteges bucals, [&hellip;]","og_url":"https:\/\/www.terrassadentalclinic.com\/dra-emma-corbera\/","og_site_name":"Terrassa Dental Cl\u00ednic","article_modified_time":"2014-11-28T09:09:43+00:00","twitter_misc":{"Temps estimat de lectura":"1 minut"},"schema":{"@context":"https:\/\/schema.org","@graph":[{"@type":"WebPage","@id":"https:\/\/www.terrassadentalclinic.com\/dra-emma-corbera\/","url":"https:\/\/www.terrassadentalclinic.com\/dra-emma-corbera\/","name":"Dra. Emma Corbera - Terrassa Dental Cl\u00ednic","isPartOf":{"@id":"https:\/\/www.terrassadentalclinic.com\/#website"},"datePublished":"2014-11-26T10:28:22+00:00","dateModified":"2014-11-28T09:09:43+00:00","breadcrumb":{"@id":"https:\/\/www.terrassadentalclinic.com\/dra-emma-corbera\/#breadcrumb"},"inLanguage":"ca","potentialAction":[{"@type":"ReadAction","target":["https:\/\/www.terrassadentalclinic.com\/dra-emma-corbera\/"]}]},{"@type":"BreadcrumbList","@id":"https:\/\/www.terrassadentalclinic.com\/dra-emma-corbera\/#breadcrumb","itemListElement":[{"@type":"ListItem","position":1,"name":"Portada","item":"https:\/\/www.terrassadentalclinic.com\/ca\/"},{"@type":"ListItem","position":2,"name":"Dra. Emma Corbera"}]},{"@type":"WebSite","@id":"https:\/\/www.terrassadentalclinic.com\/#website","url":"https:\/\/www.terrassadentalclinic.com\/","name":"Terrassa Dental Cl\u00ednic","description":"","potentialAction":[{"@type":"SearchAction","target":{"@type":"EntryPoint","urlTemplate":"https:\/\/www.terrassadentalclinic.com\/?s={search_term_string}"},"query-input":{"@type":"PropertyValueSpecification","valueRequired":true,"valueName":"search_term_string"}}],"inLanguage":"ca"}]}},"_links":{"self":[{"href":"https:\/\/www.terrassadentalclinic.com\/ca\/wp-json\/wp\/v2\/pages\/4407","targetHints":{"allow":["GET"]}}],"collection":[{"href":"https:\/\/www.terrassadentalclinic.com\/ca\/wp-json\/wp\/v2\/pages"}],"about":[{"href":"https:\/\/www.terrassadentalclinic.com\/ca\/wp-json\/wp\/v2\/types\/page"}],"author":[{"embeddable":true,"href":"https:\/\/www.terrassadentalclinic.com\/ca\/wp-json\/wp\/v2\/users\/2"}],"replies":[{"embeddable":true,"href":"https:\/\/www.terrassadentalclinic.com\/ca\/wp-json\/wp\/v2\/comments?post=4407"}],"version-history":[{"count":3,"href":"https:\/\/www.terrassadentalclinic.com\/ca\/wp-json\/wp\/v2\/pages\/4407\/revisions"}],"predecessor-version":[{"id":4568,"href":"https:\/\/www.terrassadentalclinic.com\/ca\/wp-json\/wp\/v2\/pages\/4407\/revisions\/4568"}],"wp:attachment":[{"href":"https:\/\/www.terrassadentalclinic.com\/ca\/wp-json\/wp\/v2\/media?parent=4407"}],"curies":[{"name":"wp","href":"https:\/\/api.w.org\/{rel}","templated":true}]}}