{"id":4399,"date":"2014-11-26T10:16:56","date_gmt":"2014-11-26T10:16:56","guid":{"rendered":"http:\/\/wwwterrassadentalclinic.com\/dr-pierre-kallai-2\/"},"modified":"2014-11-28T09:07:03","modified_gmt":"2014-11-28T09:07:03","slug":"doctor-pierre-kallai","status":"publish","type":"page","link":"https:\/\/www.terrassadentalclinic.com\/ca\/doctor-pierre-kallai\/","title":{"rendered":"Dr. Pierre Kallai"},"content":{"rendered":"<p>[et_pb_section][et_pb_row][et_pb_column type=&#8221;1_3&#8243;][et_pb_image admin_label=&#8221;Image&#8221; src=&#8221;\/wp-content\/uploads\/2011\/06\/DrPierreKallai_med.jpg&#8221; show_in_lightbox=&#8221;off&#8221; url_new_window=&#8221;off&#8221; animation=&#8221;left&#8221; sticky=&#8221;off&#8221; \/][\/et_pb_column][et_pb_column type=&#8221;2_3&#8243;][et_pb_text admin_label=&#8221;Text&#8221; background_layout=&#8221;light&#8221; text_orientation=&#8221;left&#8221;]<\/p>\n<h1>Dr. Pierre Kallai<\/h1>\n<h2>El teu odont\u00f2leg especilitzat en ortod\u00f2ncia\u00a0a Terrassa<\/h2>\n<p>Titulaci\u00f3:<\/p>\n<ul>\n<li>Ortodoncista exclusiu<\/li>\n<li>Especialista qualificat en ortod\u00f2ncia infantil i per adults LSD \/ MOUB \/ Certificaci\u00f3 Inc\u00f2gnit-Invisalign.<\/li>\n<li>Odontologia a la Universit\u00e9 Catholique de Louvain (UCL), Brussel.<\/li>\n<li>Especialitzaci\u00f3 d\u2019Ortod\u00f2ncia a la Universitat de Barcelona (UB), on ha obtingut el M\u00e0ster en Ortod\u00f2ncia.<\/li>\n<li>Formaci\u00f3 cont\u00ednua i adquisici\u00f3 d\u2019experi\u00e8ncia en ortod\u00f2ncia infantil i per adults, ortod\u00f2ncia lingual, Invisalign, ortod\u00f2ncia multidisciplinar i ortod\u00f2ncia quir\u00fargica.<\/li>\n<\/ul>\n<p><strong>Especialitats:<\/strong> <a title=\"Invisalign - ortodoncia invisible\" href=\"\/ortodoncia-invisible-2\/\">Ortod\u00f2ncia Invisalign<\/a>, Ortod\u00f2ncia lingual Inc\u00f2gnit, <a title=\"Brackets est\u00e8tics\" href=\"\/brackets-estetics\/\">Brackets est\u00e8tics<\/a>, Ortod\u00f2ncia interceptiva.[\/et_pb_text][\/et_pb_column][\/et_pb_row][\/et_pb_section]<\/p>\n","protected":false},"excerpt":{"rendered":"<p><div class=\"et_pb_section et_pb_section_0 et_section_regular\" >\n\t\t\t\t\n\t\t\t\t\n\t\t\t\t\n\t\t\t\t\n\t\t\t\t\n\t\t\t\t\n\t\t\t\t\n\t\t\t\t\n\t\t\t\t\n\t\t\t<\/div><div class=\"et_pb_row et_pb_row_0 et_pb_row_empty\">\n\t\t\t\t\n\t\t\t\t\n\t\t\t\t\n\t\t\t\t\n\t\t\t\t\n\t\t\t<\/div> Dr. Pierre Kallai El teu odont\u00f2leg especilitzat en ortod\u00f2ncia\u00a0a Terrassa Titulaci\u00f3: Ortodoncista exclusiu Especialista qualificat en ortod\u00f2ncia infantil i per adults LSD \/ MOUB \/ Certificaci\u00f3 Inc\u00f2gnit-Invisalign. Odontologia a la Universit\u00e9 Catholique de Louvain (UCL), Brussel. Especialitzaci\u00f3 d\u2019Ortod\u00f2ncia a la Universitat de Barcelona (UB), on ha obtingut el M\u00e0ster en Ortod\u00f2ncia. Formaci\u00f3 cont\u00ednua i [&hellip;]<\/p>\n","protected":false},"author":2,"featured_media":0,"parent":0,"menu_order":0,"comment_status":"closed","ping_status":"closed","template":"","meta":{"_et_pb_use_builder":"on","_et_pb_old_content":"","_et_gb_content_width":"","footnotes":""},"class_list":["post-4399","page","type-page","status-publish","hentry"],"yoast_head":"<!-- This site is optimized with the Yoast SEO plugin v27.2 - https:\/\/yoast.com\/product\/yoast-seo-wordpress\/ -->\n<title>Dr. Pierre Kallai - Terrassa Dental Cl\u00ednic<\/title>\n<meta name=\"robots\" content=\"index, follow, max-snippet:-1, max-image-preview:large, max-video-preview:-1\" \/>\n<link rel=\"canonical\" href=\"https:\/\/www.terrassadentalclinic.com\/dr-pierre-kallai\/\" \/>\n<meta property=\"og:locale\" content=\"ca_ES\" \/>\n<meta property=\"og:type\" content=\"article\" \/>\n<meta property=\"og:title\" content=\"Dr. Pierre Kallai - Terrassa Dental Cl\u00ednic\" \/>\n<meta property=\"og:description\" content=\"Dr. Pierre Kallai El teu odont\u00f2leg especilitzat en ortod\u00f2ncia\u00a0a Terrassa Titulaci\u00f3: Ortodoncista exclusiu Especialista qualificat en ortod\u00f2ncia infantil i per adults LSD \/ MOUB \/ Certificaci\u00f3 Inc\u00f2gnit-Invisalign. Odontologia a la Universit\u00e9 Catholique de Louvain (UCL), Brussel. Especialitzaci\u00f3 d\u2019Ortod\u00f2ncia a la Universitat de Barcelona (UB), on ha obtingut el M\u00e0ster en Ortod\u00f2ncia. Formaci\u00f3 cont\u00ednua i [&hellip;]\" \/>\n<meta property=\"og:url\" content=\"https:\/\/www.terrassadentalclinic.com\/dr-pierre-kallai\/\" \/>\n<meta property=\"og:site_name\" content=\"Terrassa Dental Cl\u00ednic\" \/>\n<meta property=\"article:modified_time\" content=\"2014-11-28T09:07:03+00:00\" \/>\n<meta name=\"twitter:label1\" content=\"Temps estimat de lectura\" \/>\n\t<meta name=\"twitter:data1\" content=\"1 minut\" \/>\n<script type=\"application\/ld+json\" class=\"yoast-schema-graph\">{\"@context\":\"https:\/\/schema.org\",\"@graph\":[{\"@type\":\"WebPage\",\"@id\":\"https:\/\/www.terrassadentalclinic.com\/dr-pierre-kallai\/\",\"url\":\"https:\/\/www.terrassadentalclinic.com\/dr-pierre-kallai\/\",\"name\":\"Dr. Pierre Kallai - Terrassa Dental Cl\u00ednic\",\"isPartOf\":{\"@id\":\"https:\/\/www.terrassadentalclinic.com\/#website\"},\"datePublished\":\"2014-11-26T10:16:56+00:00\",\"dateModified\":\"2014-11-28T09:07:03+00:00\",\"breadcrumb\":{\"@id\":\"https:\/\/www.terrassadentalclinic.com\/dr-pierre-kallai\/#breadcrumb\"},\"inLanguage\":\"ca\",\"potentialAction\":[{\"@type\":\"ReadAction\",\"target\":[\"https:\/\/www.terrassadentalclinic.com\/dr-pierre-kallai\/\"]}]},{\"@type\":\"BreadcrumbList\",\"@id\":\"https:\/\/www.terrassadentalclinic.com\/dr-pierre-kallai\/#breadcrumb\",\"itemListElement\":[{\"@type\":\"ListItem\",\"position\":1,\"name\":\"Portada\",\"item\":\"https:\/\/www.terrassadentalclinic.com\/ca\/\"},{\"@type\":\"ListItem\",\"position\":2,\"name\":\"Dr. Pierre Kallai\"}]},{\"@type\":\"WebSite\",\"@id\":\"https:\/\/www.terrassadentalclinic.com\/#website\",\"url\":\"https:\/\/www.terrassadentalclinic.com\/\",\"name\":\"Terrassa Dental Cl\u00ednic\",\"description\":\"\",\"potentialAction\":[{\"@type\":\"SearchAction\",\"target\":{\"@type\":\"EntryPoint\",\"urlTemplate\":\"https:\/\/www.terrassadentalclinic.com\/?s={search_term_string}\"},\"query-input\":{\"@type\":\"PropertyValueSpecification\",\"valueRequired\":true,\"valueName\":\"search_term_string\"}}],\"inLanguage\":\"ca\"}]}<\/script>\n<!-- \/ Yoast SEO plugin. -->","yoast_head_json":{"title":"Dr. Pierre Kallai - Terrassa Dental Cl\u00ednic","robots":{"index":"index","follow":"follow","max-snippet":"max-snippet:-1","max-image-preview":"max-image-preview:large","max-video-preview":"max-video-preview:-1"},"canonical":"https:\/\/www.terrassadentalclinic.com\/dr-pierre-kallai\/","og_locale":"ca_ES","og_type":"article","og_title":"Dr. Pierre Kallai - Terrassa Dental Cl\u00ednic","og_description":"Dr. Pierre Kallai El teu odont\u00f2leg especilitzat en ortod\u00f2ncia\u00a0a Terrassa Titulaci\u00f3: Ortodoncista exclusiu Especialista qualificat en ortod\u00f2ncia infantil i per adults LSD \/ MOUB \/ Certificaci\u00f3 Inc\u00f2gnit-Invisalign. Odontologia a la Universit\u00e9 Catholique de Louvain (UCL), Brussel. Especialitzaci\u00f3 d\u2019Ortod\u00f2ncia a la Universitat de Barcelona (UB), on ha obtingut el M\u00e0ster en Ortod\u00f2ncia. Formaci\u00f3 cont\u00ednua i [&hellip;]","og_url":"https:\/\/www.terrassadentalclinic.com\/dr-pierre-kallai\/","og_site_name":"Terrassa Dental Cl\u00ednic","article_modified_time":"2014-11-28T09:07:03+00:00","twitter_misc":{"Temps estimat de lectura":"1 minut"},"schema":{"@context":"https:\/\/schema.org","@graph":[{"@type":"WebPage","@id":"https:\/\/www.terrassadentalclinic.com\/dr-pierre-kallai\/","url":"https:\/\/www.terrassadentalclinic.com\/dr-pierre-kallai\/","name":"Dr. Pierre Kallai - Terrassa Dental Cl\u00ednic","isPartOf":{"@id":"https:\/\/www.terrassadentalclinic.com\/#website"},"datePublished":"2014-11-26T10:16:56+00:00","dateModified":"2014-11-28T09:07:03+00:00","breadcrumb":{"@id":"https:\/\/www.terrassadentalclinic.com\/dr-pierre-kallai\/#breadcrumb"},"inLanguage":"ca","potentialAction":[{"@type":"ReadAction","target":["https:\/\/www.terrassadentalclinic.com\/dr-pierre-kallai\/"]}]},{"@type":"BreadcrumbList","@id":"https:\/\/www.terrassadentalclinic.com\/dr-pierre-kallai\/#breadcrumb","itemListElement":[{"@type":"ListItem","position":1,"name":"Portada","item":"https:\/\/www.terrassadentalclinic.com\/ca\/"},{"@type":"ListItem","position":2,"name":"Dr. Pierre Kallai"}]},{"@type":"WebSite","@id":"https:\/\/www.terrassadentalclinic.com\/#website","url":"https:\/\/www.terrassadentalclinic.com\/","name":"Terrassa Dental Cl\u00ednic","description":"","potentialAction":[{"@type":"SearchAction","target":{"@type":"EntryPoint","urlTemplate":"https:\/\/www.terrassadentalclinic.com\/?s={search_term_string}"},"query-input":{"@type":"PropertyValueSpecification","valueRequired":true,"valueName":"search_term_string"}}],"inLanguage":"ca"}]}},"_links":{"self":[{"href":"https:\/\/www.terrassadentalclinic.com\/ca\/wp-json\/wp\/v2\/pages\/4399","targetHints":{"allow":["GET"]}}],"collection":[{"href":"https:\/\/www.terrassadentalclinic.com\/ca\/wp-json\/wp\/v2\/pages"}],"about":[{"href":"https:\/\/www.terrassadentalclinic.com\/ca\/wp-json\/wp\/v2\/types\/page"}],"author":[{"embeddable":true,"href":"https:\/\/www.terrassadentalclinic.com\/ca\/wp-json\/wp\/v2\/users\/2"}],"replies":[{"embeddable":true,"href":"https:\/\/www.terrassadentalclinic.com\/ca\/wp-json\/wp\/v2\/comments?post=4399"}],"version-history":[{"count":4,"href":"https:\/\/www.terrassadentalclinic.com\/ca\/wp-json\/wp\/v2\/pages\/4399\/revisions"}],"predecessor-version":[{"id":4567,"href":"https:\/\/www.terrassadentalclinic.com\/ca\/wp-json\/wp\/v2\/pages\/4399\/revisions\/4567"}],"wp:attachment":[{"href":"https:\/\/www.terrassadentalclinic.com\/ca\/wp-json\/wp\/v2\/media?parent=4399"}],"curies":[{"name":"wp","href":"https:\/\/api.w.org\/{rel}","templated":true}]}}