{"id":3681,"date":"2014-11-18T08:15:30","date_gmt":"2014-11-18T08:15:30","guid":{"rendered":"http:\/\/wwwterrassadentalclinic.com\/?page_id=3681"},"modified":"2014-12-03T08:19:50","modified_gmt":"2014-12-03T08:19:50","slug":"brackets-estetics","status":"publish","type":"page","link":"https:\/\/www.terrassadentalclinic.com\/ca\/brackets-estetics\/","title":{"rendered":"Brackets est\u00e8tics"},"content":{"rendered":"<p>[et_pb_section background_image=&#8221;\/wp-content\/uploads\/2014\/10\/foto-odontologia.jpg&#8221; transparent_background=&#8221;off&#8221; background_color=&#8221;#ffffff&#8221; inner_shadow=&#8221;off&#8221; parallax=&#8221;off&#8221; parallax_method=&#8221;off&#8221; module_id=&#8221;imagen-cabecera&#8221;][et_pb_row][et_pb_column type=&#8221;4_4&#8243;][et_pb_text admin_label=&#8221;Text&#8221; background_layout=&#8221;light&#8221; text_orientation=&#8221;left&#8221; module_id=&#8221;titulos&#8221;]<\/p>\n<h1 id=\"titulo-h1-paginas\">Brackets est\u00e8tics<\/h1>\n<p>[\/et_pb_text][\/et_pb_column][\/et_pb_row][\/et_pb_section][et_pb_section fullwidth=&#8221;off&#8221; specialty=&#8221;on&#8221;][et_pb_column type=&#8221;3_4&#8243; specialty_columns=&#8221;3&#8243;][et_pb_row_inner][et_pb_column_inner type=&#8221;4_4&#8243;][et_pb_text admin_label=&#8221;Text&#8221; background_layout=&#8221;light&#8221; text_orientation=&#8221;left&#8221;]<\/p>\n<h2>&nbsp;Qu\u00e8 t&#8217;ofereixen els brackets est\u00e8tics?<\/h2>\n<p>Ara podr\u00e0s somriure sense que ning\u00fa noti excessivament els aparells de les teves dents. Sense cap dubte, els brackets est\u00e8tics s\u00f3n una bona alternativa als met\u00e0l\u00b7lics, sobretot per als pacients adults.<\/p>\n<p>Hi ha diversos tipus de brackets est\u00e8tics, tots ells transparents: de pl\u00e0stic, de porcellana, cer\u00e0mics i de vidre de safir. Les gomes el\u00e0stiques i els tancaments de metall seran de color blanc perqu\u00e8 aix\u00ed, l&#8217;aparell sigui molt poc visible. I tot, seguint un tractament d&#8217;ortod\u00f2ncia molt similar al que s&#8217;empra amb els brackets met\u00e0l\u00b7lics.<\/p>\n<p>&nbsp;<\/p>\n<p>&nbsp;[\/et_pb_text][\/et_pb_column_inner][\/et_pb_row_inner][et_pb_row_inner][et_pb_column_inner type=&#8221;1_2&#8243;][et_pb_image admin_label=&#8221;Image&#8221; src=&#8221;\/wp-content\/uploads\/2012\/03\/Depositphotos_3299349_L.jpg&#8221; show_in_lightbox=&#8221;off&#8221; url_new_window=&#8221;off&#8221; animation=&#8221;left&#8221; sticky=&#8221;off&#8221; \/][\/et_pb_column_inner][et_pb_column_inner type=&#8221;1_2&#8243;][et_pb_blurb admin_label=&#8221;Blurb&#8221; title=&#8221;En qu\u00e8 es diferencien dels brackets met\u00e0l.lics?&#8221; url_new_window=&#8221;off&#8221; use_icon=&#8221;on&#8221; font_icon=&#8221;N&#8221; icon_color=&#8221;#1e73be&#8221; use_circle=&#8221;off&#8221; circle_color=&#8221;#7EBEC5&#8243; use_circle_border=&#8221;off&#8221; circle_border_color=&#8221;#7EBEC5&#8243; icon_placement=&#8221;left&#8221; animation=&#8221;off&#8221; background_layout=&#8221;light&#8221; text_orientation=&#8221;center&#8221;]<\/p>\n<p>Les funcions que compleixen s\u00f3n les mateixes, aconseguint una perfecta correcci\u00f3 de la mossegada i evitant desgastos dentals i altres problemes. El temps de tractament sol ser tamb\u00e9 similar. Per aix\u00f2, la principal difer\u00e8ncia rau en la q\u00fcesti\u00f3 de l&#8217;est\u00e8tica.<\/p>\n<p>[\/et_pb_blurb][et_pb_blurb admin_label=&#8221;Blurb&#8221; title=&#8221;Saps quines avantatges tenen?&#8221; url_new_window=&#8221;off&#8221; use_icon=&#8221;on&#8221; font_icon=&#8221;N&#8221; icon_color=&#8221;#1e73be&#8221; use_circle=&#8221;off&#8221; circle_color=&#8221;#7EBEC5&#8243; use_circle_border=&#8221;off&#8221; circle_border_color=&#8221;#7EBEC5&#8243; icon_placement=&#8221;left&#8221; animation=&#8221;off&#8221; background_layout=&#8221;light&#8221; text_orientation=&#8221;center&#8221;]<\/p>\n<p>Encara que el seu preu \u00e9s una mica superior que els met\u00e0l\u00b7lics, els brackets est\u00e8tics redueixen l&#8217;acci\u00f3 al\u00b7l\u00e8rgica del metall. A m\u00e9s, milloren l&#8217;autoestima del pacient, ja que es recupera l&#8217;est\u00e8tica dental de manera discreta.<\/p>\n<p>[\/et_pb_blurb][\/et_pb_column_inner][\/et_pb_row_inner][\/et_pb_column][et_pb_column type=&#8221;1_4&#8243;][et_pb_text admin_label=&#8221;Text&#8221; background_layout=&#8221;light&#8221; text_orientation=&#8221;left&#8221;]<\/p>\n<div style=\"background: #DEEAF3;padding-bottom: 33%;padding-left: 7%;padding-right: 7%;padding-top: 5%;width: 125%;\"><img loading=\"lazy\" decoding=\"async\" src=\"\/wp-content\/uploads\/2014\/10\/ortodoncista1.jpg\" alt=\"Odont\u00f2leg especialista en l'ortod\u00f2ncia\" title=\"Dr. Pierre Kallai\" width=\"133\" height=\"200\" class=\"alignleft size-full wp-image-4279\"><\/p>\n<h4 style=\"text-align: center;margin-top: 19%;\"><strong>Dr. Pierre Kallai<\/strong><\/h4>\n<p style=\"text-align:center\"><a href=\"\/doctor-pierre-kallai\/\">Odont\u00f2leg especialista en l&#8217;ortod\u00f2ncia<\/a><\/p>\n<\/div>\n<p>[\/et_pb_text][et_pb_text admin_label=&#8221;Text&#8221; background_layout=&#8221;light&#8221; text_orientation=&#8221;left&#8221; module_id=&#8221;solicitar-cita&#8221;]<\/p>\n<div id=\"solicitar-cita\" class=\"et_pb_text et_pb_bg_layout_light et_pb_text_align_left\">\n<div style=\"background: #c0dbed;padding-bottom: 5%;padding-left: 7%;padding-right: 7%; padding-top: 5%; width: 125%;\">\n<h4 style=\"font-weight: 600\">Sol\u00b7licitar visita<\/h4>\n<div>\n<p style=\"font-weight: 500\">Truqui ara per sol\u00b7licitar una visita o per fer qualsevol altra consulta al:<\/p>\n<\/p>\n<div class=\"telephone\">937 894 596<\/div>\n<div style=\"padding-top: 0%;margin-top: -2%;width: 100%;color: #FFF;  background-color: #9aafbe;  font-size: 12px;  font-style: normal;  line-height: 25px;text-align: center;\"><a style=\"font-size: 17px;color: white;\" href=\"\/ca\/contacte\"title=\"Demanar cita online\">Sol\u00b7licita cita online<\/a><\/div>\n<\/p>\n<\/div>\n<\/div>\n<\/div>\n<p>[\/et_pb_text][\/et_pb_column][\/et_pb_section][et_pb_section fullwidth=&#8221;off&#8221; specialty=&#8221;off&#8221; transparent_background=&#8221;off&#8221; background_color=&#8221;#f7f5ef&#8221; inner_shadow=&#8221;off&#8221; parallax=&#8221;off&#8221; parallax_method=&#8221;off&#8221;][et_pb_row][et_pb_column type=&#8221;1_3&#8243;][et_pb_text admin_label=&#8221;Text&#8221; background_layout=&#8221;light&#8221; text_orientation=&#8221;left&#8221;]<\/p>\n<h3><strong>Direcci\u00f3 de la cl\u00ednica dental<\/strong><\/h3>\n<p>Carrer Col\u00b7legi n\u00ba 1<br \/>\n08221 Terrassa (Barcelona).<\/p>\n<p><strong>Horari de la cl\u00ednica<\/strong><br \/>\nDe Dilluns a Divendres<br \/>\nMatins: 9:00h a 13:00h<br \/>\nTardes: 16:00h a 20:00h<\/p>\n<p><strong>E-mail de contacte<\/strong><br \/>\ncentrodentalegara@gmail.com<\/p>\n<div class=\"telephone\" style=\"margin-top: 15%;\">937 894 596<\/div>\n<p>[\/et_pb_text][\/et_pb_column][et_pb_column type=&#8221;2_3&#8243;][et_pb_map admin_label=&#8221;Map&#8221; zoom_level=&#8221;16&#8243; address_lat=&#8221;41.560295599338104&#8243; address_lng=&#8221;2.0117566164005973&#8243; mouse_wheel=&#8221;on&#8221;][et_pb_map_pin pin_address=&#8221;Carrer Col\u00b7legi, 11, 08221 Tarrasa, Barcelona, Espa\u00f1a&#8221; pin_address_lat=&#8221;41.5599853&#8243; pin_address_lng=&#8221;2.010856399999966&#8243; \/][\/et_pb_map][\/et_pb_column][\/et_pb_row][\/et_pb_section]<\/p>\n","protected":false},"excerpt":{"rendered":"<p><div class=\"et_pb_row et_pb_row_0 et_pb_row_empty\">\n\t\t\t\t\n\t\t\t\t\n\t\t\t\t\n\t\t\t\t\n\t\t\t\t\n\t\t\t<\/div> Brackets est\u00e8tics &nbsp;Qu\u00e8 t&#8217;ofereixen els brackets est\u00e8tics? Ara podr\u00e0s somriure sense que ning\u00fa noti excessivament els aparells de les teves dents. Sense cap dubte, els brackets est\u00e8tics s\u00f3n una bona alternativa als met\u00e0l\u00b7lics, sobretot per als pacients adults. Hi ha diversos tipus de brackets est\u00e8tics, tots ells transparents: de pl\u00e0stic, de porcellana, cer\u00e0mics i [&hellip;]<\/p>\n","protected":false},"author":2,"featured_media":0,"parent":0,"menu_order":0,"comment_status":"closed","ping_status":"closed","template":"","meta":{"_et_pb_use_builder":"on","_et_pb_old_content":"","_et_gb_content_width":"","footnotes":""},"class_list":["post-3681","page","type-page","status-publish","hentry"],"yoast_head":"<!-- This site is optimized with the Yoast SEO plugin v27.2 - https:\/\/yoast.com\/product\/yoast-seo-wordpress\/ -->\n<title>brackets est\u00e8tics<\/title>\n<meta name=\"description\" content=\"Els brackets est\u00e8tics s\u00f3n una bona alternativa als brackets met\u00e0l\u00b7lics sobretot en adults, ja que s\u00f3n molt m\u00e9s discrets i redueixen l&#039;al.l\u00e8rgia al metall.\" \/>\n<meta name=\"robots\" content=\"index, follow, max-snippet:-1, max-image-preview:large, max-video-preview:-1\" \/>\n<link rel=\"canonical\" href=\"https:\/\/www.terrassadentalclinic.com\/brackets-esteticos\/\" \/>\n<meta property=\"og:locale\" content=\"ca_ES\" \/>\n<meta property=\"og:type\" content=\"article\" \/>\n<meta property=\"og:title\" content=\"brackets est\u00e8tics\" \/>\n<meta property=\"og:description\" content=\"Els brackets est\u00e8tics s\u00f3n una bona alternativa als brackets met\u00e0l\u00b7lics sobretot en adults, ja que s\u00f3n molt m\u00e9s discrets i redueixen l&#039;al.l\u00e8rgia al metall.\" \/>\n<meta property=\"og:url\" content=\"https:\/\/www.terrassadentalclinic.com\/brackets-esteticos\/\" \/>\n<meta property=\"og:site_name\" content=\"Terrassa Dental Cl\u00ednic\" \/>\n<meta property=\"article:modified_time\" content=\"2014-12-03T08:19:50+00:00\" \/>\n<meta name=\"twitter:label1\" content=\"Temps estimat de lectura\" \/>\n\t<meta name=\"twitter:data1\" content=\"3 minuts\" \/>\n<script type=\"application\/ld+json\" class=\"yoast-schema-graph\">{\"@context\":\"https:\/\/schema.org\",\"@graph\":[{\"@type\":\"WebPage\",\"@id\":\"https:\/\/www.terrassadentalclinic.com\/brackets-esteticos\/\",\"url\":\"https:\/\/www.terrassadentalclinic.com\/brackets-esteticos\/\",\"name\":\"brackets est\u00e8tics\",\"isPartOf\":{\"@id\":\"https:\/\/www.terrassadentalclinic.com\/#website\"},\"datePublished\":\"2014-11-18T08:15:30+00:00\",\"dateModified\":\"2014-12-03T08:19:50+00:00\",\"description\":\"Els brackets est\u00e8tics s\u00f3n una bona alternativa als brackets met\u00e0l\u00b7lics sobretot en adults, ja que s\u00f3n molt m\u00e9s discrets i redueixen l'al.l\u00e8rgia al metall.\",\"breadcrumb\":{\"@id\":\"https:\/\/www.terrassadentalclinic.com\/brackets-esteticos\/#breadcrumb\"},\"inLanguage\":\"ca\",\"potentialAction\":[{\"@type\":\"ReadAction\",\"target\":[\"https:\/\/www.terrassadentalclinic.com\/brackets-esteticos\/\"]}]},{\"@type\":\"BreadcrumbList\",\"@id\":\"https:\/\/www.terrassadentalclinic.com\/brackets-esteticos\/#breadcrumb\",\"itemListElement\":[{\"@type\":\"ListItem\",\"position\":1,\"name\":\"Portada\",\"item\":\"https:\/\/www.terrassadentalclinic.com\/ca\/\"},{\"@type\":\"ListItem\",\"position\":2,\"name\":\"Brackets est\u00e8tics\"}]},{\"@type\":\"WebSite\",\"@id\":\"https:\/\/www.terrassadentalclinic.com\/#website\",\"url\":\"https:\/\/www.terrassadentalclinic.com\/\",\"name\":\"Terrassa Dental Cl\u00ednic\",\"description\":\"\",\"potentialAction\":[{\"@type\":\"SearchAction\",\"target\":{\"@type\":\"EntryPoint\",\"urlTemplate\":\"https:\/\/www.terrassadentalclinic.com\/?s={search_term_string}\"},\"query-input\":{\"@type\":\"PropertyValueSpecification\",\"valueRequired\":true,\"valueName\":\"search_term_string\"}}],\"inLanguage\":\"ca\"}]}<\/script>\n<!-- \/ Yoast SEO plugin. -->","yoast_head_json":{"title":"brackets est\u00e8tics","description":"Els brackets est\u00e8tics s\u00f3n una bona alternativa als brackets met\u00e0l\u00b7lics sobretot en adults, ja que s\u00f3n molt m\u00e9s discrets i redueixen l'al.l\u00e8rgia al metall.","robots":{"index":"index","follow":"follow","max-snippet":"max-snippet:-1","max-image-preview":"max-image-preview:large","max-video-preview":"max-video-preview:-1"},"canonical":"https:\/\/www.terrassadentalclinic.com\/brackets-esteticos\/","og_locale":"ca_ES","og_type":"article","og_title":"brackets est\u00e8tics","og_description":"Els brackets est\u00e8tics s\u00f3n una bona alternativa als brackets met\u00e0l\u00b7lics sobretot en adults, ja que s\u00f3n molt m\u00e9s discrets i redueixen l'al.l\u00e8rgia al metall.","og_url":"https:\/\/www.terrassadentalclinic.com\/brackets-esteticos\/","og_site_name":"Terrassa Dental Cl\u00ednic","article_modified_time":"2014-12-03T08:19:50+00:00","twitter_misc":{"Temps estimat de lectura":"3 minuts"},"schema":{"@context":"https:\/\/schema.org","@graph":[{"@type":"WebPage","@id":"https:\/\/www.terrassadentalclinic.com\/brackets-esteticos\/","url":"https:\/\/www.terrassadentalclinic.com\/brackets-esteticos\/","name":"brackets est\u00e8tics","isPartOf":{"@id":"https:\/\/www.terrassadentalclinic.com\/#website"},"datePublished":"2014-11-18T08:15:30+00:00","dateModified":"2014-12-03T08:19:50+00:00","description":"Els brackets est\u00e8tics s\u00f3n una bona alternativa als brackets met\u00e0l\u00b7lics sobretot en adults, ja que s\u00f3n molt m\u00e9s discrets i redueixen l'al.l\u00e8rgia al metall.","breadcrumb":{"@id":"https:\/\/www.terrassadentalclinic.com\/brackets-esteticos\/#breadcrumb"},"inLanguage":"ca","potentialAction":[{"@type":"ReadAction","target":["https:\/\/www.terrassadentalclinic.com\/brackets-esteticos\/"]}]},{"@type":"BreadcrumbList","@id":"https:\/\/www.terrassadentalclinic.com\/brackets-esteticos\/#breadcrumb","itemListElement":[{"@type":"ListItem","position":1,"name":"Portada","item":"https:\/\/www.terrassadentalclinic.com\/ca\/"},{"@type":"ListItem","position":2,"name":"Brackets est\u00e8tics"}]},{"@type":"WebSite","@id":"https:\/\/www.terrassadentalclinic.com\/#website","url":"https:\/\/www.terrassadentalclinic.com\/","name":"Terrassa Dental Cl\u00ednic","description":"","potentialAction":[{"@type":"SearchAction","target":{"@type":"EntryPoint","urlTemplate":"https:\/\/www.terrassadentalclinic.com\/?s={search_term_string}"},"query-input":{"@type":"PropertyValueSpecification","valueRequired":true,"valueName":"search_term_string"}}],"inLanguage":"ca"}]}},"_links":{"self":[{"href":"https:\/\/www.terrassadentalclinic.com\/ca\/wp-json\/wp\/v2\/pages\/3681","targetHints":{"allow":["GET"]}}],"collection":[{"href":"https:\/\/www.terrassadentalclinic.com\/ca\/wp-json\/wp\/v2\/pages"}],"about":[{"href":"https:\/\/www.terrassadentalclinic.com\/ca\/wp-json\/wp\/v2\/types\/page"}],"author":[{"embeddable":true,"href":"https:\/\/www.terrassadentalclinic.com\/ca\/wp-json\/wp\/v2\/users\/2"}],"replies":[{"embeddable":true,"href":"https:\/\/www.terrassadentalclinic.com\/ca\/wp-json\/wp\/v2\/comments?post=3681"}],"version-history":[{"count":14,"href":"https:\/\/www.terrassadentalclinic.com\/ca\/wp-json\/wp\/v2\/pages\/3681\/revisions"}],"predecessor-version":[{"id":4641,"href":"https:\/\/www.terrassadentalclinic.com\/ca\/wp-json\/wp\/v2\/pages\/3681\/revisions\/4641"}],"wp:attachment":[{"href":"https:\/\/www.terrassadentalclinic.com\/ca\/wp-json\/wp\/v2\/media?parent=3681"}],"curies":[{"name":"wp","href":"https:\/\/api.w.org\/{rel}","templated":true}]}}