{"id":3490,"date":"2014-10-23T08:07:54","date_gmt":"2014-10-23T08:07:54","guid":{"rendered":"http:\/\/wwwterrassadentalclinic.com\/?page_id=3490"},"modified":"2014-12-03T12:39:34","modified_gmt":"2014-12-03T12:39:34","slug":"sobredentadures","status":"publish","type":"page","link":"https:\/\/www.terrassadentalclinic.com\/ca\/sobredentadures\/","title":{"rendered":"Sobredentadures"},"content":{"rendered":"<p>[et_pb_section background_image=&#8221;\/wp-content\/uploads\/2014\/10\/foto-odontologia.jpg&#8221; transparent_background=&#8221;off&#8221; background_color=&#8221;#ffffff&#8221; inner_shadow=&#8221;off&#8221; parallax=&#8221;off&#8221; parallax_method=&#8221;off&#8221; module_id=&#8221;imagen-cabecera&#8221;][et_pb_row][et_pb_column type=&#8221;4_4&#8243;][et_pb_text admin_label=&#8221;Text&#8221; background_layout=&#8221;light&#8221; text_orientation=&#8221;left&#8221; module_id=&#8221;titulos&#8221;]<\/p>\n<h1 id=\"titulo-h1-paginas\">Sobredentadures<\/h1>\n<p>[\/et_pb_text][\/et_pb_column][\/et_pb_row][\/et_pb_section][et_pb_section fullwidth=&#8221;off&#8221; specialty=&#8221;on&#8221;][et_pb_column type=&#8221;3_4&#8243; specialty_columns=&#8221;3&#8243;][et_pb_row_inner][et_pb_column_inner type=&#8221;4_4&#8243;][et_pb_text admin_label=&#8221;Text&#8221; background_layout=&#8221;light&#8221; text_orientation=&#8221;left&#8221;]<\/p>\n<h2>Qu\u00e8 \u00e9s una sobredentadura?<\/h2>\n<p>Es tracta d&#8217;una pr\u00f2tesi completa que es col.loca sobre una s\u00e8rie d&#8217;implants a la boca perqu\u00e8 la seva subjecci\u00f3 i estabilitat sigui millor. La sobredentadura substitueix total o parcialment les peces dentals que s&#8217;han perdut. Tanmateix, est\u00e0 dissenyada amb un material que s&#8217;assembla a la geniva. A m\u00e9s, les dents intenten ser el m\u00e9s naturals possibles perqu\u00e8 la gent no noti la pr\u00f2tesis.<\/p>\n<p>Amb la sobredentadura no nom\u00e9s s&#8217;incrementa la seguretat i est\u00e8tica del teu somriure. Tamb\u00e9 guanyar\u00e0s salut i recuperar\u00e0s la funcionalitat de la teva boca.<\/p>\n<p>&nbsp;<\/p>\n<p>&nbsp;<\/p>\n<p>&nbsp;<\/p>\n<p>&nbsp;[\/et_pb_text][\/et_pb_column_inner][\/et_pb_row_inner][et_pb_row_inner][et_pb_column_inner type=&#8221;1_2&#8243;][et_pb_image admin_label=&#8221;Image&#8221; src=&#8221;\/wp-content\/uploads\/2012\/03\/Depositphotos_3299349_L.jpg&#8221; show_in_lightbox=&#8221;off&#8221; url_new_window=&#8221;off&#8221; animation=&#8221;left&#8221; sticky=&#8221;off&#8221; \/][\/et_pb_column_inner][et_pb_column_inner type=&#8221;1_2&#8243;][et_pb_blurb admin_label=&#8221;Blurb&#8221; title=&#8221;Quan est\u00e0 indicada la sobredentadura?&#8221; url_new_window=&#8221;off&#8221; use_icon=&#8221;on&#8221; font_icon=&#8221;N&#8221; icon_color=&#8221;#1e73be&#8221; use_circle=&#8221;off&#8221; circle_color=&#8221;#7EBEC5&#8243; use_circle_border=&#8221;off&#8221; circle_border_color=&#8221;#7EBEC5&#8243; icon_placement=&#8221;left&#8221; animation=&#8221;off&#8221; background_layout=&#8221;light&#8221; text_orientation=&#8221;center&#8221;]<\/p>\n<div class=\"et_pb_text et_pb_bg_layout_light et_pb_text_align_left\">En aquells casos en que les dents no poden suportar una restauraci\u00f3 fixa o removible convencional.<\/div>\n<p>[\/et_pb_blurb][et_pb_blurb admin_label=&#8221;Blurb&#8221; title=&#8221;Casos especials&#8221; url_new_window=&#8221;off&#8221; use_icon=&#8221;on&#8221; font_icon=&#8221;N&#8221; icon_color=&#8221;#1e73be&#8221; use_circle=&#8221;off&#8221; circle_color=&#8221;#7EBEC5&#8243; use_circle_border=&#8221;off&#8221; circle_border_color=&#8221;#7EBEC5&#8243; icon_placement=&#8221;left&#8221; animation=&#8221;off&#8221; background_layout=&#8221;light&#8221; text_orientation=&#8221;center&#8221;]<\/p>\n<p>Situacions d&#8217;oligod\u00f2ncia, microd\u00f2ncia, amelog\u00e8nesis imperfecta, etc.<\/p>\n<p>[\/et_pb_blurb][et_pb_blurb admin_label=&#8221;Blurb&#8221; title=&#8221;Consells de manteniment&#8221; url_new_window=&#8221;off&#8221; use_icon=&#8221;on&#8221; font_icon=&#8221;N&#8221; icon_color=&#8221;#1e73be&#8221; use_circle=&#8221;off&#8221; circle_color=&#8221;#7EBEC5&#8243; use_circle_border=&#8221;off&#8221; circle_border_color=&#8221;#7EBEC5&#8243; icon_placement=&#8221;left&#8221; animation=&#8221;top&#8221; background_layout=&#8221;light&#8221; text_orientation=&#8221;center&#8221;]<\/p>\n<p>Els pacients han de retirar les seves sobredentadures a la nit i mantenir una bona higiene dental. Tamb\u00e9 s\u00f3n necess\u00e0ries les revisions regulars per assegurar que el tractament segueixi el proc\u00e9s indicat.<\/p>\n<p>[\/et_pb_blurb][\/et_pb_column_inner][\/et_pb_row_inner][et_pb_row_inner][et_pb_column_inner type=&#8221;4_4&#8243;][et_pb_text admin_label=&#8221;Text&#8221; background_layout=&#8221;light&#8221; text_orientation=&#8221;left&#8221;]<\/p>\n<h2 class=\"et_pb_text et_pb_bg_layout_light et_pb_text_align_left\">Quant dura el tractament d&#8217;una sobredentadura?<\/h2>\n<p class=\"et_pb_text et_pb_bg_layout_light et_pb_text_align_left\">Els implants dentals de la sobredentadura es col\u00b7loquen sobre l&#8217;os pel que \u00e9s necessari esperar que cicatritzin les ferides a les genives per posteriorment col\u00b7locar la dentadura. Sol prolongar-se entre uns 3 i 6 mesos de manera que no es pot precisar la data.<\/p>\n<p>[\/et_pb_text][\/et_pb_column_inner][\/et_pb_row_inner][\/et_pb_column][et_pb_column type=&#8221;1_4&#8243;][et_pb_text admin_label=&#8221;Text&#8221; background_layout=&#8221;light&#8221; text_orientation=&#8221;left&#8221;]<\/p>\n<div style=\"background: #DEEAF3;padding-bottom: 33%;padding-left: 7%;padding-right: 7%;padding-top: 5%;width: 125%;\"><img loading=\"lazy\" decoding=\"async\" src=\"\/wp-content\/uploads\/2014\/10\/dentista.jpg\" alt=\"Metge estomat\u00f2leg\" title=\"Dr. Antonio L\u00f3pez\" width=\"133\" height=\"200\" class=\"alignleft size-full wp-image-3964\"><\/p>\n<h4 style=\"text-align: center;margin-top: 19%;\"><strong>Dr. Antonio L\u00f3pez<\/strong><\/h4>\n<p style=\"text-align:center\"><a href=\"\/doctor-jose-lopez\/\">Metge estomat\u00f2leg<\/a><\/p>\n<\/div>\n<p>[\/et_pb_text][et_pb_text admin_label=&#8221;Text&#8221; background_layout=&#8221;light&#8221; text_orientation=&#8221;left&#8221; module_id=&#8221;solicitar-cita&#8221;]<\/p>\n<div style=\"background: #c0dbed; width: 125%; padding: 5% 7% 5% 7%;\">\n<h4 style=\"font-weight: 600;\">Solicitar visita<\/h4>\n<div>\n<p style=\"font-weight: 500;\">LLame ahora para solicitar visita o para cualquier otra consulta al:<\/p>\n<\/div>\n<\/div>\n<div class=\"telephone\">937 894 596<\/div>\n<div style=\"padding-top: 0%; margin-top: -2%; width: 100%; color: #fff; background-color: #9aafbe; font-size: 12px; font-style: normal; line-height: 25px; text-align: center;\"><a style=\"font-size: 17px; color: white;\" href=\"\/contacto\">Pedir cita online<\/a><\/div>\n<p>[\/et_pb_text][\/et_pb_column][\/et_pb_section][et_pb_section fullwidth=&#8221;off&#8221; specialty=&#8221;off&#8221; transparent_background=&#8221;off&#8221; background_color=&#8221;#f7f5ef&#8221; inner_shadow=&#8221;off&#8221; parallax=&#8221;off&#8221; parallax_method=&#8221;off&#8221;][et_pb_row][et_pb_column type=&#8221;1_3&#8243;][et_pb_text admin_label=&#8221;Text&#8221; background_layout=&#8221;light&#8221; text_orientation=&#8221;left&#8221;]<\/p>\n<h3><strong>Direcci\u00f3 de la cl\u00ednica dental<\/strong><\/h3>\n<p>Carrer Col\u00b7legi n\u00ba 1<br \/>\n08221 Terrassa (Barcelona).<\/p>\n<p><strong>Horari de la cl\u00ednica<\/strong><br \/>\nDe Dilluns a Divendres<br \/>\nMatins: 9:00h a 13:00h<br \/>\nTardes: 16:00h a 20:00h<\/p>\n<p><strong>E-mail de contacte<\/strong><br \/>\ncentrodentalegara@gmail.com<\/p>\n<div class=\"telephone\" style=\"margin-top: 15%;\">937 894 596<\/div>\n<p>[\/et_pb_text][\/et_pb_column][et_pb_column type=&#8221;2_3&#8243;][et_pb_map admin_label=&#8221;Map&#8221; zoom_level=&#8221;16&#8243; address_lat=&#8221;41.560295599338104&#8243; address_lng=&#8221;2.0117566164005973&#8243; mouse_wheel=&#8221;on&#8221;][et_pb_map_pin pin_address=&#8221;Carrer Col\u00b7legi, 11, 08221 Tarrasa, Barcelona, Espa\u00f1a&#8221; pin_address_lat=&#8221;41.5599853&#8243; pin_address_lng=&#8221;2.010856399999966&#8243; \/][\/et_pb_map][\/et_pb_column][\/et_pb_row][\/et_pb_section]<\/p>\n","protected":false},"excerpt":{"rendered":"<p><div class=\"et_pb_row et_pb_row_0 et_pb_row_empty\">\n\t\t\t\t\n\t\t\t\t\n\t\t\t\t\n\t\t\t\t\n\t\t\t\t\n\t\t\t<\/div> Sobredentadures Qu\u00e8 \u00e9s una sobredentadura? Es tracta d&#8217;una pr\u00f2tesi completa que es col.loca sobre una s\u00e8rie d&#8217;implants a la boca perqu\u00e8 la seva subjecci\u00f3 i estabilitat sigui millor. La sobredentadura substitueix total o parcialment les peces dentals que s&#8217;han perdut. Tanmateix, est\u00e0 dissenyada amb un material que s&#8217;assembla a la geniva. A m\u00e9s, les [&hellip;]<\/p>\n","protected":false},"author":2,"featured_media":0,"parent":0,"menu_order":0,"comment_status":"closed","ping_status":"closed","template":"","meta":{"_et_pb_use_builder":"on","_et_pb_old_content":"","_et_gb_content_width":"","footnotes":""},"class_list":["post-3490","page","type-page","status-publish","hentry"],"yoast_head":"<!-- This site is optimized with the Yoast SEO plugin v27.2 - https:\/\/yoast.com\/product\/yoast-seo-wordpress\/ -->\n<title>Torna a gaudir de la salut dental amb les sobredentadures.<\/title>\n<meta name=\"description\" content=\"A Terrassa Dental Cl\u00ednic tenim la soluci\u00f3 per la p\u00e8rdua de la dentadura: les sobredentadures, la combinaci\u00f3 perfecta d&#039;implants y pr\u00f2tesi dental.\" \/>\n<meta name=\"robots\" content=\"index, follow, max-snippet:-1, max-image-preview:large, max-video-preview:-1\" \/>\n<link rel=\"canonical\" href=\"https:\/\/www.terrassadentalclinic.com\/sobredentaduras\/\" \/>\n<meta property=\"og:locale\" content=\"ca_ES\" \/>\n<meta property=\"og:type\" content=\"article\" \/>\n<meta property=\"og:title\" content=\"Torna a gaudir de la salut dental amb les sobredentadures.\" \/>\n<meta property=\"og:description\" content=\"A Terrassa Dental Cl\u00ednic tenim la soluci\u00f3 per la p\u00e8rdua de la dentadura: les sobredentadures, la combinaci\u00f3 perfecta d&#039;implants y pr\u00f2tesi dental.\" \/>\n<meta property=\"og:url\" content=\"https:\/\/www.terrassadentalclinic.com\/sobredentaduras\/\" \/>\n<meta property=\"og:site_name\" content=\"Terrassa Dental Cl\u00ednic\" \/>\n<meta property=\"article:modified_time\" content=\"2014-12-03T12:39:34+00:00\" \/>\n<meta name=\"twitter:label1\" content=\"Temps estimat de lectura\" \/>\n\t<meta name=\"twitter:data1\" content=\"4 minuts\" \/>\n<script type=\"application\/ld+json\" class=\"yoast-schema-graph\">{\"@context\":\"https:\/\/schema.org\",\"@graph\":[{\"@type\":\"WebPage\",\"@id\":\"https:\/\/www.terrassadentalclinic.com\/sobredentaduras\/\",\"url\":\"https:\/\/www.terrassadentalclinic.com\/sobredentaduras\/\",\"name\":\"Torna a gaudir de la salut dental amb les sobredentadures.\",\"isPartOf\":{\"@id\":\"https:\/\/www.terrassadentalclinic.com\/#website\"},\"datePublished\":\"2014-10-23T08:07:54+00:00\",\"dateModified\":\"2014-12-03T12:39:34+00:00\",\"description\":\"A Terrassa Dental Cl\u00ednic tenim la soluci\u00f3 per la p\u00e8rdua de la dentadura: les sobredentadures, la combinaci\u00f3 perfecta d'implants y pr\u00f2tesi dental.\",\"breadcrumb\":{\"@id\":\"https:\/\/www.terrassadentalclinic.com\/sobredentaduras\/#breadcrumb\"},\"inLanguage\":\"ca\",\"potentialAction\":[{\"@type\":\"ReadAction\",\"target\":[\"https:\/\/www.terrassadentalclinic.com\/sobredentaduras\/\"]}]},{\"@type\":\"BreadcrumbList\",\"@id\":\"https:\/\/www.terrassadentalclinic.com\/sobredentaduras\/#breadcrumb\",\"itemListElement\":[{\"@type\":\"ListItem\",\"position\":1,\"name\":\"Portada\",\"item\":\"https:\/\/www.terrassadentalclinic.com\/ca\/\"},{\"@type\":\"ListItem\",\"position\":2,\"name\":\"Sobredentadures\"}]},{\"@type\":\"WebSite\",\"@id\":\"https:\/\/www.terrassadentalclinic.com\/#website\",\"url\":\"https:\/\/www.terrassadentalclinic.com\/\",\"name\":\"Terrassa Dental Cl\u00ednic\",\"description\":\"\",\"potentialAction\":[{\"@type\":\"SearchAction\",\"target\":{\"@type\":\"EntryPoint\",\"urlTemplate\":\"https:\/\/www.terrassadentalclinic.com\/?s={search_term_string}\"},\"query-input\":{\"@type\":\"PropertyValueSpecification\",\"valueRequired\":true,\"valueName\":\"search_term_string\"}}],\"inLanguage\":\"ca\"}]}<\/script>\n<!-- \/ Yoast SEO plugin. -->","yoast_head_json":{"title":"Torna a gaudir de la salut dental amb les sobredentadures.","description":"A Terrassa Dental Cl\u00ednic tenim la soluci\u00f3 per la p\u00e8rdua de la dentadura: les sobredentadures, la combinaci\u00f3 perfecta d'implants y pr\u00f2tesi dental.","robots":{"index":"index","follow":"follow","max-snippet":"max-snippet:-1","max-image-preview":"max-image-preview:large","max-video-preview":"max-video-preview:-1"},"canonical":"https:\/\/www.terrassadentalclinic.com\/sobredentaduras\/","og_locale":"ca_ES","og_type":"article","og_title":"Torna a gaudir de la salut dental amb les sobredentadures.","og_description":"A Terrassa Dental Cl\u00ednic tenim la soluci\u00f3 per la p\u00e8rdua de la dentadura: les sobredentadures, la combinaci\u00f3 perfecta d'implants y pr\u00f2tesi dental.","og_url":"https:\/\/www.terrassadentalclinic.com\/sobredentaduras\/","og_site_name":"Terrassa Dental Cl\u00ednic","article_modified_time":"2014-12-03T12:39:34+00:00","twitter_misc":{"Temps estimat de lectura":"4 minuts"},"schema":{"@context":"https:\/\/schema.org","@graph":[{"@type":"WebPage","@id":"https:\/\/www.terrassadentalclinic.com\/sobredentaduras\/","url":"https:\/\/www.terrassadentalclinic.com\/sobredentaduras\/","name":"Torna a gaudir de la salut dental amb les sobredentadures.","isPartOf":{"@id":"https:\/\/www.terrassadentalclinic.com\/#website"},"datePublished":"2014-10-23T08:07:54+00:00","dateModified":"2014-12-03T12:39:34+00:00","description":"A Terrassa Dental Cl\u00ednic tenim la soluci\u00f3 per la p\u00e8rdua de la dentadura: les sobredentadures, la combinaci\u00f3 perfecta d'implants y pr\u00f2tesi dental.","breadcrumb":{"@id":"https:\/\/www.terrassadentalclinic.com\/sobredentaduras\/#breadcrumb"},"inLanguage":"ca","potentialAction":[{"@type":"ReadAction","target":["https:\/\/www.terrassadentalclinic.com\/sobredentaduras\/"]}]},{"@type":"BreadcrumbList","@id":"https:\/\/www.terrassadentalclinic.com\/sobredentaduras\/#breadcrumb","itemListElement":[{"@type":"ListItem","position":1,"name":"Portada","item":"https:\/\/www.terrassadentalclinic.com\/ca\/"},{"@type":"ListItem","position":2,"name":"Sobredentadures"}]},{"@type":"WebSite","@id":"https:\/\/www.terrassadentalclinic.com\/#website","url":"https:\/\/www.terrassadentalclinic.com\/","name":"Terrassa Dental Cl\u00ednic","description":"","potentialAction":[{"@type":"SearchAction","target":{"@type":"EntryPoint","urlTemplate":"https:\/\/www.terrassadentalclinic.com\/?s={search_term_string}"},"query-input":{"@type":"PropertyValueSpecification","valueRequired":true,"valueName":"search_term_string"}}],"inLanguage":"ca"}]}},"_links":{"self":[{"href":"https:\/\/www.terrassadentalclinic.com\/ca\/wp-json\/wp\/v2\/pages\/3490","targetHints":{"allow":["GET"]}}],"collection":[{"href":"https:\/\/www.terrassadentalclinic.com\/ca\/wp-json\/wp\/v2\/pages"}],"about":[{"href":"https:\/\/www.terrassadentalclinic.com\/ca\/wp-json\/wp\/v2\/types\/page"}],"author":[{"embeddable":true,"href":"https:\/\/www.terrassadentalclinic.com\/ca\/wp-json\/wp\/v2\/users\/2"}],"replies":[{"embeddable":true,"href":"https:\/\/www.terrassadentalclinic.com\/ca\/wp-json\/wp\/v2\/comments?post=3490"}],"version-history":[{"count":11,"href":"https:\/\/www.terrassadentalclinic.com\/ca\/wp-json\/wp\/v2\/pages\/3490\/revisions"}],"predecessor-version":[{"id":4680,"href":"https:\/\/www.terrassadentalclinic.com\/ca\/wp-json\/wp\/v2\/pages\/3490\/revisions\/4680"}],"wp:attachment":[{"href":"https:\/\/www.terrassadentalclinic.com\/ca\/wp-json\/wp\/v2\/media?parent=3490"}],"curies":[{"name":"wp","href":"https:\/\/api.w.org\/{rel}","templated":true}]}}