{"id":3486,"date":"2014-10-23T07:30:16","date_gmt":"2014-10-23T07:30:16","guid":{"rendered":"http:\/\/wwwterrassadentalclinic.com\/?page_id=3486"},"modified":"2015-04-08T07:35:48","modified_gmt":"2015-04-08T07:35:48","slug":"inici","status":"publish","type":"page","link":"https:\/\/www.terrassadentalclinic.com\/ca\/","title":{"rendered":"Inici"},"content":{"rendered":"<p>[et_pb_section fullwidth=&#8221;on&#8221; specialty=&#8221;off&#8221; transparent_background=&#8221;on&#8221; background_color=&#8221;#ffffff&#8221; inner_shadow=&#8221;off&#8221; parallax=&#8221;off&#8221; parallax_method=&#8221;off&#8221;][et_pb_fullwidth_slider admin_label=&#8221;Fullwidth Slider&#8221; show_arrows=&#8221;on&#8221; show_pagination=&#8221;off&#8221; auto=&#8221;on&#8221; parallax=&#8221;off&#8221; parallax_method=&#8221;off&#8221; auto_speed=&#8221;7000&#8243;][et_pb_slide background_image=&#8221;http:\/\/www.terrassadentalclinic.com\/wp-content\/uploads\/2014\/10\/slider_implantesdentales.jpg&#8221; background_color=&#8221;#ffffff&#8221; alignment=&#8221;center&#8221; background_layout=&#8221;dark&#8221;]<\/p>\n<div id=\"texto-home\">\n<h2 style=\"color: white;\"><span style=\"font-size: 26px; line-height: 0px;\">Gaudeix del menjar!<\/span><br \/>\n<strong> Implants dentals<\/strong><\/h2>\n<p style=\"color: white;\">Gr\u00e0cies a la implantologia torna a menjar els aliments que vas deixar de menjar per la falta de dents.<\/p>\n<\/div>\n<p><a id=\"boton-slider\" style=\"margin-left: -1%;\" href=\"\/ca\/implants-dentals\/\">M\u00e9s informaci\u00f3<\/a>[\/et_pb_slide][et_pb_slide background_image=&#8221;\/wp-content\/uploads\/2014\/10\/slider_tecnologiadental_blanqueamiento1.jpg&#8221; background_color=&#8221;#ffffff&#8221; alignment=&#8221;center&#8221; background_layout=&#8221;dark&#8221;]<\/p>\n<div id=\"texto-home\" style=\"padding-left: 2%; padding-right: 2%;\">\n<h2 style=\"color: white;\"><span id=\"span-home\" style=\" line-height: 0px;\">Aconsegueix unes dents blanques!<\/span><br \/><strong>Blanquejament dental<\/strong><\/h2>\n<p style=\"color: white;\">Coneix la tecnologia que utilitzem per a que tinguis unes dents blanques i boniques.<\/p>\n<\/div>\n<p><a id=\"boton-slider\" style=\"margin-left: 2%;\" href=\"\/blanquejament-dental\/\">M\u00e9s informaci\u00f3<\/a><\/p>\n<p>[\/et_pb_slide][et_pb_slide background_image=&#8221;http:\/\/www.terrassadentalclinic.com\/wp-content\/uploads\/2014\/10\/sliderHome-pide-cita-online.jpg&#8221; background_color=&#8221;#ffffff&#8221; alignment=&#8221;center&#8221; background_layout=&#8221;dark&#8221;]<\/p>\n<div id=\"texto-home\">\n<h2 style=\"color: white;\"><span id=\"span-home\" style=\" line-height: 0px;\">Recupera el somriure!<\/span><br \/><span style=\"font-size: 34px;\">Ara pots demanar una<\/span><br \/><strong> cita online<\/strong><\/h2>\n<p style=\"color: white;\">No deixis que la teva boca et tregui el teu somriure!<\/p>\n<\/div>\n<p><a id=\"boton-slider\" style=\"margin-left: 2%;\" href=\"\/contacte\/\">Sol\u00b7licita cita online<\/a><\/p>\n<p>[\/et_pb_slide][\/et_pb_fullwidth_slider][\/et_pb_section][et_pb_section][et_pb_row][et_pb_column type=&#8221;4_4&#8243;][et_pb_text admin_label=&#8221;Text&#8221; background_layout=&#8221;light&#8221; text_orientation=&#8221;center&#8221;]<\/p>\n<h1 style=\"margin-top: -5%;\"><em>&#8220;La teva cl\u00ednica dental de confian\u00e7a a Terrassa&#8221;<\/em><\/h1>\n<p>[\/et_pb_text][\/et_pb_column][\/et_pb_row][et_pb_row][et_pb_column type=&#8221;1_3&#8243;][et_pb_text admin_label=&#8221;Text&#8221; background_layout=&#8221;light&#8221; text_orientation=&#8221;left&#8221;]<h2 class=\"display-posts-title\">\u00daltima not\u00edcia<\/h2>\n<ul class=\"display-posts-listing\"><li class=\"listing-item\"><a class=\"image\" href=\"https:\/\/www.terrassadentalclinic.com\/ca\/tu-i-el-teu-raspall-de-dents\/\"><img loading=\"lazy\" decoding=\"async\" width=\"800\" height=\"290\" src=\"https:\/\/www.terrassadentalclinic.com\/wp-content\/uploads\/2015\/03\/tu_cepillo_dientes.jpg\" class=\"attachment-default size-default wp-post-image\" alt=\"T\u00fa y tu cepillo de dientes\" srcset=\"https:\/\/www.terrassadentalclinic.com\/wp-content\/uploads\/2015\/03\/tu_cepillo_dientes.jpg 800w, https:\/\/www.terrassadentalclinic.com\/wp-content\/uploads\/2015\/03\/tu_cepillo_dientes-300x108.jpg 300w\" sizes=\"(max-width: 800px) 100vw, 800px\" \/><\/a> <a class=\"title\" href=\"https:\/\/www.terrassadentalclinic.com\/ca\/tu-i-el-teu-raspall-de-dents\/\">Tu i el teu raspall de dents<\/a> <span class=\"excerpt-dash\">-<\/span> <span class=\"excerpt\">Quin tipus de raspall de dents utilitzes? Creus que \u00e9s el m\u00e9s apropiat per la teva dentadura? En el seg\u00fcent article et donem alguns consells. <a href=\"\/tu-i-el-teu-raspall-de-dents\/\">Llegir m\u00e9s<\/a><\/span><\/li><\/ul>[\/et_pb_text][\/et_pb_column][et_pb_column type=&#8221;1_3&#8243;][et_pb_text admin_label=&#8221;Text&#8221; background_layout=&#8221;light&#8221; text_orientation=&#8221;left&#8221;][\/et_pb_text][\/et_pb_column][et_pb_column type=&#8221;1_3&#8243;][et_pb_text admin_label=&#8221;Text&#8221; background_layout=&#8221;light&#8221; text_orientation=&#8221;left&#8221;]<\/p>\n<h2 style=\"font-weight: bold;color: #538ac8;border-bottom: 1px solid #C0C0C0;font-size: 36px;letter-spacing: -4px;\"><img decoding=\"async\" style=\"vertical-align: sub;width: 65px;margin-top: 12px;padding-right: 15px;\" src=\"\/wp-content\/uploads\/2015\/01\/logo-newsletter-tdc.png\" alt=\"Newsletter\">Newsletter<\/h2>\n<p><!-- Begin MailChimp Signup Form -->\n<link href=\"\/\/cdn-images.mailchimp.com\/embedcode\/classic-081711.css\" rel=\"stylesheet\" type=\"text\/css\">\n<style type=\"text\/css\">\n    #mc_embed_signup{background:#fff; clear:left; font:14px Helvetica,Arial,sans-serif; }\n    \/* Add your own MailChimp form style overrides in your site stylesheet or in this style block.\n       We recommend moving this block and the preceding CSS link to the HEAD of your HTML file. *\/\n<\/style>\n<div id=\"mc_embed_signup\">\n<form action=\"\/\/terrassadentalclinic.us10.list-manage.com\/subscribe\/post?u=acc70b1d0457bf900bde6f125&amp;id=659434cd05\" method=\"post\" id=\"mc-embedded-subscribe-form\" name=\"mc-embedded-subscribe-form\" class=\"validate\" target=\"_blank\" novalidate=\"\">\n<div id=\"mc_embed_signup_scroll\">\n<p>Apunta&#8217;t a la nostra newsletter per estar al dia de les novetats de la cl\u00ednica.<\/p>\n<div class=\"mc-field-group\">\n    <label for=\"mce-EMAIL\">Correu electr\u00f2nic <\/label><br \/>\n    <input type=\"email\" value=\"\" name=\"EMAIL\" class=\"required email\" id=\"mce-EMAIL\">\n<\/div>\n<div style=\"display: none !important;\" class=\"mc-field-group input-group\">\n    <strong>Idioma <\/strong><\/p>\n<ul>\n<li><input type=\"radio\" value=\"Espa\u00f1ol\" name=\"MMERGE3\" id=\"mce-MMERGE3-0\"><label for=\"mce-MMERGE3-0\">Espa\u00f1ol<\/label><\/li>\n<li><input type=\"radio\" value=\"Catal\u00e0\" name=\"MMERGE3\" id=\"mce-MMERGE3-1\"><label for=\"mce-MMERGE3-1\" checked=\"\">Catal\u00e0<\/label><\/li>\n<\/ul>\n<\/div>\n<div id=\"mce-responses\" class=\"clear\">\n<div class=\"response\" id=\"mce-error-response\" style=\"display:none\"><\/div>\n<div class=\"response\" id=\"mce-success-response\" style=\"display:none\"><\/div>\n<\/p><\/div>\n<p>    <!-- real people should not fill this in and expect good things - do not remove this or risk form bot signups--><\/p>\n<p style=\"font-size: 10px;\">Si li d\u00f3nes al bot\u00f3 &#8220;Subscriu-te&#8221;, estas acceptant les <a href=\"\/ca\/avis-legal\/\">condicions d&#8217;\u00fas<\/a><\/p>\n<div style=\"position: absolute; left: -5000px;\"><input type=\"text\" name=\"b_acc70b1d0457bf900bde6f125_659434cd05\" tabindex=\"-1\" value=\"\"><\/div>\n<div class=\"clear\"><input type=\"submit\" value=\"subscriu-te\" name=\"subscribe\" id=\"mc-embedded-subscribe\" class=\"button\"><\/div>\n<\/p><\/div>\n<\/form>\n<\/div>\n<p><script type=\"text\/javascript\" src=\"\/\/s3.amazonaws.com\/downloads.mailchimp.com\/js\/mc-validate.js\"><\/script><script type=\"text\/javascript\">(function($) {window.fnames = new Array(); window.ftypes = new Array();fnames[0]='EMAIL';ftypes[0]='email';fnames[1]='FNAME';ftypes[1]='text';fnames[2]='LNAME';ftypes[2]='text';fnames[3]='MMERGE3';ftypes[3]='radio'; \/*\n * Translated default messages for the $ validation plugin.\n * Locale: ES\n *\/\n$.extend($.validator.messages, {\n  required: \"Este campo es obligatorio.\",\n  remote: \"Por favor, rellena este campo.\",\n  email: \"Por favor, escribe una direcci\u00f3n de correo v\u00e1lida\",\n  url: \"Por favor, escribe una URL v\u00e1lida.\",\n  date: \"Por favor, escribe una fecha v\u00e1lida.\",\n  dateISO: \"Por favor, escribe una fecha (ISO) v\u00e1lida.\",\n  number: \"Por favor, escribe un n\u00famero entero v\u00e1lido.\",\n  digits: \"Por favor, escribe s\u00f3lo d\u00edgitos.\",\n  creditcard: \"Por favor, escribe un n\u00famero de tarjeta v\u00e1lido.\",\n  equalTo: \"Por favor, escribe el mismo valor de nuevo.\",\n  accept: \"Por favor, escribe un valor con una extensi\u00f3n aceptada.\",\n  maxlength: $.validator.format(\"Por favor, no escribas m\u00e1s de {0} caracteres.\"),\n  minlength: $.validator.format(\"Por favor, no escribas menos de {0} caracteres.\"),\n  rangelength: $.validator.format(\"Por favor, escribe un valor entre {0} y {1} caracteres.\"),\n  range: $.validator.format(\"Por favor, escribe un valor entre {0} y {1}.\"),\n  max: $.validator.format(\"Por favor, escribe un valor menor o igual a {0}.\"),\n  min: $.validator.format(\"Por favor, escribe un valor mayor o igual a {0}.\")\n});}(jQuery));var $mcj = jQuery.noConflict(true);<\/script><br \/>\n<!--End mc_embed_signup-->[\/et_pb_text][\/et_pb_column][\/et_pb_row][\/et_pb_section][et_pb_section fullwidth=&#8221;off&#8221; specialty=&#8221;off&#8221; transparent_background=&#8221;off&#8221; background_color=&#8221;#f7f5ef&#8221; inner_shadow=&#8221;off&#8221; parallax=&#8221;off&#8221; parallax_method=&#8221;off&#8221; module_id=&#8221;mapa-home&#8221;][et_pb_row][et_pb_column type=&#8221;1_3&#8243;][et_pb_text admin_label=&#8221;Text&#8221; background_layout=&#8221;light&#8221; text_orientation=&#8221;left&#8221;]<\/p>\n<h3><strong>Direcci\u00f3 de la cl\u00ednica dental<\/strong><\/h3>\n<p>Carrer Col\u00b7legi n\u00ba 1<br \/>\n08221 Terrassa (Barcelona).<\/p>\n<p><strong>Horari de la cl\u00ednica<\/strong><br \/>\nDe Dilluns a Divendres<br \/>\nMatins: 9:00h a 13:00h<br \/>\nTardes: 16:00h a 20:00h<\/p>\n<p><strong>E-mail de contacte<\/strong><br \/>\ncentrodentalegara@gmail.com<\/p>\n<div style=\"margin-top: 15%;\" class=\"telephone\">937 894 596<\/div>\n<p>[\/et_pb_text][\/et_pb_column][et_pb_column type=&#8221;2_3&#8243;][et_pb_map admin_label=&#8221;Map&#8221; zoom_level=&#8221;16&#8243; address_lat=&#8221;41.560574159910644&#8243; address_lng=&#8221;2.010699010756536&#8243; mouse_wheel=&#8221;off&#8221;][et_pb_map_pin title=&#8221;Terrassa Dental Clinic&#8221; pin_address=&#8221;Carrer Col\u00b7legi, 1, 08221 Tarrasa, Barcelona, Espa\u00f1a&#8221; pin_address_lat=&#8221;41.560735&#8243; pin_address_lng=&#8221;2.0105705999999373&#8243;]Terrassa dental clinic[\/et_pb_map_pin][\/et_pb_map][\/et_pb_column][\/et_pb_row][\/et_pb_section]<\/p>\n","protected":false},"excerpt":{"rendered":"<p>[et_pb_section fullwidth=&#8221;on&#8221; specialty=&#8221;off&#8221; transparent_background=&#8221;on&#8221; background_color=&#8221;#ffffff&#8221; inner_shadow=&#8221;off&#8221; parallax=&#8221;off&#8221; parallax_method=&#8221;off&#8221;][et_pb_fullwidth_slider admin_label=&#8221;Fullwidth Slider&#8221; show_arrows=&#8221;on&#8221; show_pagination=&#8221;off&#8221; auto=&#8221;on&#8221; parallax=&#8221;off&#8221; parallax_method=&#8221;off&#8221; auto_speed=&#8221;7000&#8243;][et_pb_slide background_image=&#8221;http:\/\/www.terrassadentalclinic.com\/wp-content\/uploads\/2014\/10\/slider_implantesdentales.jpg&#8221; background_color=&#8221;#ffffff&#8221; alignment=&#8221;center&#8221; background_layout=&#8221;dark&#8221;] Gaudeix del menjar! Implants dentals Gr\u00e0cies a la implantologia torna a menjar els aliments que vas deixar de menjar per la falta de dents. M\u00e9s informaci\u00f3[\/et_pb_slide][et_pb_slide background_image=&#8221;\/wp-content\/uploads\/2014\/10\/slider_tecnologiadental_blanqueamiento1.jpg&#8221; background_color=&#8221;#ffffff&#8221; alignment=&#8221;center&#8221; background_layout=&#8221;dark&#8221;] Aconsegueix unes dents blanques!Blanquejament dental [&hellip;]<\/p>\n","protected":false},"author":2,"featured_media":0,"parent":0,"menu_order":0,"comment_status":"closed","ping_status":"closed","template":"","meta":{"_et_pb_use_builder":"on","_et_pb_old_content":"[et_pb_section fullwidth=\"on\" specialty=\"off\"][\/et_pb_section][et_pb_section][et_pb_row][et_pb_column type=\"1_3\"][\/et_pb_column][et_pb_column type=\"1_3\"][\/et_pb_column][et_pb_column type=\"1_3\"][\/et_pb_column][\/et_pb_row][\/et_pb_section]","_et_gb_content_width":"","footnotes":""},"class_list":["post-3486","page","type-page","status-publish","hentry"],"yoast_head":"<!-- This site is optimized with the Yoast SEO plugin v27.2 - https:\/\/yoast.com\/product\/yoast-seo-wordpress\/ -->\n<title>Cl\u00ednica dental a Terrassa - Terrassa Dental Clinic<\/title>\n<meta name=\"description\" content=\"La cl\u00ednica dental Terrassa Dental Clinic est\u00e0 a Terrassa on fem que recuperis el teu somriure gr\u00e0cies: implants dentals, brackets, invisalign, infantil...\" \/>\n<meta name=\"robots\" content=\"index, follow, max-snippet:-1, max-image-preview:large, max-video-preview:-1\" \/>\n<link rel=\"canonical\" href=\"https:\/\/www.terrassadentalclinic.com\/ca\/\" \/>\n<meta property=\"og:locale\" content=\"ca_ES\" \/>\n<meta property=\"og:type\" content=\"article\" \/>\n<meta property=\"og:title\" content=\"Cl\u00ednica dental a Terrassa - Terrassa Dental Clinic\" \/>\n<meta property=\"og:description\" content=\"La cl\u00ednica dental Terrassa Dental Clinic est\u00e0 a Terrassa on fem que recuperis el teu somriure gr\u00e0cies: implants dentals, brackets, invisalign, infantil...\" \/>\n<meta property=\"og:url\" content=\"https:\/\/www.terrassadentalclinic.com\/ca\/\" \/>\n<meta property=\"og:site_name\" content=\"Terrassa Dental Cl\u00ednic\" \/>\n<meta property=\"article:modified_time\" content=\"2015-04-08T07:35:48+00:00\" \/>\n<meta name=\"twitter:label1\" content=\"Temps estimat de lectura\" \/>\n\t<meta name=\"twitter:data1\" content=\"3 minuts\" \/>\n<script type=\"application\/ld+json\" class=\"yoast-schema-graph\">{\"@context\":\"https:\/\/schema.org\",\"@graph\":[{\"@type\":\"WebPage\",\"@id\":\"https:\/\/www.terrassadentalclinic.com\/ca\/\",\"url\":\"https:\/\/www.terrassadentalclinic.com\/ca\/\",\"name\":\"Cl\u00ednica dental a Terrassa - Terrassa Dental Clinic\",\"isPartOf\":{\"@id\":\"https:\/\/www.terrassadentalclinic.com\/#website\"},\"datePublished\":\"2014-10-23T07:30:16+00:00\",\"dateModified\":\"2015-04-08T07:35:48+00:00\",\"description\":\"La cl\u00ednica dental Terrassa Dental Clinic est\u00e0 a Terrassa on fem que recuperis el teu somriure gr\u00e0cies: implants dentals, brackets, invisalign, infantil...\",\"breadcrumb\":{\"@id\":\"https:\/\/www.terrassadentalclinic.com\/ca\/#breadcrumb\"},\"inLanguage\":\"ca\",\"potentialAction\":[{\"@type\":\"ReadAction\",\"target\":[\"https:\/\/www.terrassadentalclinic.com\/ca\/\"]}]},{\"@type\":\"BreadcrumbList\",\"@id\":\"https:\/\/www.terrassadentalclinic.com\/ca\/#breadcrumb\",\"itemListElement\":[{\"@type\":\"ListItem\",\"position\":1,\"name\":\"Portada\",\"item\":\"https:\/\/www.terrassadentalclinic.com\/ca\/\"},{\"@type\":\"ListItem\",\"position\":2,\"name\":\"Inici\"}]},{\"@type\":\"WebSite\",\"@id\":\"https:\/\/www.terrassadentalclinic.com\/#website\",\"url\":\"https:\/\/www.terrassadentalclinic.com\/\",\"name\":\"Terrassa Dental Cl\u00ednic\",\"description\":\"\",\"potentialAction\":[{\"@type\":\"SearchAction\",\"target\":{\"@type\":\"EntryPoint\",\"urlTemplate\":\"https:\/\/www.terrassadentalclinic.com\/?s={search_term_string}\"},\"query-input\":{\"@type\":\"PropertyValueSpecification\",\"valueRequired\":true,\"valueName\":\"search_term_string\"}}],\"inLanguage\":\"ca\"}]}<\/script>\n<!-- \/ Yoast SEO plugin. -->","yoast_head_json":{"title":"Cl\u00ednica dental a Terrassa - Terrassa Dental Clinic","description":"La cl\u00ednica dental Terrassa Dental Clinic est\u00e0 a Terrassa on fem que recuperis el teu somriure gr\u00e0cies: implants dentals, brackets, invisalign, infantil...","robots":{"index":"index","follow":"follow","max-snippet":"max-snippet:-1","max-image-preview":"max-image-preview:large","max-video-preview":"max-video-preview:-1"},"canonical":"https:\/\/www.terrassadentalclinic.com\/ca\/","og_locale":"ca_ES","og_type":"article","og_title":"Cl\u00ednica dental a Terrassa - Terrassa Dental Clinic","og_description":"La cl\u00ednica dental Terrassa Dental Clinic est\u00e0 a Terrassa on fem que recuperis el teu somriure gr\u00e0cies: implants dentals, brackets, invisalign, infantil...","og_url":"https:\/\/www.terrassadentalclinic.com\/ca\/","og_site_name":"Terrassa Dental Cl\u00ednic","article_modified_time":"2015-04-08T07:35:48+00:00","twitter_misc":{"Temps estimat de lectura":"3 minuts"},"schema":{"@context":"https:\/\/schema.org","@graph":[{"@type":"WebPage","@id":"https:\/\/www.terrassadentalclinic.com\/ca\/","url":"https:\/\/www.terrassadentalclinic.com\/ca\/","name":"Cl\u00ednica dental a Terrassa - Terrassa Dental Clinic","isPartOf":{"@id":"https:\/\/www.terrassadentalclinic.com\/#website"},"datePublished":"2014-10-23T07:30:16+00:00","dateModified":"2015-04-08T07:35:48+00:00","description":"La cl\u00ednica dental Terrassa Dental Clinic est\u00e0 a Terrassa on fem que recuperis el teu somriure gr\u00e0cies: implants dentals, brackets, invisalign, infantil...","breadcrumb":{"@id":"https:\/\/www.terrassadentalclinic.com\/ca\/#breadcrumb"},"inLanguage":"ca","potentialAction":[{"@type":"ReadAction","target":["https:\/\/www.terrassadentalclinic.com\/ca\/"]}]},{"@type":"BreadcrumbList","@id":"https:\/\/www.terrassadentalclinic.com\/ca\/#breadcrumb","itemListElement":[{"@type":"ListItem","position":1,"name":"Portada","item":"https:\/\/www.terrassadentalclinic.com\/ca\/"},{"@type":"ListItem","position":2,"name":"Inici"}]},{"@type":"WebSite","@id":"https:\/\/www.terrassadentalclinic.com\/#website","url":"https:\/\/www.terrassadentalclinic.com\/","name":"Terrassa Dental Cl\u00ednic","description":"","potentialAction":[{"@type":"SearchAction","target":{"@type":"EntryPoint","urlTemplate":"https:\/\/www.terrassadentalclinic.com\/?s={search_term_string}"},"query-input":{"@type":"PropertyValueSpecification","valueRequired":true,"valueName":"search_term_string"}}],"inLanguage":"ca"}]}},"_links":{"self":[{"href":"https:\/\/www.terrassadentalclinic.com\/ca\/wp-json\/wp\/v2\/pages\/3486","targetHints":{"allow":["GET"]}}],"collection":[{"href":"https:\/\/www.terrassadentalclinic.com\/ca\/wp-json\/wp\/v2\/pages"}],"about":[{"href":"https:\/\/www.terrassadentalclinic.com\/ca\/wp-json\/wp\/v2\/types\/page"}],"author":[{"embeddable":true,"href":"https:\/\/www.terrassadentalclinic.com\/ca\/wp-json\/wp\/v2\/users\/2"}],"replies":[{"embeddable":true,"href":"https:\/\/www.terrassadentalclinic.com\/ca\/wp-json\/wp\/v2\/comments?post=3486"}],"version-history":[{"count":51,"href":"https:\/\/www.terrassadentalclinic.com\/ca\/wp-json\/wp\/v2\/pages\/3486\/revisions"}],"predecessor-version":[{"id":5065,"href":"https:\/\/www.terrassadentalclinic.com\/ca\/wp-json\/wp\/v2\/pages\/3486\/revisions\/5065"}],"wp:attachment":[{"href":"https:\/\/www.terrassadentalclinic.com\/ca\/wp-json\/wp\/v2\/media?parent=3486"}],"curies":[{"name":"wp","href":"https:\/\/api.w.org\/{rel}","templated":true}]}}