{"id":3482,"date":"2014-10-23T07:27:09","date_gmt":"2014-10-23T07:27:09","guid":{"rendered":"http:\/\/wwwterrassadentalclinic.com\/?page_id=3482"},"modified":"2014-12-03T12:41:16","modified_gmt":"2014-12-03T12:41:16","slug":"protesis-en-implants","status":"publish","type":"page","link":"https:\/\/www.terrassadentalclinic.com\/ca\/protesis-en-implants\/","title":{"rendered":"Pr\u00f2tesis en implants"},"content":{"rendered":"<p>[et_pb_section background_image=&#8221;\/wp-content\/uploads\/2014\/10\/foto-odontologia.jpg&#8221; transparent_background=&#8221;off&#8221; background_color=&#8221;#ffffff&#8221; inner_shadow=&#8221;off&#8221; parallax=&#8221;off&#8221; parallax_method=&#8221;off&#8221; module_id=&#8221;imagen-cabecera&#8221;][et_pb_row][et_pb_column type=&#8221;4_4&#8243;][et_pb_text admin_label=&#8221;Text&#8221; background_layout=&#8221;light&#8221; text_orientation=&#8221;left&#8221; module_id=&#8221;titulos&#8221;]<\/p>\n<h1 id=\"titulo-h1-paginas\">Pr\u00f2tesis en implants<\/h1>\n<p>[\/et_pb_text][\/et_pb_column][\/et_pb_row][\/et_pb_section][et_pb_section fullwidth=&#8221;off&#8221; specialty=&#8221;on&#8221;][et_pb_column type=&#8221;3_4&#8243; specialty_columns=&#8221;3&#8243;][et_pb_row_inner][et_pb_column_inner type=&#8221;4_4&#8243;][et_pb_text admin_label=&#8221;Text&#8221; background_layout=&#8221;light&#8221; text_orientation=&#8221;left&#8221;]<\/p>\n<h2>Qu\u00e8 \u00e9s una pr\u00f2tesis dental sobre un implant?<\/h2>\n<p>\u00c9s un tipus de pr\u00f2tesis que, tal com el seu nom indica, es col\u00b7loca sobre l&#8217;implant dental. Els avantatges principals s\u00f3n la seva \u00f2ptima fixaci\u00f3 i el gran resultat a nivell funcional i est\u00e8tic.<br \/>\nEn general, una pr\u00f2tesi dental \u00e9s la millor soluci\u00f3 si has patit la p\u00e8rdua d&#8217;alguna pe\u00e7a dental. En aquest cas, el dentista examina la boca i obt\u00e9 un motlle de la mand\u00edbula. La pr\u00f2tesi es fabrica al laboratori i el seu principal objectiu \u00e9s la restauraci\u00f3 de l&#8217;anatomia de les dents naturals absents o deteriorats per diferents motius.<\/p>\n<p>[\/et_pb_text][\/et_pb_column_inner][\/et_pb_row_inner][et_pb_row_inner][et_pb_column_inner type=&#8221;1_2&#8243;][et_pb_image admin_label=&#8221;Image&#8221; src=&#8221;\/wp-content\/uploads\/2012\/03\/Depositphotos_3299349_L.jpg&#8221; show_in_lightbox=&#8221;off&#8221; url_new_window=&#8221;off&#8221; animation=&#8221;left&#8221; sticky=&#8221;off&#8221; \/][\/et_pb_column_inner][et_pb_column_inner type=&#8221;1_2&#8243;][et_pb_blurb admin_label=&#8221;Blurb&#8221; title=&#8221;M\u00e9s avantatges&#8221; url_new_window=&#8221;off&#8221; use_icon=&#8221;on&#8221; font_icon=&#8221;N&#8221; icon_color=&#8221;#1e73be&#8221; use_circle=&#8221;off&#8221; circle_color=&#8221;#7EBEC5&#8243; use_circle_border=&#8221;off&#8221; circle_border_color=&#8221;#7EBEC5&#8243; icon_placement=&#8221;left&#8221; animation=&#8221;off&#8221; background_layout=&#8221;light&#8221; text_orientation=&#8221;center&#8221;]<\/p>\n<p>Les pr\u00f2tesis en implants s\u00f3n molt m\u00e9s c\u00f2modes i no produeixen irritacions a la boca del pacient.<\/p>\n<p>[\/et_pb_blurb][et_pb_blurb admin_label=&#8221;Blurb&#8221; title=&#8221;M\u00e9s fixaci\u00f3&#8221; url_new_window=&#8221;off&#8221; use_icon=&#8221;on&#8221; font_icon=&#8221;N&#8221; icon_color=&#8221;#1e73be&#8221; use_circle=&#8221;off&#8221; circle_color=&#8221;#7EBEC5&#8243; use_circle_border=&#8221;off&#8221; circle_border_color=&#8221;#7EBEC5&#8243; icon_placement=&#8221;left&#8221; animation=&#8221;off&#8221; background_layout=&#8221;light&#8221; text_orientation=&#8221;center&#8221;]<\/p>\n<p>La pe\u00e7a dental s&#8217;afegeix a trav\u00e9s d&#8217;un cargol intern que s&#8217;introdueix a la geniva. D&#8217;aquesta manera, la pe\u00e7a es queda totalment fixa i tu, guanyes seguretat.<\/p>\n<p>[\/et_pb_blurb][et_pb_blurb admin_label=&#8221;Blurb&#8221; title=&#8221;Quins tipus de pr\u00f2tesis hi ha?&#8221; url_new_window=&#8221;off&#8221; use_icon=&#8221;on&#8221; font_icon=&#8221;N&#8221; icon_color=&#8221;#1e73be&#8221; use_circle=&#8221;off&#8221; circle_color=&#8221;#7EBEC5&#8243; use_circle_border=&#8221;off&#8221; circle_border_color=&#8221;#7EBEC5&#8243; icon_placement=&#8221;left&#8221; animation=&#8221;top&#8221; background_layout=&#8221;light&#8221; text_orientation=&#8221;center&#8221;]<\/p>\n<p>Depenent del suport, es poden diferenciar dues classes: les fixes o les removibles. Les que s\u00f3n fixes i es realitzen en implants van subjectes a aquests, aconseguint una gran subjecci\u00f3 i fermesa.<\/p>\n<p>[\/et_pb_blurb][\/et_pb_column_inner][\/et_pb_row_inner][\/et_pb_column][et_pb_column type=&#8221;1_4&#8243;][et_pb_text admin_label=&#8221;Text&#8221; background_layout=&#8221;light&#8221; text_orientation=&#8221;left&#8221;]<\/p>\n<div style=\"background: #DEEAF3;padding-bottom: 33%;padding-left: 7%;padding-right: 7%;padding-top: 5%;width: 125%;\"><img loading=\"lazy\" decoding=\"async\" src=\"\/wp-content\/uploads\/2014\/10\/dentista.jpg\" alt=\"Metge estomat\u00f2leg\" title=\"Dr. Antonio L\u00f3pez\" width=\"133\" height=\"200\" class=\"alignleft size-full wp-image-3964\"><\/p>\n<h4 style=\"text-align: center;margin-top: 19%;\"><strong>Dr. Antonio L\u00f3pez<\/strong><\/h4>\n<p style=\"text-align:center\"><a href=\"\/doctor-jose-lopez\/\">Metge estomat\u00f2leg<\/a><\/p>\n<\/div>\n<p>[\/et_pb_text][et_pb_text admin_label=&#8221;Text&#8221; background_layout=&#8221;light&#8221; text_orientation=&#8221;left&#8221; module_id=&#8221;solicitar-cita&#8221;]<\/p>\n<div style=\"background: #c0dbed; width: 125%; padding: 5% 7% 5% 7%;\">\n<h4 style=\"font-weight: 600;\">Solicitar visita<\/h4>\n<div>\n<p style=\"font-weight: 500;\">LLame ahora para solicitar visita o para cualquier otra consulta al:<\/p>\n<p>&nbsp;<\/p>\n<div class=\"telephone\">937 894 596<\/div>\n<div style=\"padding-top: 0%; margin-top: -2%; width: 100%; color: #fff; background-color: #9aafbe; font-size: 12px; font-style: normal; line-height: 25px; text-align: center;\"><a style=\"font-size: 17px; color: white;\" href=\"\/contacto\">Pedir cita online<\/a><\/div>\n<p>&nbsp;<\/p>\n<\/div>\n<\/div>\n<p>[\/et_pb_text][\/et_pb_column][\/et_pb_section][et_pb_section fullwidth=&#8221;off&#8221; specialty=&#8221;off&#8221; transparent_background=&#8221;off&#8221; background_color=&#8221;#f7f5ef&#8221; inner_shadow=&#8221;off&#8221; parallax=&#8221;off&#8221; parallax_method=&#8221;off&#8221;][et_pb_row][et_pb_column type=&#8221;1_3&#8243;][et_pb_text admin_label=&#8221;Text&#8221; background_layout=&#8221;light&#8221; text_orientation=&#8221;left&#8221;]<\/p>\n<h3><strong>Direcci\u00f3 de la cl\u00ednica dental<\/strong><\/h3>\n<p>Carrer Col\u00b7legi n\u00ba 1<br \/>\n08221 Terrassa (Barcelona).<\/p>\n<p><strong>Horari de la cl\u00ednica<\/strong><br \/>\nDe Dilluns a Divendres<br \/>\nMatins: 9:00h a 13:00h<br \/>\nTardes: 16:00h a 20:00h<\/p>\n<p><strong>E-mail de contacte<\/strong><br \/>\ncentrodentalegara@gmail.com<\/p>\n<div class=\"telephone\" style=\"margin-top: 15%;\">937 894 596<\/div>\n<p>[\/et_pb_text][\/et_pb_column][et_pb_column type=&#8221;2_3&#8243;][et_pb_map admin_label=&#8221;Map&#8221; zoom_level=&#8221;16&#8243; address_lat=&#8221;41.560295599338104&#8243; address_lng=&#8221;2.0117566164005973&#8243; mouse_wheel=&#8221;on&#8221;][et_pb_map_pin pin_address=&#8221;Carrer Col\u00b7legi, 11, 08221 Tarrasa, Barcelona, Espa\u00f1a&#8221; pin_address_lat=&#8221;41.5599853&#8243; pin_address_lng=&#8221;2.010856399999966&#8243; \/][\/et_pb_map][\/et_pb_column][\/et_pb_row][\/et_pb_section]<\/p>\n","protected":false},"excerpt":{"rendered":"<p><div class=\"et_pb_row et_pb_row_0 et_pb_row_empty\">\n\t\t\t\t\n\t\t\t\t\n\t\t\t\t\n\t\t\t\t\n\t\t\t\t\n\t\t\t<\/div> Pr\u00f2tesis en implants Qu\u00e8 \u00e9s una pr\u00f2tesis dental sobre un implant? \u00c9s un tipus de pr\u00f2tesis que, tal com el seu nom indica, es col\u00b7loca sobre l&#8217;implant dental. Els avantatges principals s\u00f3n la seva \u00f2ptima fixaci\u00f3 i el gran resultat a nivell funcional i est\u00e8tic. En general, una pr\u00f2tesi dental \u00e9s la millor soluci\u00f3 [&hellip;]<\/p>\n","protected":false},"author":2,"featured_media":0,"parent":0,"menu_order":0,"comment_status":"closed","ping_status":"closed","template":"","meta":{"_et_pb_use_builder":"on","_et_pb_old_content":"","_et_gb_content_width":"","footnotes":""},"class_list":["post-3482","page","type-page","status-publish","hentry"],"yoast_head":"<!-- This site is optimized with the Yoast SEO plugin v27.2 - https:\/\/yoast.com\/product\/yoast-seo-wordpress\/ -->\n<title>Col\u00b7locar pr\u00f2tesis en implants damunt de dents naturals<\/title>\n<meta name=\"description\" content=\"Col.loquem pr\u00f2tesis en implants, sobre dents naturals o recolzades sobre el maxilar, per tal que recuperis la salut de la teva boca.\" \/>\n<meta name=\"robots\" content=\"index, follow, max-snippet:-1, max-image-preview:large, max-video-preview:-1\" \/>\n<link rel=\"canonical\" href=\"https:\/\/www.terrassadentalclinic.com\/protesis-en-implantes\/\" \/>\n<meta property=\"og:locale\" content=\"ca_ES\" \/>\n<meta property=\"og:type\" content=\"article\" \/>\n<meta property=\"og:title\" content=\"Col\u00b7locar pr\u00f2tesis en implants damunt de dents naturals\" \/>\n<meta property=\"og:description\" content=\"Col.loquem pr\u00f2tesis en implants, sobre dents naturals o recolzades sobre el maxilar, per tal que recuperis la salut de la teva boca.\" \/>\n<meta property=\"og:url\" content=\"https:\/\/www.terrassadentalclinic.com\/protesis-en-implantes\/\" \/>\n<meta property=\"og:site_name\" content=\"Terrassa Dental Cl\u00ednic\" \/>\n<meta property=\"article:modified_time\" content=\"2014-12-03T12:41:16+00:00\" \/>\n<meta name=\"twitter:label1\" content=\"Temps estimat de lectura\" \/>\n\t<meta name=\"twitter:data1\" content=\"4 minuts\" \/>\n<script type=\"application\/ld+json\" class=\"yoast-schema-graph\">{\"@context\":\"https:\/\/schema.org\",\"@graph\":[{\"@type\":\"WebPage\",\"@id\":\"https:\/\/www.terrassadentalclinic.com\/protesis-en-implantes\/\",\"url\":\"https:\/\/www.terrassadentalclinic.com\/protesis-en-implantes\/\",\"name\":\"Col\u00b7locar pr\u00f2tesis en implants damunt de dents naturals\",\"isPartOf\":{\"@id\":\"https:\/\/www.terrassadentalclinic.com\/#website\"},\"datePublished\":\"2014-10-23T07:27:09+00:00\",\"dateModified\":\"2014-12-03T12:41:16+00:00\",\"description\":\"Col.loquem pr\u00f2tesis en implants, sobre dents naturals o recolzades sobre el maxilar, per tal que recuperis la salut de la teva boca.\",\"breadcrumb\":{\"@id\":\"https:\/\/www.terrassadentalclinic.com\/protesis-en-implantes\/#breadcrumb\"},\"inLanguage\":\"ca\",\"potentialAction\":[{\"@type\":\"ReadAction\",\"target\":[\"https:\/\/www.terrassadentalclinic.com\/protesis-en-implantes\/\"]}]},{\"@type\":\"BreadcrumbList\",\"@id\":\"https:\/\/www.terrassadentalclinic.com\/protesis-en-implantes\/#breadcrumb\",\"itemListElement\":[{\"@type\":\"ListItem\",\"position\":1,\"name\":\"Portada\",\"item\":\"https:\/\/www.terrassadentalclinic.com\/ca\/\"},{\"@type\":\"ListItem\",\"position\":2,\"name\":\"Pr\u00f2tesis en implants\"}]},{\"@type\":\"WebSite\",\"@id\":\"https:\/\/www.terrassadentalclinic.com\/#website\",\"url\":\"https:\/\/www.terrassadentalclinic.com\/\",\"name\":\"Terrassa Dental Cl\u00ednic\",\"description\":\"\",\"potentialAction\":[{\"@type\":\"SearchAction\",\"target\":{\"@type\":\"EntryPoint\",\"urlTemplate\":\"https:\/\/www.terrassadentalclinic.com\/?s={search_term_string}\"},\"query-input\":{\"@type\":\"PropertyValueSpecification\",\"valueRequired\":true,\"valueName\":\"search_term_string\"}}],\"inLanguage\":\"ca\"}]}<\/script>\n<!-- \/ Yoast SEO plugin. -->","yoast_head_json":{"title":"Col\u00b7locar pr\u00f2tesis en implants damunt de dents naturals","description":"Col.loquem pr\u00f2tesis en implants, sobre dents naturals o recolzades sobre el maxilar, per tal que recuperis la salut de la teva boca.","robots":{"index":"index","follow":"follow","max-snippet":"max-snippet:-1","max-image-preview":"max-image-preview:large","max-video-preview":"max-video-preview:-1"},"canonical":"https:\/\/www.terrassadentalclinic.com\/protesis-en-implantes\/","og_locale":"ca_ES","og_type":"article","og_title":"Col\u00b7locar pr\u00f2tesis en implants damunt de dents naturals","og_description":"Col.loquem pr\u00f2tesis en implants, sobre dents naturals o recolzades sobre el maxilar, per tal que recuperis la salut de la teva boca.","og_url":"https:\/\/www.terrassadentalclinic.com\/protesis-en-implantes\/","og_site_name":"Terrassa Dental Cl\u00ednic","article_modified_time":"2014-12-03T12:41:16+00:00","twitter_misc":{"Temps estimat de lectura":"4 minuts"},"schema":{"@context":"https:\/\/schema.org","@graph":[{"@type":"WebPage","@id":"https:\/\/www.terrassadentalclinic.com\/protesis-en-implantes\/","url":"https:\/\/www.terrassadentalclinic.com\/protesis-en-implantes\/","name":"Col\u00b7locar pr\u00f2tesis en implants damunt de dents naturals","isPartOf":{"@id":"https:\/\/www.terrassadentalclinic.com\/#website"},"datePublished":"2014-10-23T07:27:09+00:00","dateModified":"2014-12-03T12:41:16+00:00","description":"Col.loquem pr\u00f2tesis en implants, sobre dents naturals o recolzades sobre el maxilar, per tal que recuperis la salut de la teva boca.","breadcrumb":{"@id":"https:\/\/www.terrassadentalclinic.com\/protesis-en-implantes\/#breadcrumb"},"inLanguage":"ca","potentialAction":[{"@type":"ReadAction","target":["https:\/\/www.terrassadentalclinic.com\/protesis-en-implantes\/"]}]},{"@type":"BreadcrumbList","@id":"https:\/\/www.terrassadentalclinic.com\/protesis-en-implantes\/#breadcrumb","itemListElement":[{"@type":"ListItem","position":1,"name":"Portada","item":"https:\/\/www.terrassadentalclinic.com\/ca\/"},{"@type":"ListItem","position":2,"name":"Pr\u00f2tesis en implants"}]},{"@type":"WebSite","@id":"https:\/\/www.terrassadentalclinic.com\/#website","url":"https:\/\/www.terrassadentalclinic.com\/","name":"Terrassa Dental Cl\u00ednic","description":"","potentialAction":[{"@type":"SearchAction","target":{"@type":"EntryPoint","urlTemplate":"https:\/\/www.terrassadentalclinic.com\/?s={search_term_string}"},"query-input":{"@type":"PropertyValueSpecification","valueRequired":true,"valueName":"search_term_string"}}],"inLanguage":"ca"}]}},"_links":{"self":[{"href":"https:\/\/www.terrassadentalclinic.com\/ca\/wp-json\/wp\/v2\/pages\/3482","targetHints":{"allow":["GET"]}}],"collection":[{"href":"https:\/\/www.terrassadentalclinic.com\/ca\/wp-json\/wp\/v2\/pages"}],"about":[{"href":"https:\/\/www.terrassadentalclinic.com\/ca\/wp-json\/wp\/v2\/types\/page"}],"author":[{"embeddable":true,"href":"https:\/\/www.terrassadentalclinic.com\/ca\/wp-json\/wp\/v2\/users\/2"}],"replies":[{"embeddable":true,"href":"https:\/\/www.terrassadentalclinic.com\/ca\/wp-json\/wp\/v2\/comments?post=3482"}],"version-history":[{"count":12,"href":"https:\/\/www.terrassadentalclinic.com\/ca\/wp-json\/wp\/v2\/pages\/3482\/revisions"}],"predecessor-version":[{"id":4682,"href":"https:\/\/www.terrassadentalclinic.com\/ca\/wp-json\/wp\/v2\/pages\/3482\/revisions\/4682"}],"wp:attachment":[{"href":"https:\/\/www.terrassadentalclinic.com\/ca\/wp-json\/wp\/v2\/media?parent=3482"}],"curies":[{"name":"wp","href":"https:\/\/api.w.org\/{rel}","templated":true}]}}