{"id":3307,"date":"2014-10-21T07:58:34","date_gmt":"2014-10-21T07:58:34","guid":{"rendered":"http:\/\/wwwterrassadentalclinic.com\/?page_id=3307"},"modified":"2014-12-03T08:21:09","modified_gmt":"2014-12-03T08:21:09","slug":"ortodoncia-invisible-2","status":"publish","type":"page","link":"https:\/\/www.terrassadentalclinic.com\/ca\/ortodoncia-invisible-2\/","title":{"rendered":"Ortod\u00f2ncia Invisible"},"content":{"rendered":"<p>[et_pb_section background_image=&#8221;\/wp-content\/uploads\/2014\/10\/invisalign.jpg&#8221; transparent_background=&#8221;off&#8221; background_color=&#8221;#ffffff&#8221; inner_shadow=&#8221;off&#8221; parallax=&#8221;off&#8221; parallax_method=&#8221;off&#8221; module_id=&#8221;imagen-cabecera&#8221;][et_pb_row][et_pb_column type=&#8221;4_4&#8243;][et_pb_text admin_label=&#8221;Text&#8221; background_layout=&#8221;light&#8221; text_orientation=&#8221;left&#8221; module_id=&#8221;titulos&#8221;]<\/p>\n<h1 id=\"titulo-h1-paginas\">Ortod\u00f2ncia invisible<\/h1>\n<p>[\/et_pb_text][\/et_pb_column][\/et_pb_row][\/et_pb_section][et_pb_section fullwidth=&#8221;off&#8221; specialty=&#8221;on&#8221;][et_pb_column type=&#8221;3_4&#8243; specialty_columns=&#8221;3&#8243;][et_pb_row_inner][et_pb_column_inner type=&#8221;4_4&#8243;][et_pb_text admin_label=&#8221;Text&#8221; background_layout=&#8221;light&#8221; text_orientation=&#8221;left&#8221;]<\/p>\n<h2>Saps qu\u00e8 \u00e9s l&#8217;ortod\u00f2ncia invisible?<\/h2>\n<p>Sense brackets, transparent, invisible&#8230; Aix\u00ed \u00e9s l&#8217;ortod\u00f2ncia Invisalign. Si vols tenir un bonic somriure i unes dents ben col\u00b7locades per\u00f2 penses que els brackets s\u00f3n inc\u00f2modes, aquesta \u00e9s la soluci\u00f3 que tu necessites.<\/p>\n<p>L&#8217;ortod\u00f2ncia invisible mitjan\u00e7ant Invisalign \u00e9s una nova t\u00e8cnica per alinear les dents sense utilitzar aparells met\u00e0l\u00b7lics. Nom\u00e9s has de portar una s\u00e8rie d&#8217;alineadors transparents i extra\u00efbles que mouen a poc a poc les dents fins aconseguir la correcta i desitjada posici\u00f3.<\/p>\n<p>Aquest tractament \u00e9s capa\u00e7 de corregir la majoria dels problemes d&#8217;ortod\u00f2ncia. Consulta ara el teu cas amb els professionals de Terrassa Dental Cl\u00ednic.<\/p>\n<p>&nbsp;<\/p>\n<p>[\/et_pb_text][\/et_pb_column_inner][\/et_pb_row_inner][et_pb_row_inner][et_pb_column_inner type=&#8221;1_2&#8243;][et_pb_image admin_label=&#8221;Image&#8221; src=&#8221;\/wp-content\/uploads\/2012\/03\/Depositphotos_3299349_L.jpg&#8221; show_in_lightbox=&#8221;off&#8221; url_new_window=&#8221;off&#8221; animation=&#8221;left&#8221; sticky=&#8221;off&#8221; \/][\/et_pb_column_inner][et_pb_column_inner type=&#8221;1_2&#8243;][et_pb_blurb admin_label=&#8221;Blurb&#8221; title=&#8221;\u00bfPer a qu\u00e8 serveix l&#x27;ortod\u00f2ncia invisible?&#8221; url_new_window=&#8221;off&#8221; use_icon=&#8221;on&#8221; font_icon=&#8221;N&#8221; icon_color=&#8221;#1e73be&#8221; use_circle=&#8221;off&#8221; circle_color=&#8221;#7EBEC5&#8243; use_circle_border=&#8221;off&#8221; circle_border_color=&#8221;#7EBEC5&#8243; icon_placement=&#8221;left&#8221; animation=&#8221;off&#8221; background_layout=&#8221;light&#8221; text_orientation=&#8221;center&#8221;]Per corregir els problemes m\u00e9s comuns: dents tortes o apinyades, espais entre aquests, determinats tipus de sobremossegada i mossegada creuada, protrusi\u00f3 &#8230; Oblida&#8217;t dels antics aparells de metall.[\/et_pb_blurb][et_pb_blurb admin_label=&#8221;Blurb&#8221; title=&#8221;Quins s\u00f3n els beneficis de l&#x27;ortod\u00f2ncia invisible?&#8221; url_new_window=&#8221;off&#8221; use_icon=&#8221;on&#8221; font_icon=&#8221;N&#8221; icon_color=&#8221;#1e73be&#8221; use_circle=&#8221;off&#8221; circle_color=&#8221;#7EBEC5&#8243; use_circle_border=&#8221;off&#8221; circle_border_color=&#8221;#7EBEC5&#8243; icon_placement=&#8221;left&#8221; animation=&#8221;off&#8221; background_layout=&#8221;light&#8221; text_orientation=&#8221;center&#8221;]Ning\u00fa notar\u00e0 res. A m\u00e9s, \u00e9s molt m\u00e9s c\u00f2moda i et podr\u00e0s oblidar de les irritacions a les genives i a la boca. En ser extra\u00efble, podr\u00e0s seguir gaudint dels menjars, begudes i realitzar tasques d&#8217;higiene dental amb normalitat.[\/et_pb_blurb][\/et_pb_column_inner][\/et_pb_row_inner][\/et_pb_column][et_pb_column type=&#8221;1_4&#8243;][et_pb_text admin_label=&#8221;Text&#8221; background_layout=&#8221;light&#8221; text_orientation=&#8221;left&#8221;]<\/p>\n<div style=\"background: #DEEAF3;padding-bottom: 33%;padding-left: 7%;padding-right: 7%;padding-top: 5%;width: 125%;\"><img loading=\"lazy\" decoding=\"async\" src=\"\/wp-content\/uploads\/2014\/10\/ortodoncista1.jpg\" alt=\"Odont\u00f2leg especialista en l'ortod\u00f2ncia\" title=\"Dr. Pierre Kallai\" width=\"133\" height=\"200\" class=\"alignleft size-full wp-image-4279\"><\/p>\n<h4 style=\"text-align: center;margin-top: 19%;\"><strong>Dr. Pierre Kallai<\/strong><\/h4>\n<p style=\"text-align:center\"><a href=\"\/doctor-pierre-kallai\/\">Odont\u00f2leg especialista en l&#8217;ortod\u00f2ncia<\/a><\/p>\n<\/div>\n<p>[\/et_pb_text][et_pb_text admin_label=&#8221;Text&#8221; background_layout=&#8221;light&#8221; text_orientation=&#8221;left&#8221; module_id=&#8221;solicitar-cita&#8221;]<\/p>\n<div id=\"solicitar-cita\" class=\"et_pb_text et_pb_bg_layout_light et_pb_text_align_left\">\n<div style=\"background: #c0dbed;padding-bottom: 5%;padding-left: 7%;padding-right: 7%; padding-top: 5%; width: 125%;\">\n<h4 style=\"font-weight: 600\">Sol\u00b7licitar visita<\/h4>\n<div>\n<p style=\"font-weight: 500\">Truqui ara per sol\u00b7licitar una visita o per fer qualsevol altra consulta al:<\/p>\n<\/p>\n<div class=\"telephone\">937 894 596<\/div>\n<div style=\"padding-top: 0%;margin-top: -2%;width: 100%;color: #FFF;  background-color: #9aafbe;  font-size: 12px;  font-style: normal;  line-height: 25px;text-align: center;\"><a style=\"font-size: 17px;color: white;\" href=\"\/ca\/contacte\"title=\"Demanar cita online\">Sol\u00b7licita cita online<\/a><\/div>\n<\/p>\n<\/div>\n<\/div>\n<\/div>\n<p>[\/et_pb_text][\/et_pb_column][\/et_pb_section][et_pb_section fullwidth=&#8221;off&#8221; specialty=&#8221;off&#8221; transparent_background=&#8221;off&#8221; background_color=&#8221;#f7f5ef&#8221; inner_shadow=&#8221;off&#8221; parallax=&#8221;off&#8221; parallax_method=&#8221;off&#8221;][et_pb_row][et_pb_column type=&#8221;1_3&#8243;][et_pb_text admin_label=&#8221;Text&#8221; background_layout=&#8221;light&#8221; text_orientation=&#8221;left&#8221;]<\/p>\n<h3><strong>Direcci\u00f3 de la cl\u00ednica dental<\/strong><\/h3>\n<p>Carrer Col\u00b7legi n\u00ba 1<br \/>\n08221 Terrassa (Barcelona).<\/p>\n<p><strong>Horari de la cl\u00ednica<\/strong><br \/>\nDe Dilluns a Divendres<br \/>\nMatins: 9:00h a 13:00h<br \/>\nTardes: 16:00h a 20:00h<\/p>\n<p><strong>E-mail de contacte<\/strong><br \/>\ncentrodentalegara@gmail.com<\/p>\n<div class=\"telephone\" style=\"margin-top: 15%;\">937 894 596<\/div>\n<p>[\/et_pb_text][\/et_pb_column][et_pb_column type=&#8221;2_3&#8243;][et_pb_map admin_label=&#8221;Map&#8221; zoom_level=&#8221;16&#8243; address_lat=&#8221;41.560295599338104&#8243; address_lng=&#8221;2.0117566164005973&#8243; mouse_wheel=&#8221;on&#8221;][et_pb_map_pin pin_address=&#8221;Carrer Col\u00b7legi, 11, 08221 Tarrasa, Barcelona, Espa\u00f1a&#8221; pin_address_lat=&#8221;41.5599853&#8243; pin_address_lng=&#8221;2.010856399999966&#8243; \/][\/et_pb_map][\/et_pb_column][\/et_pb_row][\/et_pb_section]<\/p>\n","protected":false},"excerpt":{"rendered":"<p><div class=\"et_pb_row et_pb_row_0 et_pb_row_empty\">\n\t\t\t\t\n\t\t\t\t\n\t\t\t\t\n\t\t\t\t\n\t\t\t\t\n\t\t\t<\/div> Ortod\u00f2ncia invisible Saps qu\u00e8 \u00e9s l&#8217;ortod\u00f2ncia invisible? Sense brackets, transparent, invisible&#8230; Aix\u00ed \u00e9s l&#8217;ortod\u00f2ncia Invisalign. Si vols tenir un bonic somriure i unes dents ben col\u00b7locades per\u00f2 penses que els brackets s\u00f3n inc\u00f2modes, aquesta \u00e9s la soluci\u00f3 que tu necessites. L&#8217;ortod\u00f2ncia invisible mitjan\u00e7ant Invisalign \u00e9s una nova t\u00e8cnica per alinear les dents sense utilitzar [&hellip;]<\/p>\n","protected":false},"author":2,"featured_media":0,"parent":0,"menu_order":0,"comment_status":"closed","ping_status":"closed","template":"","meta":{"_et_pb_use_builder":"on","_et_pb_old_content":"","_et_gb_content_width":"","footnotes":""},"class_list":["post-3307","page","type-page","status-publish","hentry"],"yoast_head":"<!-- This site is optimized with the Yoast SEO plugin v27.2 - https:\/\/yoast.com\/product\/yoast-seo-wordpress\/ -->\n<title>Ortod\u00f2ncia invisible<\/title>\n<meta name=\"description\" content=\"La t\u00e8cnica perfecta pels qui no volen usar brackets \u00e9s l&#039;ortod\u00f2ncia invisible mitjan\u00e7ant Invisalign. \u00c9s gaireb\u00e9 invisible, c\u00f2moda, efectiva i higi\u00e8nica.\" \/>\n<meta name=\"robots\" content=\"index, follow, max-snippet:-1, max-image-preview:large, max-video-preview:-1\" \/>\n<link rel=\"canonical\" href=\"https:\/\/www.terrassadentalclinic.com\/ortodoncia-invisible\/\" \/>\n<meta property=\"og:locale\" content=\"ca_ES\" \/>\n<meta property=\"og:type\" content=\"article\" \/>\n<meta property=\"og:title\" content=\"Ortod\u00f2ncia invisible\" \/>\n<meta property=\"og:description\" content=\"La t\u00e8cnica perfecta pels qui no volen usar brackets \u00e9s l&#039;ortod\u00f2ncia invisible mitjan\u00e7ant Invisalign. \u00c9s gaireb\u00e9 invisible, c\u00f2moda, efectiva i higi\u00e8nica.\" \/>\n<meta property=\"og:url\" content=\"https:\/\/www.terrassadentalclinic.com\/ortodoncia-invisible\/\" \/>\n<meta property=\"og:site_name\" content=\"Terrassa Dental Cl\u00ednic\" \/>\n<meta property=\"article:modified_time\" content=\"2014-12-03T08:21:09+00:00\" \/>\n<meta name=\"twitter:label1\" content=\"Temps estimat de lectura\" \/>\n\t<meta name=\"twitter:data1\" content=\"3 minuts\" \/>\n<script type=\"application\/ld+json\" class=\"yoast-schema-graph\">{\"@context\":\"https:\/\/schema.org\",\"@graph\":[{\"@type\":\"WebPage\",\"@id\":\"https:\/\/www.terrassadentalclinic.com\/ortodoncia-invisible\/\",\"url\":\"https:\/\/www.terrassadentalclinic.com\/ortodoncia-invisible\/\",\"name\":\"Ortod\u00f2ncia invisible\",\"isPartOf\":{\"@id\":\"https:\/\/www.terrassadentalclinic.com\/#website\"},\"datePublished\":\"2014-10-21T07:58:34+00:00\",\"dateModified\":\"2014-12-03T08:21:09+00:00\",\"description\":\"La t\u00e8cnica perfecta pels qui no volen usar brackets \u00e9s l'ortod\u00f2ncia invisible mitjan\u00e7ant Invisalign. \u00c9s gaireb\u00e9 invisible, c\u00f2moda, efectiva i higi\u00e8nica.\",\"breadcrumb\":{\"@id\":\"https:\/\/www.terrassadentalclinic.com\/ortodoncia-invisible\/#breadcrumb\"},\"inLanguage\":\"ca\",\"potentialAction\":[{\"@type\":\"ReadAction\",\"target\":[\"https:\/\/www.terrassadentalclinic.com\/ortodoncia-invisible\/\"]}]},{\"@type\":\"BreadcrumbList\",\"@id\":\"https:\/\/www.terrassadentalclinic.com\/ortodoncia-invisible\/#breadcrumb\",\"itemListElement\":[{\"@type\":\"ListItem\",\"position\":1,\"name\":\"Portada\",\"item\":\"https:\/\/www.terrassadentalclinic.com\/ca\/\"},{\"@type\":\"ListItem\",\"position\":2,\"name\":\"Ortod\u00f2ncia Invisible\"}]},{\"@type\":\"WebSite\",\"@id\":\"https:\/\/www.terrassadentalclinic.com\/#website\",\"url\":\"https:\/\/www.terrassadentalclinic.com\/\",\"name\":\"Terrassa Dental Cl\u00ednic\",\"description\":\"\",\"potentialAction\":[{\"@type\":\"SearchAction\",\"target\":{\"@type\":\"EntryPoint\",\"urlTemplate\":\"https:\/\/www.terrassadentalclinic.com\/?s={search_term_string}\"},\"query-input\":{\"@type\":\"PropertyValueSpecification\",\"valueRequired\":true,\"valueName\":\"search_term_string\"}}],\"inLanguage\":\"ca\"}]}<\/script>\n<!-- \/ Yoast SEO plugin. -->","yoast_head_json":{"title":"Ortod\u00f2ncia invisible","description":"La t\u00e8cnica perfecta pels qui no volen usar brackets \u00e9s l'ortod\u00f2ncia invisible mitjan\u00e7ant Invisalign. \u00c9s gaireb\u00e9 invisible, c\u00f2moda, efectiva i higi\u00e8nica.","robots":{"index":"index","follow":"follow","max-snippet":"max-snippet:-1","max-image-preview":"max-image-preview:large","max-video-preview":"max-video-preview:-1"},"canonical":"https:\/\/www.terrassadentalclinic.com\/ortodoncia-invisible\/","og_locale":"ca_ES","og_type":"article","og_title":"Ortod\u00f2ncia invisible","og_description":"La t\u00e8cnica perfecta pels qui no volen usar brackets \u00e9s l'ortod\u00f2ncia invisible mitjan\u00e7ant Invisalign. \u00c9s gaireb\u00e9 invisible, c\u00f2moda, efectiva i higi\u00e8nica.","og_url":"https:\/\/www.terrassadentalclinic.com\/ortodoncia-invisible\/","og_site_name":"Terrassa Dental Cl\u00ednic","article_modified_time":"2014-12-03T08:21:09+00:00","twitter_misc":{"Temps estimat de lectura":"3 minuts"},"schema":{"@context":"https:\/\/schema.org","@graph":[{"@type":"WebPage","@id":"https:\/\/www.terrassadentalclinic.com\/ortodoncia-invisible\/","url":"https:\/\/www.terrassadentalclinic.com\/ortodoncia-invisible\/","name":"Ortod\u00f2ncia invisible","isPartOf":{"@id":"https:\/\/www.terrassadentalclinic.com\/#website"},"datePublished":"2014-10-21T07:58:34+00:00","dateModified":"2014-12-03T08:21:09+00:00","description":"La t\u00e8cnica perfecta pels qui no volen usar brackets \u00e9s l'ortod\u00f2ncia invisible mitjan\u00e7ant Invisalign. \u00c9s gaireb\u00e9 invisible, c\u00f2moda, efectiva i higi\u00e8nica.","breadcrumb":{"@id":"https:\/\/www.terrassadentalclinic.com\/ortodoncia-invisible\/#breadcrumb"},"inLanguage":"ca","potentialAction":[{"@type":"ReadAction","target":["https:\/\/www.terrassadentalclinic.com\/ortodoncia-invisible\/"]}]},{"@type":"BreadcrumbList","@id":"https:\/\/www.terrassadentalclinic.com\/ortodoncia-invisible\/#breadcrumb","itemListElement":[{"@type":"ListItem","position":1,"name":"Portada","item":"https:\/\/www.terrassadentalclinic.com\/ca\/"},{"@type":"ListItem","position":2,"name":"Ortod\u00f2ncia Invisible"}]},{"@type":"WebSite","@id":"https:\/\/www.terrassadentalclinic.com\/#website","url":"https:\/\/www.terrassadentalclinic.com\/","name":"Terrassa Dental Cl\u00ednic","description":"","potentialAction":[{"@type":"SearchAction","target":{"@type":"EntryPoint","urlTemplate":"https:\/\/www.terrassadentalclinic.com\/?s={search_term_string}"},"query-input":{"@type":"PropertyValueSpecification","valueRequired":true,"valueName":"search_term_string"}}],"inLanguage":"ca"}]}},"_links":{"self":[{"href":"https:\/\/www.terrassadentalclinic.com\/ca\/wp-json\/wp\/v2\/pages\/3307","targetHints":{"allow":["GET"]}}],"collection":[{"href":"https:\/\/www.terrassadentalclinic.com\/ca\/wp-json\/wp\/v2\/pages"}],"about":[{"href":"https:\/\/www.terrassadentalclinic.com\/ca\/wp-json\/wp\/v2\/types\/page"}],"author":[{"embeddable":true,"href":"https:\/\/www.terrassadentalclinic.com\/ca\/wp-json\/wp\/v2\/users\/2"}],"replies":[{"embeddable":true,"href":"https:\/\/www.terrassadentalclinic.com\/ca\/wp-json\/wp\/v2\/comments?post=3307"}],"version-history":[{"count":15,"href":"https:\/\/www.terrassadentalclinic.com\/ca\/wp-json\/wp\/v2\/pages\/3307\/revisions"}],"predecessor-version":[{"id":4642,"href":"https:\/\/www.terrassadentalclinic.com\/ca\/wp-json\/wp\/v2\/pages\/3307\/revisions\/4642"}],"wp:attachment":[{"href":"https:\/\/www.terrassadentalclinic.com\/ca\/wp-json\/wp\/v2\/media?parent=3307"}],"curies":[{"name":"wp","href":"https:\/\/api.w.org\/{rel}","templated":true}]}}