{"id":3294,"date":"2014-10-21T07:42:32","date_gmt":"2014-10-21T07:42:32","guid":{"rendered":"http:\/\/wwwterrassadentalclinic.com\/?page_id=3294"},"modified":"2014-12-03T08:37:45","modified_gmt":"2014-12-03T08:37:45","slug":"implants-dentals","status":"publish","type":"page","link":"https:\/\/www.terrassadentalclinic.com\/ca\/implants-dentals\/","title":{"rendered":"Implants dentals"},"content":{"rendered":"<p>[et_pb_section background_image=&#8221;\/wp-content\/uploads\/2014\/10\/implantes.jpg&#8221; transparent_background=&#8221;off&#8221; background_color=&#8221;#ffffff&#8221; inner_shadow=&#8221;off&#8221; parallax=&#8221;off&#8221; parallax_method=&#8221;off&#8221; module_id=&#8221;imagen-cabecera&#8221;][et_pb_row][et_pb_column type=&#8221;4_4&#8243;][et_pb_text admin_label=&#8221;Text&#8221; background_layout=&#8221;light&#8221; text_orientation=&#8221;left&#8221; module_id=&#8221;titulos&#8221;]<\/p>\n<h1 id=\"titulo-h1-paginas\">Implants dentals<\/h1>\n<p>[\/et_pb_text][\/et_pb_column][\/et_pb_row][\/et_pb_section][et_pb_section fullwidth=&#8221;off&#8221; specialty=&#8221;on&#8221;][et_pb_column type=&#8221;3_4&#8243; specialty_columns=&#8221;3&#8243;][et_pb_row_inner][et_pb_column_inner type=&#8221;4_4&#8243;][et_pb_text admin_label=&#8221;Text&#8221; background_layout=&#8221;light&#8221; text_orientation=&#8221;left&#8221;]<\/p>\n<h2>Qu\u00e8 s\u00f3n els implants dentals?<\/h2>\n<p>Les dents s\u00f3n sin\u00f2nim de qualitat de vida. Una bona dentadura et permet gaudir del menjar, parlar amb claredat i expressar un bonic somriure.<\/p>\n<p>A vegades, sorgeixen problemes com la p\u00e8rdua o el trencament d&#8217;una pe\u00e7a dental. Si no es soluciona amb un tractament personalitzat i adequat, les conseq\u00fc\u00e8ncies poden ser molt perjudicials per a la teva salut bucal per\u00f2 tamb\u00e9 per el teu benestar general.<\/p>\n<p>Si creus que necessites implants dentals, consulta amb els professionals de Terrassa Dental Cl\u00ednic el teu cas!<\/p>\n<p>&nbsp;<\/p>\n<p>[\/et_pb_text][\/et_pb_column_inner][\/et_pb_row_inner][et_pb_row_inner][et_pb_column_inner type=&#8221;1_2&#8243;][et_pb_image admin_label=&#8221;Image&#8221; src=&#8221;\/wp-content\/uploads\/2012\/03\/Depositphotos_3299349_L.jpg&#8221; show_in_lightbox=&#8221;off&#8221; url_new_window=&#8221;off&#8221; animation=&#8221;left&#8221; sticky=&#8221;off&#8221; \/][\/et_pb_column_inner][et_pb_column_inner type=&#8221;1_2&#8243;][et_pb_blurb admin_label=&#8221;Blurb&#8221; title=&#8221;La pr\u00f2tesi va unida a l&#x27;os.&#8221; url_new_window=&#8221;off&#8221; use_icon=&#8221;on&#8221; font_icon=&#8221;N&#8221; icon_color=&#8221;#1e73be&#8221; use_circle=&#8221;off&#8221; circle_color=&#8221;#7EBEC5&#8243; use_circle_border=&#8221;off&#8221; circle_border_color=&#8221;#7EBEC5&#8243; icon_placement=&#8221;left&#8221; animation=&#8221;off&#8221; background_layout=&#8221;light&#8221; text_orientation=&#8221;center&#8221;]Els implants dentals s\u00f3n la millor opci\u00f3 aix\u00ed com la m\u00e9s segura ja que s&#8217;uneixen directament a l&#8217;os de la mand\u00edbula o del maxil\u00b7lar. Quan l&#8217;implant s&#8217;ha integrat, es col.loca la funda o el pont fix corresponent.[\/et_pb_blurb][et_pb_blurb admin_label=&#8221;Blurb&#8221; title=&#8221;M\u00e9s confortabilitat per a tu&#8221; url_new_window=&#8221;off&#8221; use_icon=&#8221;on&#8221; font_icon=&#8221;N&#8221; icon_color=&#8221;#1e73be&#8221; use_circle=&#8221;off&#8221; circle_color=&#8221;#7EBEC5&#8243; use_circle_border=&#8221;off&#8221; circle_border_color=&#8221;#7EBEC5&#8243; icon_placement=&#8221;left&#8221; animation=&#8221;off&#8221; background_layout=&#8221;light&#8221; text_orientation=&#8221;center&#8221;]<\/p>\n<p>Tant \u00e9s aix\u00ed que la capacitat masticat\u00f2ria dels implants dentals \u00e9s similar a la de les dents naturals.\u00a0T&#8217;adaptar\u00e0s amb total normalitat!<\/p>\n<p>[\/et_pb_blurb][et_pb_blurb admin_label=&#8221;Blurb&#8221; title=&#8221;Evitar\u00e0s la p\u00e8rdua \u00f2ssia&#8221; url_new_window=&#8221;off&#8221; use_icon=&#8221;on&#8221; icon_color=&#8221;#1e73be&#8221; use_circle=&#8221;off&#8221; circle_color=&#8221;#7EBEC5&#8243; use_circle_border=&#8221;off&#8221; circle_border_color=&#8221;#7EBEC5&#8243; icon_placement=&#8221;left&#8221; animation=&#8221;top&#8221; background_layout=&#8221;light&#8221; text_orientation=&#8221;center&#8221; font_icon=&#8221;N&#8221;]<\/p>\n<p>Perqu\u00e8 amb els implants dentals, es conserva la funci\u00f3 sobre l&#8217;os i, d&#8217;aquesta manera, no es produeix un deteriorament de les dents adjacents.<\/p>\n<p>[\/et_pb_blurb][\/et_pb_column_inner][\/et_pb_row_inner][\/et_pb_column][et_pb_column type=&#8221;1_4&#8243;][et_pb_text admin_label=&#8221;Text&#8221; background_layout=&#8221;light&#8221; text_orientation=&#8221;left&#8221;]<\/p>\n<div style=\"background: #DEEAF3;padding-bottom: 33%;padding-left: 7%;padding-right: 7%;padding-top: 5%;width: 125%;\"><img loading=\"lazy\" decoding=\"async\" src=\"\/wp-content\/uploads\/2014\/10\/dentista.jpg\" alt=\"Metge estomat\u00f2leg\" title=\"Dr. Antonio L\u00f3pez\" width=\"133\" height=\"200\" class=\"alignleft size-full wp-image-3964\"><\/p>\n<h4 style=\"text-align: center;margin-top: 19%;\"><strong>Dr. Antonio L\u00f3pez<\/strong><\/h4>\n<p style=\"text-align:center\"><a href=\"\/doctor-jose-lopez\/\">Metge estomat\u00f2leg<\/a><\/p>\n<\/div>\n<p>[\/et_pb_text][et_pb_text admin_label=&#8221;Text&#8221; background_layout=&#8221;light&#8221; text_orientation=&#8221;left&#8221;]<\/p>\n<div id=\"solicitar-cita\" class=\"et_pb_text et_pb_bg_layout_light et_pb_text_align_left\">\n<div style=\"background: #c0dbed;padding-bottom: 5%;padding-left: 7%;padding-right: 7%; padding-top: 5%; width: 125%;\">\n<h4 style=\"font-weight: 600\">Sol\u00b7licitar visita<\/h4>\n<div>\n<p style=\"font-weight: 500\">Truqui ara per sol\u00b7licitar una visita o per fer qualsevol altra consulta al:<\/p>\n<\/p>\n<div class=\"telephone\">937 894 596<\/div>\n<div style=\"padding-top: 0%;margin-top: -2%;width: 100%;color: #FFF;  background-color: #9aafbe;  font-size: 12px;  font-style: normal;  line-height: 25px;text-align: center;\"><a style=\"font-size: 17px;color: white;\" href=\"\/ca\/contacte\"title=\"Demanar cita online\">Sol\u00b7licita cita online<\/a><\/div>\n<\/p>\n<\/div>\n<\/div>\n<\/div>\n<p>[\/et_pb_text][\/et_pb_column][\/et_pb_section][et_pb_section fullwidth=&#8221;off&#8221; specialty=&#8221;off&#8221;][et_pb_row][et_pb_column type=&#8221;4_4&#8243;][et_pb_text admin_label=&#8221;Text&#8221; background_layout=&#8221;light&#8221; text_orientation=&#8221;left&#8221;]<\/p>\n<h2>Com s\u00f3n els implants dentals?<\/h2>\n<p>Per definici\u00f3, s\u00f3n arrels artificials de titani que poden substituir una, diverses o fins i tot totes les dents. La utilitzaci\u00f3 dels implants per reempla\u00e7ar una dent unit\u00e0ria est\u00e0 considerat com un tractament reeixit.<\/p>\n<p>El seu manteniment \u00e9s el mateix que amb les dents naturals. Cal una correcta higiene di\u00e0ria i revisions peri\u00f2diques al teu dentista de confian\u00e7a.<\/p>\n<p>A la nostra cl\u00ednica dental col\u00b7loquem implants dentals de 1a categoria. A m\u00e9s, som pioners en la investigaci\u00f3 d&#8217;aquesta mat\u00e8ria.[\/et_pb_text][\/et_pb_column][\/et_pb_row][\/et_pb_section][et_pb_section fullwidth=&#8221;off&#8221; specialty=&#8221;off&#8221; transparent_background=&#8221;off&#8221; background_color=&#8221;#f7f5ef&#8221; inner_shadow=&#8221;off&#8221; parallax=&#8221;off&#8221; parallax_method=&#8221;off&#8221;][et_pb_row][et_pb_column type=&#8221;1_3&#8243;][et_pb_text admin_label=&#8221;Text&#8221; background_layout=&#8221;light&#8221; text_orientation=&#8221;left&#8221;]<\/p>\n<h3><strong>Direcci\u00f3 de la cl\u00ednica dental<\/strong><\/h3>\n<p>Carrer Col\u00b7legi n\u00ba 1<br \/>\n08221 Terrassa (Barcelona).<\/p>\n<p><strong>Horari de la cl\u00ednica<\/strong><br \/>\nDe Dilluns a Divendres<br \/>\nMatins: 9:00h a 13:00h<br \/>\nTardes: 16:00h a 20:00h<\/p>\n<p><strong>E-mail de contacte<\/strong><br \/>\ncentrodentalegara@gmail.com<\/p>\n<div class=\"telephone\" style=\"margin-top: 15%;\">937 894 596<\/div>\n<p>[\/et_pb_text][\/et_pb_column][et_pb_column type=&#8221;2_3&#8243;][et_pb_map admin_label=&#8221;Map&#8221; zoom_level=&#8221;16&#8243; address_lat=&#8221;41.56089041658337&#8243; address_lng=&#8221;2.0111236150730827&#8243; mouse_wheel=&#8221;off&#8221; module_id=&#8221;mapa-home&#8221;][et_pb_map_pin pin_address=&#8221;Carrer Col\u00b7legi, 11, 08221 Tarrasa, Barcelona, Espa\u00f1a&#8221; pin_address_lat=&#8221;41.5599853&#8243; pin_address_lng=&#8221;2.010856399999966&#8243; \/][\/et_pb_map][\/et_pb_column][\/et_pb_row][\/et_pb_section]<\/p>\n","protected":false},"excerpt":{"rendered":"<p><div class=\"et_pb_row et_pb_row_0 et_pb_row_empty\">\n\t\t\t\t\n\t\t\t\t\n\t\t\t\t\n\t\t\t\t\n\t\t\t\t\n\t\t\t<\/div> Implants dentals Qu\u00e8 s\u00f3n els implants dentals? Les dents s\u00f3n sin\u00f2nim de qualitat de vida. Una bona dentadura et permet gaudir del menjar, parlar amb claredat i expressar un bonic somriure. A vegades, sorgeixen problemes com la p\u00e8rdua o el trencament d&#8217;una pe\u00e7a dental. Si no es soluciona amb un tractament personalitzat i adequat, [&hellip;]<\/p>\n","protected":false},"author":2,"featured_media":0,"parent":0,"menu_order":0,"comment_status":"closed","ping_status":"closed","template":"","meta":{"_et_pb_use_builder":"on","_et_pb_old_content":"","_et_gb_content_width":"","footnotes":""},"class_list":["post-3294","page","type-page","status-publish","hentry"],"yoast_head":"<!-- This site is optimized with the Yoast SEO plugin v27.2 - https:\/\/yoast.com\/product\/yoast-seo-wordpress\/ -->\n<title>Implants dentals<\/title>\n<meta name=\"description\" content=\"Si has sofert la p\u00e8rdua o trencament d&#039;una dent, els implants dentals s\u00f3n la soluci\u00f3 perfecta. Mastega, parla amb claredat i recupera la teva autoestima!\" \/>\n<meta name=\"robots\" content=\"index, follow, max-snippet:-1, max-image-preview:large, max-video-preview:-1\" \/>\n<link rel=\"canonical\" href=\"https:\/\/www.terrassadentalclinic.com\/implantes-dentales\/\" \/>\n<meta property=\"og:locale\" content=\"ca_ES\" \/>\n<meta property=\"og:type\" content=\"article\" \/>\n<meta property=\"og:title\" content=\"Implants dentals\" \/>\n<meta property=\"og:description\" content=\"Si has sofert la p\u00e8rdua o trencament d&#039;una dent, els implants dentals s\u00f3n la soluci\u00f3 perfecta. Mastega, parla amb claredat i recupera la teva autoestima!\" \/>\n<meta property=\"og:url\" content=\"https:\/\/www.terrassadentalclinic.com\/implantes-dentales\/\" \/>\n<meta property=\"og:site_name\" content=\"Terrassa Dental Cl\u00ednic\" \/>\n<meta property=\"article:modified_time\" content=\"2014-12-03T08:37:45+00:00\" \/>\n<meta name=\"twitter:label1\" content=\"Temps estimat de lectura\" \/>\n\t<meta name=\"twitter:data1\" content=\"4 minuts\" \/>\n<script type=\"application\/ld+json\" class=\"yoast-schema-graph\">{\"@context\":\"https:\/\/schema.org\",\"@graph\":[{\"@type\":\"WebPage\",\"@id\":\"https:\/\/www.terrassadentalclinic.com\/implantes-dentales\/\",\"url\":\"https:\/\/www.terrassadentalclinic.com\/implantes-dentales\/\",\"name\":\"Implants dentals\",\"isPartOf\":{\"@id\":\"https:\/\/www.terrassadentalclinic.com\/#website\"},\"datePublished\":\"2014-10-21T07:42:32+00:00\",\"dateModified\":\"2014-12-03T08:37:45+00:00\",\"description\":\"Si has sofert la p\u00e8rdua o trencament d'una dent, els implants dentals s\u00f3n la soluci\u00f3 perfecta. Mastega, parla amb claredat i recupera la teva autoestima!\",\"breadcrumb\":{\"@id\":\"https:\/\/www.terrassadentalclinic.com\/implantes-dentales\/#breadcrumb\"},\"inLanguage\":\"ca\",\"potentialAction\":[{\"@type\":\"ReadAction\",\"target\":[\"https:\/\/www.terrassadentalclinic.com\/implantes-dentales\/\"]}]},{\"@type\":\"BreadcrumbList\",\"@id\":\"https:\/\/www.terrassadentalclinic.com\/implantes-dentales\/#breadcrumb\",\"itemListElement\":[{\"@type\":\"ListItem\",\"position\":1,\"name\":\"Portada\",\"item\":\"https:\/\/www.terrassadentalclinic.com\/ca\/\"},{\"@type\":\"ListItem\",\"position\":2,\"name\":\"Implants dentals\"}]},{\"@type\":\"WebSite\",\"@id\":\"https:\/\/www.terrassadentalclinic.com\/#website\",\"url\":\"https:\/\/www.terrassadentalclinic.com\/\",\"name\":\"Terrassa Dental Cl\u00ednic\",\"description\":\"\",\"potentialAction\":[{\"@type\":\"SearchAction\",\"target\":{\"@type\":\"EntryPoint\",\"urlTemplate\":\"https:\/\/www.terrassadentalclinic.com\/?s={search_term_string}\"},\"query-input\":{\"@type\":\"PropertyValueSpecification\",\"valueRequired\":true,\"valueName\":\"search_term_string\"}}],\"inLanguage\":\"ca\"}]}<\/script>\n<!-- \/ Yoast SEO plugin. -->","yoast_head_json":{"title":"Implants dentals","description":"Si has sofert la p\u00e8rdua o trencament d'una dent, els implants dentals s\u00f3n la soluci\u00f3 perfecta. Mastega, parla amb claredat i recupera la teva autoestima!","robots":{"index":"index","follow":"follow","max-snippet":"max-snippet:-1","max-image-preview":"max-image-preview:large","max-video-preview":"max-video-preview:-1"},"canonical":"https:\/\/www.terrassadentalclinic.com\/implantes-dentales\/","og_locale":"ca_ES","og_type":"article","og_title":"Implants dentals","og_description":"Si has sofert la p\u00e8rdua o trencament d'una dent, els implants dentals s\u00f3n la soluci\u00f3 perfecta. Mastega, parla amb claredat i recupera la teva autoestima!","og_url":"https:\/\/www.terrassadentalclinic.com\/implantes-dentales\/","og_site_name":"Terrassa Dental Cl\u00ednic","article_modified_time":"2014-12-03T08:37:45+00:00","twitter_misc":{"Temps estimat de lectura":"4 minuts"},"schema":{"@context":"https:\/\/schema.org","@graph":[{"@type":"WebPage","@id":"https:\/\/www.terrassadentalclinic.com\/implantes-dentales\/","url":"https:\/\/www.terrassadentalclinic.com\/implantes-dentales\/","name":"Implants dentals","isPartOf":{"@id":"https:\/\/www.terrassadentalclinic.com\/#website"},"datePublished":"2014-10-21T07:42:32+00:00","dateModified":"2014-12-03T08:37:45+00:00","description":"Si has sofert la p\u00e8rdua o trencament d'una dent, els implants dentals s\u00f3n la soluci\u00f3 perfecta. Mastega, parla amb claredat i recupera la teva autoestima!","breadcrumb":{"@id":"https:\/\/www.terrassadentalclinic.com\/implantes-dentales\/#breadcrumb"},"inLanguage":"ca","potentialAction":[{"@type":"ReadAction","target":["https:\/\/www.terrassadentalclinic.com\/implantes-dentales\/"]}]},{"@type":"BreadcrumbList","@id":"https:\/\/www.terrassadentalclinic.com\/implantes-dentales\/#breadcrumb","itemListElement":[{"@type":"ListItem","position":1,"name":"Portada","item":"https:\/\/www.terrassadentalclinic.com\/ca\/"},{"@type":"ListItem","position":2,"name":"Implants dentals"}]},{"@type":"WebSite","@id":"https:\/\/www.terrassadentalclinic.com\/#website","url":"https:\/\/www.terrassadentalclinic.com\/","name":"Terrassa Dental Cl\u00ednic","description":"","potentialAction":[{"@type":"SearchAction","target":{"@type":"EntryPoint","urlTemplate":"https:\/\/www.terrassadentalclinic.com\/?s={search_term_string}"},"query-input":{"@type":"PropertyValueSpecification","valueRequired":true,"valueName":"search_term_string"}}],"inLanguage":"ca"}]}},"_links":{"self":[{"href":"https:\/\/www.terrassadentalclinic.com\/ca\/wp-json\/wp\/v2\/pages\/3294","targetHints":{"allow":["GET"]}}],"collection":[{"href":"https:\/\/www.terrassadentalclinic.com\/ca\/wp-json\/wp\/v2\/pages"}],"about":[{"href":"https:\/\/www.terrassadentalclinic.com\/ca\/wp-json\/wp\/v2\/types\/page"}],"author":[{"embeddable":true,"href":"https:\/\/www.terrassadentalclinic.com\/ca\/wp-json\/wp\/v2\/users\/2"}],"replies":[{"embeddable":true,"href":"https:\/\/www.terrassadentalclinic.com\/ca\/wp-json\/wp\/v2\/comments?post=3294"}],"version-history":[{"count":35,"href":"https:\/\/www.terrassadentalclinic.com\/ca\/wp-json\/wp\/v2\/pages\/3294\/revisions"}],"predecessor-version":[{"id":4648,"href":"https:\/\/www.terrassadentalclinic.com\/ca\/wp-json\/wp\/v2\/pages\/3294\/revisions\/4648"}],"wp:attachment":[{"href":"https:\/\/www.terrassadentalclinic.com\/ca\/wp-json\/wp\/v2\/media?parent=3294"}],"curies":[{"name":"wp","href":"https:\/\/api.w.org\/{rel}","templated":true}]}}