{"id":2617,"date":"2012-08-31T11:40:48","date_gmt":"2012-08-31T11:40:48","guid":{"rendered":"http:\/\/www.terrassadentalclinic.com\/?page_id=2617"},"modified":"2014-11-27T08:57:11","modified_gmt":"2014-11-27T08:57:11","slug":"contacte","status":"publish","type":"page","link":"https:\/\/www.terrassadentalclinic.com\/ca\/contacte\/","title":{"rendered":"Contacte"},"content":{"rendered":"<p>[et_pb_section fullwidth=&#8221;off&#8221; specialty=&#8221;on&#8221; transparent_background=&#8221;off&#8221; background_color=&#8221;#f2f2f2&#8243; inner_shadow=&#8221;off&#8221; parallax=&#8221;off&#8221; parallax_method=&#8221;off&#8221;][et_pb_column type=&#8221;1_3&#8243;][et_pb_text admin_label=&#8221;Text&#8221; background_layout=&#8221;light&#8221; text_orientation=&#8221;left&#8221;]<\/p>\n<h3><strong>Direcci\u00f3 de la cl\u00ednica dental<\/strong><\/h3>\n<p>Carrer Col\u00b7legi n\u00ba 1<br \/>\n08221 Terrassa (Barcelona).<\/p>\n<p><strong>Horari de la cl\u00ednica<\/strong><br \/>\nDe Dilluns a Divendres<br \/>\nMatins: 9:00h a 13:00h<br \/>\nTardes: 16:00h a 20:00h<\/p>\n<p><strong>E-mail de contacte<\/strong><br \/>\ncentrodentalegara@gmail.com<\/p>\n<div style=\"margin-top: 15%;\" class=\"telephone\">937 894 596<\/div>\n<p>[\/et_pb_text][\/et_pb_column][et_pb_column type=&#8221;2_3&#8243; specialty_columns=&#8221;2&#8243;][et_pb_row_inner][et_pb_column_inner type=&#8221;4_4&#8243;][et_pb_map admin_label=&#8221;Map&#8221; zoom_level=&#8221;16&#8243; address_lat=&#8221;41.56007671026102&#8243; address_lng=&#8221;2.0107851767211287&#8243; mouse_wheel=&#8221;on&#8221;][et_pb_map_pin pin_address=&#8221;Carrer Col\u00b7legi, 1, 08221 Terrassa, Barcelona, Espa\u00f1a&#8221; pin_address_lat=&#8221;41.560751055763575&#8243; pin_address_lng=&#8221;2.0105705999999373&#8243; \/][\/et_pb_map][\/et_pb_column_inner][\/et_pb_row_inner][\/et_pb_column][\/et_pb_section][et_pb_section transparent_background=&#8221;off&#8221; background_color=&#8221;#ffffff&#8221; inner_shadow=&#8221;off&#8221; parallax=&#8221;off&#8221; parallax_method=&#8221;off&#8221; module_id=&#8221;seccion2-contacto&#8221;][et_pb_row][et_pb_column type=&#8221;1_3&#8243;][et_pb_text admin_label=&#8221;Text&#8221; background_layout=&#8221;light&#8221; text_orientation=&#8221;left&#8221; module_id=&#8221;formulario-fondo&#8221;]<\/p>\n<h1 style=\"font-size: 27px;margin-top: -25%;padding-top: 8%;\">Formulari de contacte<\/h1>\n<div id=\"formulario\">\n<div class=\"wpcf7 no-js\" id=\"wpcf7-f1117-o1\" lang=\"\" dir=\"ltr\" data-wpcf7-id=\"1117\">\n<div class=\"screen-reader-response\"><p role=\"status\" aria-live=\"polite\" aria-atomic=\"true\"><\/p> <ul><\/ul><\/div>\n<form action=\"\/ca\/wp-json\/wp\/v2\/pages\/2617#wpcf7-f1117-o1\" method=\"post\" class=\"wpcf7-form init\" aria-label=\"Formulari de contacte\" novalidate=\"novalidate\" data-status=\"init\">\n<fieldset class=\"hidden-fields-container\"><input type=\"hidden\" name=\"_wpcf7\" value=\"1117\" \/><input type=\"hidden\" name=\"_wpcf7_version\" value=\"6.1.5\" \/><input type=\"hidden\" name=\"_wpcf7_locale\" value=\"\" \/><input type=\"hidden\" name=\"_wpcf7_unit_tag\" value=\"wpcf7-f1117-o1\" \/><input type=\"hidden\" name=\"_wpcf7_container_post\" value=\"0\" \/><input type=\"hidden\" name=\"_wpcf7_posted_data_hash\" value=\"\" \/><input type=\"hidden\" name=\"_wpcf7_recaptcha_response\" value=\"\" \/>\n<\/fieldset>\n<p><span class=\"wpcf7-form-control-wrap\" data-name=\"text-861\"><input size=\"40\" maxlength=\"400\" class=\"wpcf7-form-control wpcf7-text wpcf7-validates-as-required\" aria-required=\"true\" aria-invalid=\"false\" placeholder=\"Nom i Cognoms*\" value=\"\" type=\"text\" name=\"text-861\" \/><\/span>\n<\/p>\n<p><span class=\"wpcf7-form-control-wrap\" data-name=\"Telefono\"><input size=\"40\" maxlength=\"400\" class=\"wpcf7-form-control wpcf7-text wpcf7-validates-as-required\" aria-required=\"true\" aria-invalid=\"false\" placeholder=\"Tel\u00e8fon*\" value=\"\" type=\"text\" name=\"Telefono\" \/><\/span>\n<\/p>\n<p><span class=\"wpcf7-form-control-wrap\" data-name=\"email-936\"><input size=\"40\" maxlength=\"400\" class=\"wpcf7-form-control wpcf7-email wpcf7-validates-as-required wpcf7-text wpcf7-validates-as-email\" aria-required=\"true\" aria-invalid=\"false\" placeholder=\"E-mail*\" value=\"\" type=\"email\" name=\"email-936\" \/><\/span>\n<\/p>\n<h3>Quin dia prefereixes venir?\n<\/h3>\n<p><span class=\"wpcf7-form-control-wrap\" data-name=\"dia\"><select class=\"wpcf7-form-control wpcf7-select\" aria-invalid=\"false\" name=\"dia\"><option value=\"Dilluns\">Dilluns<\/option><option value=\"Dimarts\">Dimarts<\/option><option value=\"Dimecres\">Dimecres<\/option><option value=\"Dijous\">Dijous<\/option><option value=\"Divendres\">Divendres<\/option><\/select><\/span>\n<\/p>\n<p><span class=\"wpcf7-form-control-wrap\" data-name=\"disponibilitat\"><select class=\"wpcf7-form-control wpcf7-select\" aria-invalid=\"false\" name=\"disponibilitat\"><option value=\"Matins\">Matins<\/option><option value=\"Tardes\">Tardes<\/option><\/select><\/span>\n<\/p>\n<p>Especialitat\n<\/p>\n<p><span class=\"wpcf7-form-control-wrap\" data-name=\"Especialitat\"><select class=\"wpcf7-form-control wpcf7-select\" aria-invalid=\"false\" name=\"Especialitat\"><option value=\"Implants dentals\">Implants dentals<\/option><option value=\"Est\u00e8tica dental\">Est\u00e8tica dental<\/option><option value=\"Ortod\u00f2ncia\">Ortod\u00f2ncia<\/option><option value=\"Cirurgia Oral - Maxil\u00b7lofacial\">Cirurgia Oral - Maxil\u00b7lofacial<\/option><option value=\"Pr\u00f2tesis Dentals\">Pr\u00f2tesis Dentals<\/option><option value=\"Odontologia\">Odontologia<\/option><option value=\"Altres\">Altres<\/option><\/select><\/span>\n<\/p>\n<p>Pacient\n<\/p>\n<p><span class=\"wpcf7-form-control-wrap\" data-name=\"pacient\"><select class=\"wpcf7-form-control wpcf7-select\" aria-invalid=\"false\" name=\"pacient\"><option value=\"Nen\">Nen<\/option><option value=\"Adult\">Adult<\/option><\/select><\/span>\n<\/p>\n<p><span class=\"wpcf7-form-control-wrap\" data-name=\"consulta\"><textarea cols=\"27\" rows=\"5\" maxlength=\"2000\" class=\"wpcf7-form-control wpcf7-textarea\" aria-invalid=\"false\" placeholder=\"Consulta\" name=\"consulta\"><\/textarea><\/span>\n<\/p>\n<p><input type=\"hidden\" name=\"_wpcf7_captcha_challenge_captcha-524\" value=\"1110848134\" \/><img loading=\"lazy\" decoding=\"async\" class=\"wpcf7-form-control wpcf7-captchac wpcf7-captcha-captcha-524\" width=\"72\" height=\"24\" alt=\"captcha\" src=\"https:\/\/www.terrassadentalclinic.com\/wp-content\/uploads\/wpcf7_captcha\/1110848134.png\" \/><span class=\"wpcf7-form-control-wrap\" data-name=\"captcha-524\"><input size=\"20\" maxlength=\"30\" class=\"wpcf7-form-control wpcf7-captchar\" autocomplete=\"off\" aria-invalid=\"false\" value=\"\" type=\"text\" name=\"captcha-524\" \/><\/span>\n<\/p>\n<p><span class=\"wpcf7-form-control-wrap\" data-name=\"acceptance-799\"><span class=\"wpcf7-form-control wpcf7-acceptance\"><span class=\"wpcf7-list-item\"><input type=\"checkbox\" name=\"acceptance-799\" value=\"1\" aria-invalid=\"false\" \/><\/span><\/span><\/span> He llegit, he ent\u00e9s i accepto les <a href=\"\/avis-legal\/\">condicions legals<\/a>\n<\/p>\n<p><input class=\"wpcf7-form-control wpcf7-submit has-spinner\" type=\"submit\" value=\"Enviar\" \/>\n<\/p><div class=\"wpcf7-response-output\" aria-hidden=\"true\"><\/div>\n<\/form>\n<\/div>\n<\/div>\n<p>[\/et_pb_text][\/et_pb_column][et_pb_column type=&#8221;2_3&#8243;][et_pb_text admin_label=&#8221;Text&#8221; background_layout=&#8221;light&#8221; text_orientation=&#8221;left&#8221; module_id=&#8221;Contenido-pagina-contacto&#8221;]<\/p>\n<h2 style=\"margin-top: -18%;padding-top: 10%;\">\u00a1Segueix-nos al Facebook!<\/h2>\n<p>Estigues al dia de les \u00faltimes novetats i avan\u00e7os tecnol\u00f2gics que anirem parlant en la nostra p\u00e0gina oficial.<\/p>\n<\/p>\n<p><a href=\"http:\/\/www.facebook.com\/pages\/Terrassa-Dental-Clinic\/303497563170793\"><img loading=\"lazy\" decoding=\"async\" src=\"\/wp-content\/uploads\/2014\/11\/facebook2-300x71.jpg\" alt=\"facebook Terrassa Dental Clinic\" width=\"300\" height=\"71\" class=\"aligncenter size-medium wp-image-3873\" srcset=\"https:\/\/www.terrassadentalclinic.com\/wp-content\/uploads\/2014\/11\/facebook2-300x71.jpg 300w, https:\/\/www.terrassadentalclinic.com\/wp-content\/uploads\/2014\/11\/facebook2.jpg 408w\" sizes=\"(max-width: 300px) 100vw, 300px\" \/><\/a> <\/p>\n<\/p>\n<\/p>\n<h2>Instal\u00b7lacions de la cl\u00ednica dental<\/h2>\n<\/p>\n\n<\/p>\n<p>[\/et_pb_text][\/et_pb_column][\/et_pb_row][\/et_pb_section]<\/p>\n","protected":false},"excerpt":{"rendered":"<p>Direcci\u00f3 de la cl\u00ednica dental Carrer Col\u00b7legi n\u00ba 1 08221 Terrassa (Barcelona). Horari de la cl\u00ednica De Dilluns a Divendres Matins: 9:00h a 13:00h Tardes: 16:00h a 20:00h E-mail de contacte centrodentalegara@gmail.com 937 894 596<div class=\"et_pb_row et_pb_row_0 et_pb_row_empty\">\n\t\t\t\t\n\t\t\t\t\n\t\t\t\t\n\t\t\t\t\n\t\t\t\t\n\t\t\t<\/div>Formulari de contacte \n<div class=\"wpcf7 no-js\" id=\"wpcf7-f1117-o2\" lang=\"\" dir=\"ltr\" data-wpcf7-id=\"1117\">\n<div class=\"screen-reader-response\"><p role=\"status\" aria-live=\"polite\" aria-atomic=\"true\"><\/p> <ul><\/ul><\/div>\n<form action=\"\/ca\/wp-json\/wp\/v2\/pages\/2617#wpcf7-f1117-o2\" method=\"post\" class=\"wpcf7-form init\" aria-label=\"Formulari de contacte\" novalidate=\"novalidate\" data-status=\"init\">\n<fieldset class=\"hidden-fields-container\"><input type=\"hidden\" name=\"_wpcf7\" value=\"1117\" \/><input type=\"hidden\" name=\"_wpcf7_version\" value=\"6.1.5\" \/><input type=\"hidden\" name=\"_wpcf7_locale\" value=\"\" \/><input type=\"hidden\" name=\"_wpcf7_unit_tag\" value=\"wpcf7-f1117-o2\" \/><input type=\"hidden\" name=\"_wpcf7_container_post\" value=\"0\" \/><input type=\"hidden\" name=\"_wpcf7_posted_data_hash\" value=\"\" \/><input type=\"hidden\" name=\"_wpcf7_recaptcha_response\" value=\"\" \/>\n<\/fieldset>\n<p><span class=\"wpcf7-form-control-wrap\" data-name=\"text-861\"><input size=\"40\" maxlength=\"400\" class=\"wpcf7-form-control wpcf7-text wpcf7-validates-as-required\" aria-required=\"true\" aria-invalid=\"false\" placeholder=\"Nom i Cognoms*\" value=\"\" type=\"text\" name=\"text-861\" \/><\/span>\n<\/p>\n<p><span class=\"wpcf7-form-control-wrap\" data-name=\"Telefono\"><input size=\"40\" maxlength=\"400\" class=\"wpcf7-form-control wpcf7-text wpcf7-validates-as-required\" aria-required=\"true\" aria-invalid=\"false\" placeholder=\"Tel\u00e8fon*\" value=\"\" type=\"text\" name=\"Telefono\" \/><\/span>\n<\/p>\n<p><span class=\"wpcf7-form-control-wrap\" data-name=\"email-936\"><input size=\"40\" maxlength=\"400\" class=\"wpcf7-form-control wpcf7-email wpcf7-validates-as-required wpcf7-text wpcf7-validates-as-email\" aria-required=\"true\" aria-invalid=\"false\" placeholder=\"E-mail*\" value=\"\" type=\"email\" name=\"email-936\" \/><\/span>\n<\/p>\n<h3>Quin dia prefereixes venir?\n<\/h3>\n<p><span class=\"wpcf7-form-control-wrap\" data-name=\"dia\"><select class=\"wpcf7-form-control wpcf7-select\" aria-invalid=\"false\" name=\"dia\"><option value=\"Dilluns\">Dilluns<\/option><option value=\"Dimarts\">Dimarts<\/option><option value=\"Dimecres\">Dimecres<\/option><option value=\"Dijous\">Dijous<\/option><option value=\"Divendres\">Divendres<\/option><\/select><\/span>\n<\/p>\n<p><span class=\"wpcf7-form-control-wrap\" data-name=\"disponibilitat\"><select class=\"wpcf7-form-control wpcf7-select\" aria-invalid=\"false\" name=\"disponibilitat\"><option value=\"Matins\">Matins<\/option><option value=\"Tardes\">Tardes<\/option><\/select><\/span>\n<\/p>\n<p>Especialitat\n<\/p>\n<p><span class=\"wpcf7-form-control-wrap\" data-name=\"Especialitat\"><select class=\"wpcf7-form-control wpcf7-select\" aria-invalid=\"false\" name=\"Especialitat\"><option value=\"Implants dentals\">Implants dentals<\/option><option value=\"Est\u00e8tica dental\">Est\u00e8tica dental<\/option><option value=\"Ortod\u00f2ncia\">Ortod\u00f2ncia<\/option><option value=\"Cirurgia Oral - Maxil\u00b7lofacial\">Cirurgia Oral - Maxil\u00b7lofacial<\/option><option value=\"Pr\u00f2tesis Dentals\">Pr\u00f2tesis Dentals<\/option><option value=\"Odontologia\">Odontologia<\/option><option value=\"Altres\">Altres<\/option><\/select><\/span>\n<\/p>\n<p>Pacient\n<\/p>\n<p><span class=\"wpcf7-form-control-wrap\" data-name=\"pacient\"><select class=\"wpcf7-form-control wpcf7-select\" aria-invalid=\"false\" name=\"pacient\"><option value=\"Nen\">Nen<\/option><option value=\"Adult\">Adult<\/option><\/select><\/span>\n<\/p>\n<p><span class=\"wpcf7-form-control-wrap\" data-name=\"consulta\"><textarea cols=\"27\" rows=\"5\" maxlength=\"2000\" class=\"wpcf7-form-control wpcf7-textarea\" aria-invalid=\"false\" placeholder=\"Consulta\" name=\"consulta\"><\/textarea><\/span>\n<\/p>\n<p><input type=\"hidden\" name=\"_wpcf7_captcha_challenge_captcha-524\" value=\"2573885282\" \/><img loading=\"lazy\" decoding=\"async\" class=\"wpcf7-form-control wpcf7-captchac wpcf7-captcha-captcha-524\" width=\"72\" height=\"24\" alt=\"captcha\" src=\"https:\/\/www.terrassadentalclinic.com\/wp-content\/uploads\/wpcf7_captcha\/2573885282.png\" \/><span class=\"wpcf7-form-control-wrap\" data-name=\"captcha-524\"><input size=\"20\" maxlength=\"30\" class=\"wpcf7-form-control wpcf7-captchar\" autocomplete=\"off\" aria-invalid=\"false\" value=\"\" type=\"text\" name=\"captcha-524\" \/><\/span>\n<\/p>\n<p><span class=\"wpcf7-form-control-wrap\" data-name=\"acceptance-799\"><span class=\"wpcf7-form-control wpcf7-acceptance\"><span class=\"wpcf7-list-item\"><input type=\"checkbox\" name=\"acceptance-799\" value=\"1\" aria-invalid=\"false\" \/><\/span><\/span><\/span> He llegit, he ent\u00e9s i accepto les <a href=\"\/avis-legal\/\">condicions legals<\/a>\n<\/p>\n<p><input class=\"wpcf7-form-control wpcf7-submit has-spinner\" type=\"submit\" value=\"Enviar\" \/>\n<\/p><div class=\"wpcf7-response-output\" aria-hidden=\"true\"><\/div>\n<\/form>\n<\/div>\n\u00a1Segueix-nos al Facebook! Estigues al dia de les \u00faltimes novetats i avan\u00e7os tecnol\u00f2gics que anirem [&hellip;]<\/p>\n","protected":false},"author":2,"featured_media":0,"parent":0,"menu_order":0,"comment_status":"closed","ping_status":"closed","template":"","meta":{"_et_pb_use_builder":"on","_et_pb_old_content":"<table cellpadding=\"20\" align=\"center\">\r\n<tbody>\r\n<tr>\r\n<td style=\"border-right: 2px ridge black;\" valign=\"top\">\r\n<h2>Pide tu cita:<\/h2>\r\n[contact-form 3 \"Cita Castellano\"]<\/td>\r\n<td valign=\"top\">\r\n<h2>Terrassa Dental Clinic:<\/h2>\r\n<table cellpadding=\"5\">\r\n<tbody>\r\n<tr>\r\n<td align=\"midle\"><img class=\"alignnone size-full wp-image-202\" title=\"home\" src=\"\/wp-content\/uploads\/2012\/07\/Direccion_TDC.png\" alt=\"\" width=\"70\" height=\"70\" \/><\/td>\r\n<td>Carrer Col\u00b7legi, 1\r\nTerrassa (08221)\r\nBarcelona<\/td>\r\n<\/tr>\r\n<tr>\r\n<td><img class=\"alignnone size-full wp-image-205\" title=\"telefono\" src=\"\/wp-content\/uploads\/2012\/07\/Telefono_TDC.png\" alt=\"\" width=\"70\" height=\"70\" \/><\/td>\r\n<td>De Lunes a Viernes 09h a 13h \u2013 16h a 20h\r\nTelf. +34 937 89 45 96<\/td>\r\n<\/tr>\r\n<tr>\r\n<td><img class=\"alignnone size-full wp-image-212\" title=\"correo\" src=\"\/wp-content\/uploads\/2012\/07\/Correo_TDC.png\" alt=\"\" width=\"70\" height=\"70\" \/><\/td>\r\n<td>centrodentalegara@gmail.com<\/td>\r\n<\/tr>\r\n<\/tbody>\r\n<\/table>\r\n<iframe src=\"http:\/\/maps.google.com\/maps\/ms?msa=0&msid=208197319467608049481.0004a907c0b52a821f256&ie=UTF8&t=m&vpsrc=6&ll=41.55972,2.009919&spn=0.006021,0.012853&z=16&output=embed\" frameborder=\"0\" marginwidth=\"0\" marginheight=\"0\" scrolling=\"no\" width=\"400\" height=\"350\"><\/iframe><\/td>\r\n<\/tr>\r\n<\/tbody>\r\n<\/table>","_et_gb_content_width":"","footnotes":""},"class_list":["post-2617","page","type-page","status-publish","hentry"],"yoast_head":"<!-- This site is optimized with the Yoast SEO plugin v27.2 - https:\/\/yoast.com\/product\/yoast-seo-wordpress\/ -->\n<title>Contacte - Terrassa Dental Cl\u00ednic<\/title>\n<meta name=\"robots\" content=\"index, follow, max-snippet:-1, max-image-preview:large, max-video-preview:-1\" \/>\n<link rel=\"canonical\" href=\"https:\/\/www.terrassadentalclinic.com\/ca\/contacte\/\" \/>\n<meta property=\"og:locale\" content=\"ca_ES\" \/>\n<meta property=\"og:type\" content=\"article\" \/>\n<meta property=\"og:title\" content=\"Contacte - Terrassa Dental Cl\u00ednic\" \/>\n<meta property=\"og:description\" content=\"Direcci\u00f3 de la cl\u00ednica dental Carrer Col\u00b7legi n\u00ba 1 08221 Terrassa (Barcelona). Horari de la cl\u00ednica De Dilluns a Divendres Matins: 9:00h a 13:00h Tardes: 16:00h a 20:00h E-mail de contacte centrodentalegara@gmail.com 937 894 596Formulari de contacte \u00a1Segueix-nos al Facebook! Estigues al dia de les \u00faltimes novetats i avan\u00e7os tecnol\u00f2gics que anirem [&hellip;]\" \/>\n<meta property=\"og:url\" content=\"https:\/\/www.terrassadentalclinic.com\/ca\/contacte\/\" \/>\n<meta property=\"og:site_name\" content=\"Terrassa Dental Cl\u00ednic\" \/>\n<meta property=\"article:modified_time\" content=\"2014-11-27T08:57:11+00:00\" \/>\n<meta name=\"twitter:label1\" content=\"Temps estimat de lectura\" \/>\n\t<meta name=\"twitter:data1\" content=\"1 minut\" \/>\n<script type=\"application\/ld+json\" class=\"yoast-schema-graph\">{\"@context\":\"https:\/\/schema.org\",\"@graph\":[{\"@type\":\"WebPage\",\"@id\":\"https:\/\/www.terrassadentalclinic.com\/ca\/contacte\/\",\"url\":\"https:\/\/www.terrassadentalclinic.com\/ca\/contacte\/\",\"name\":\"Contacte - Terrassa Dental Cl\u00ednic\",\"isPartOf\":{\"@id\":\"https:\/\/www.terrassadentalclinic.com\/#website\"},\"datePublished\":\"2012-08-31T11:40:48+00:00\",\"dateModified\":\"2014-11-27T08:57:11+00:00\",\"breadcrumb\":{\"@id\":\"https:\/\/www.terrassadentalclinic.com\/ca\/contacte\/#breadcrumb\"},\"inLanguage\":\"ca\",\"potentialAction\":[{\"@type\":\"ReadAction\",\"target\":[\"https:\/\/www.terrassadentalclinic.com\/ca\/contacte\/\"]}]},{\"@type\":\"BreadcrumbList\",\"@id\":\"https:\/\/www.terrassadentalclinic.com\/ca\/contacte\/#breadcrumb\",\"itemListElement\":[{\"@type\":\"ListItem\",\"position\":1,\"name\":\"Portada\",\"item\":\"https:\/\/www.terrassadentalclinic.com\/ca\/\"},{\"@type\":\"ListItem\",\"position\":2,\"name\":\"Contacte\"}]},{\"@type\":\"WebSite\",\"@id\":\"https:\/\/www.terrassadentalclinic.com\/#website\",\"url\":\"https:\/\/www.terrassadentalclinic.com\/\",\"name\":\"Terrassa Dental Cl\u00ednic\",\"description\":\"\",\"potentialAction\":[{\"@type\":\"SearchAction\",\"target\":{\"@type\":\"EntryPoint\",\"urlTemplate\":\"https:\/\/www.terrassadentalclinic.com\/?s={search_term_string}\"},\"query-input\":{\"@type\":\"PropertyValueSpecification\",\"valueRequired\":true,\"valueName\":\"search_term_string\"}}],\"inLanguage\":\"ca\"}]}<\/script>\n<!-- \/ Yoast SEO plugin. -->","yoast_head_json":{"title":"Contacte - Terrassa Dental Cl\u00ednic","robots":{"index":"index","follow":"follow","max-snippet":"max-snippet:-1","max-image-preview":"max-image-preview:large","max-video-preview":"max-video-preview:-1"},"canonical":"https:\/\/www.terrassadentalclinic.com\/ca\/contacte\/","og_locale":"ca_ES","og_type":"article","og_title":"Contacte - Terrassa Dental Cl\u00ednic","og_description":"Direcci\u00f3 de la cl\u00ednica dental Carrer Col\u00b7legi n\u00ba 1 08221 Terrassa (Barcelona). Horari de la cl\u00ednica De Dilluns a Divendres Matins: 9:00h a 13:00h Tardes: 16:00h a 20:00h E-mail de contacte centrodentalegara@gmail.com 937 894 596Formulari de contacte \u00a1Segueix-nos al Facebook! Estigues al dia de les \u00faltimes novetats i avan\u00e7os tecnol\u00f2gics que anirem [&hellip;]","og_url":"https:\/\/www.terrassadentalclinic.com\/ca\/contacte\/","og_site_name":"Terrassa Dental Cl\u00ednic","article_modified_time":"2014-11-27T08:57:11+00:00","twitter_misc":{"Temps estimat de lectura":"1 minut"},"schema":{"@context":"https:\/\/schema.org","@graph":[{"@type":"WebPage","@id":"https:\/\/www.terrassadentalclinic.com\/ca\/contacte\/","url":"https:\/\/www.terrassadentalclinic.com\/ca\/contacte\/","name":"Contacte - Terrassa Dental Cl\u00ednic","isPartOf":{"@id":"https:\/\/www.terrassadentalclinic.com\/#website"},"datePublished":"2012-08-31T11:40:48+00:00","dateModified":"2014-11-27T08:57:11+00:00","breadcrumb":{"@id":"https:\/\/www.terrassadentalclinic.com\/ca\/contacte\/#breadcrumb"},"inLanguage":"ca","potentialAction":[{"@type":"ReadAction","target":["https:\/\/www.terrassadentalclinic.com\/ca\/contacte\/"]}]},{"@type":"BreadcrumbList","@id":"https:\/\/www.terrassadentalclinic.com\/ca\/contacte\/#breadcrumb","itemListElement":[{"@type":"ListItem","position":1,"name":"Portada","item":"https:\/\/www.terrassadentalclinic.com\/ca\/"},{"@type":"ListItem","position":2,"name":"Contacte"}]},{"@type":"WebSite","@id":"https:\/\/www.terrassadentalclinic.com\/#website","url":"https:\/\/www.terrassadentalclinic.com\/","name":"Terrassa Dental Cl\u00ednic","description":"","potentialAction":[{"@type":"SearchAction","target":{"@type":"EntryPoint","urlTemplate":"https:\/\/www.terrassadentalclinic.com\/?s={search_term_string}"},"query-input":{"@type":"PropertyValueSpecification","valueRequired":true,"valueName":"search_term_string"}}],"inLanguage":"ca"}]}},"_links":{"self":[{"href":"https:\/\/www.terrassadentalclinic.com\/ca\/wp-json\/wp\/v2\/pages\/2617","targetHints":{"allow":["GET"]}}],"collection":[{"href":"https:\/\/www.terrassadentalclinic.com\/ca\/wp-json\/wp\/v2\/pages"}],"about":[{"href":"https:\/\/www.terrassadentalclinic.com\/ca\/wp-json\/wp\/v2\/types\/page"}],"author":[{"embeddable":true,"href":"https:\/\/www.terrassadentalclinic.com\/ca\/wp-json\/wp\/v2\/users\/2"}],"replies":[{"embeddable":true,"href":"https:\/\/www.terrassadentalclinic.com\/ca\/wp-json\/wp\/v2\/comments?post=2617"}],"version-history":[{"count":19,"href":"https:\/\/www.terrassadentalclinic.com\/ca\/wp-json\/wp\/v2\/pages\/2617\/revisions"}],"predecessor-version":[{"id":4377,"href":"https:\/\/www.terrassadentalclinic.com\/ca\/wp-json\/wp\/v2\/pages\/2617\/revisions\/4377"}],"wp:attachment":[{"href":"https:\/\/www.terrassadentalclinic.com\/ca\/wp-json\/wp\/v2\/media?parent=2617"}],"curies":[{"name":"wp","href":"https:\/\/api.w.org\/{rel}","templated":true}]}}