{"id":2204,"date":"2012-04-24T10:09:59","date_gmt":"2012-04-24T10:09:59","guid":{"rendered":"http:\/\/www.terrassadentalclinic.com\/?page_id=2204"},"modified":"2012-07-24T11:51:41","modified_gmt":"2012-07-24T11:51:41","slug":"tecniques-indolores-intervencions-dentals-2","status":"publish","type":"page","link":"https:\/\/www.terrassadentalclinic.com\/ca\/tecniques-indolores-intervencions-dentals-2\/","title":{"rendered":"T\u00e8cniques indolores per a les intervencions dentals"},"content":{"rendered":"<p>[nivo category=&#8221;banner_cat_tec&#8221; effect=&#8221;sliceDown&#8221; speed=400 pause=7000]<\/p>\n<p>Sovint, quan les persones tenen que anar al <strong>dentista<\/strong> pateixen ansietat o por al sapiguer que se&#8217;ls t\u00e9 que realitzar una <strong>intervenci\u00f3 bucal<\/strong>.<\/p>\n<p>A <strong>Terrassa Dental Cl\u00ednic<\/strong> tenim les t\u00e8cniques necess\u00e0ries per a que els nostres pacients no tinguin cap dolor a les operacions.<\/p>\n<p style=\"text-align: center;\"><strong><em><span style=\"color: #6db3ee; font-size: large;\"> Olvida&#8217;t de la por que produeix anar al dentista<\/span><\/em><\/strong><\/p>\n<p>&nbsp;<\/p>\n<table cellpadding=\"15\">\n<tbody>\n<tr>\n<td>Aquestes t\u00e8cniques presenten un <strong>doble benefici<\/strong>:<\/p>\n<div class=\"et-custom-list\">\n<ul>\n<li>Els pacients no pateixen cap dolor<\/li>\n<li>Ajuden a la correcta realitzaci\u00f3 de l&#8217;operaci\u00f3<\/li>\n<\/ul>\n<\/div>\n<div class=\"et-custom-list\"><\/div>\n<div class=\"et-custom-list\"><\/div>\n<div class=\"et-custom-list\"><\/div>\n<div class=\"et-custom-list\"><\/div>\n<div class=\"et-custom-list\"><\/div>\n<div class=\"et-custom-list\"><\/div>\n<div class=\"et-custom-list\"><\/div>\n<div class=\"et-custom-list\"><\/div>\n<div class=\"et-custom-list\"><\/div>\n<div class=\"et-custom-list\"><\/div>\n<div class=\"et-custom-list\"><\/div>\n<div class=\"et-custom-list\"><\/div>\n<div class=\"et-custom-list\"><\/div>\n<div class=\"et-custom-list\"><\/div>\n<div class=\"et-custom-list\"><\/div>\n<div class=\"et-custom-list\"><\/div>\n<\/td>\n<td><a href=\"http:\/\/www.terrassadentalclinic.com\/wp-content\/uploads\/2012\/04\/Depositphotos_8789032_S.jpg\"><img loading=\"lazy\" decoding=\"async\" class=\"alignnone size-medium wp-image-2089\" title=\"Miedo al dentista\" src=\"http:\/\/www.terrassadentalclinic.com\/wp-content\/uploads\/2012\/04\/Depositphotos_8789032_S-300x199.jpg\" alt=\"Miedo al dentista\" width=\"300\" height=\"199\" srcset=\"https:\/\/www.terrassadentalclinic.com\/wp-content\/uploads\/2012\/04\/Depositphotos_8789032_S-300x199.jpg 300w, https:\/\/www.terrassadentalclinic.com\/wp-content\/uploads\/2012\/04\/Depositphotos_8789032_S-60x39.jpg 60w, https:\/\/www.terrassadentalclinic.com\/wp-content\/uploads\/2012\/04\/Depositphotos_8789032_S.jpg 868w\" sizes=\"(max-width: 300px) 100vw, 300px\" \/><\/a><\/td>\n<\/tr>\n<\/tbody>\n<\/table>\n<p>A continuaci\u00f3, les dues <strong>t\u00e8cniques indolores<\/strong> que utilitzem a Terrassa Dental Clinic:<br \/>\n&nbsp;<\/p>\n<h2>Medicaci\u00f3 per via<\/h2>\n<p>&nbsp;<\/p>\n<h3>Qu\u00e8 \u00e9s la medicaci\u00f3 per via?<\/h3>\n<p>La <strong>medicaci\u00f3 endovenosa<\/strong> consisteix en l&#8217;administraci\u00f3 de certs f\u00e0rmacs que s&#8217;utilitzen per a minimitzar els efectes secundaris d&#8217;un acte quir\u00fargic. B\u00e0sicament el que s&#8217;aconsegueix \u00e9s <strong>disminu\u00efr en gran quantitat la inflamaci\u00f3<\/strong> i<strong> les possibilitats d&#8217;infecci\u00f3<\/strong> que es genera en qualsevol intervenci\u00f3 quir\u00fargica amb certa dificultat.<br \/>\n&nbsp;<\/p>\n<h3>Quan s&#8217;utilitza la medicaci\u00f3 per via?<\/h3>\n<p>S&#8217;utilitza en <strong>casos de dents<\/strong> (<strong>cordals<\/strong>) inclosos que per la seva situaci\u00f3 i relaci\u00f3 molt propera amb el nervi mandibular.<\/p>\n<p>Tamb\u00e9 s&#8217;utilitza en <strong>cirurgies<\/strong> que afecten al <strong>maxilar<\/strong> en la zona subnasal, i en el cas de colocaci\u00f3 de diversos <strong>implants<\/strong> en el mateix temps.<\/p>\n<table cellpadding=\"10\">\n<tbody>\n<tr>\n<td><a href=\"http:\/\/www.terrassadentalclinic.com\/wp-content\/uploads\/2012\/04\/Depositphotos_5712158_S.jpg\"><img loading=\"lazy\" decoding=\"async\" class=\"alignnone size-medium wp-image-2098\" title=\"Medicaci\u00f3n por v\u00eda\" src=\"http:\/\/www.terrassadentalclinic.com\/wp-content\/uploads\/2012\/04\/Depositphotos_5712158_S-300x199.jpg\" alt=\"Medicaci\u00f3n por v\u00eda\" width=\"300\" height=\"199\" srcset=\"https:\/\/www.terrassadentalclinic.com\/wp-content\/uploads\/2012\/04\/Depositphotos_5712158_S-300x199.jpg 300w, https:\/\/www.terrassadentalclinic.com\/wp-content\/uploads\/2012\/04\/Depositphotos_5712158_S-60x39.jpg 60w, https:\/\/www.terrassadentalclinic.com\/wp-content\/uploads\/2012\/04\/Depositphotos_5712158_S.jpg 866w\" sizes=\"(max-width: 300px) 100vw, 300px\" \/><\/a><\/td>\n<td><a href=\"http:\/\/www.terrassadentalclinic.com\/wp-content\/uploads\/2012\/04\/Depositphotos_5734436_S1.jpg\"><img loading=\"lazy\" decoding=\"async\" class=\"alignnone size-medium wp-image-2099\" title=\"Medicaci\u00f3n endovenosa\" src=\"http:\/\/www.terrassadentalclinic.com\/wp-content\/uploads\/2012\/04\/Depositphotos_5734436_S1-300x199.jpg\" alt=\"Medicaci\u00f3n endovenosa\" width=\"300\" height=\"199\" srcset=\"https:\/\/www.terrassadentalclinic.com\/wp-content\/uploads\/2012\/04\/Depositphotos_5734436_S1-300x199.jpg 300w, https:\/\/www.terrassadentalclinic.com\/wp-content\/uploads\/2012\/04\/Depositphotos_5734436_S1-60x39.jpg 60w, https:\/\/www.terrassadentalclinic.com\/wp-content\/uploads\/2012\/04\/Depositphotos_5734436_S1.jpg 866w\" sizes=\"(max-width: 300px) 100vw, 300px\" \/><\/a><\/td>\n<\/tr>\n<\/tbody>\n<\/table>\n<p>&nbsp;<\/p>\n<h3>Qui col.loca la medicaci\u00f3 per via?<\/h3>\n<p>Nom\u00e9s personal titular i amb una amplia experi\u00e8ncia administrar\u00e0 la medicaci\u00f3 endovenosa i durant l&#8217;operaci\u00f3 monitoritzar\u00e0 el pacient\u00a0 sota la supervisi\u00f3 del cirurgi\u00e0 a c\u00e0rrec de la <strong>intervenci\u00f3 dental<\/strong>.<br \/>\n&nbsp;<\/p>\n<h3>Quins avantatges t\u00e9 la medicaci\u00f3 per via?<\/h3>\n<p>El principal avantatge de la <strong>medicaci\u00f3 endovenosa<\/strong> \u00e9s una millora del curs post-operatori aconseguint, aix\u00ed, una gran <strong>disminuci\u00f3 de la inflamaci\u00f3<\/strong> i en conseq\u00fc\u00e8ncia del <strong>dolor<\/strong>.<\/p>\n<p>\u00c9s un procediment molt segur degut a que existeix un control per part dels professionals i, a m\u00e9s, <strong>no tenen efectes secundaris<\/strong> com v\u00f2mits o marejos. A m\u00e9s, el pacient surt de la cl\u00ednica sapiguent que les primeres hores del post-operatori el seu cos ja ha rebut la medicaci\u00f3 adecuada.<br \/>\n&nbsp;<\/p>\n<h2>Sedaci\u00f3 per via<\/h2>\n<p>&nbsp;<\/p>\n<h3>Qu\u00e8 \u00e9s la sedaci\u00f3 per via?<\/h3>\n<p>La <strong>sedaci\u00f3 per v\u00eda<\/strong> \u00e9s un m\u00e8tode de tractament, que s&#8217;utilitza b\u00e0sicament per a redu\u00efr els nivells d&#8217;ansietat que genera qualsevol intervenci\u00f3 quir\u00fargica. Provoca una sensaci\u00f3 d&#8217;ensopiment, pel que els nostres pacients no es troben completament adormits i poden obeir ordres.<br \/>\n&nbsp;<\/p>\n<h3>En qu\u00e8 casos s&#8217;utilitza la sedaci\u00f3 per via?<\/h3>\n<table cellpadding=\"10\">\n<tbody>\n<tr>\n<td>Aquest tipus de <strong>sedaci\u00f3<\/strong> est\u00e0 indicada sobretot en persones que tinguin <strong>ansietat i\/o f\u00f2bia <\/strong>davant una intervenci\u00f3 quir\u00fargica.Tamb\u00e9 en aquells casos en els que el pacient no pogui aportar la m\u00ednima col.laboraci\u00f3 que necessiti l&#8217;acte m\u00e8dic, per exemple en el cas dels nens o persones amb discapacitat mental o f\u00edsica.<\/td>\n<td><a href=\"http:\/\/www.terrassadentalclinic.com\/wp-content\/uploads\/2012\/04\/Depositphotos_6187777_S-2.jpg\"><img loading=\"lazy\" decoding=\"async\" class=\"alignnone  wp-image-2102\" title=\"Sedaci\u00f3n dental\" src=\"http:\/\/www.terrassadentalclinic.com\/wp-content\/uploads\/2012\/04\/Depositphotos_6187777_S-2-300x206.jpg\" alt=\"Sedaci\u00f3n dental\" width=\"270\" height=\"185\" srcset=\"https:\/\/www.terrassadentalclinic.com\/wp-content\/uploads\/2012\/04\/Depositphotos_6187777_S-2-300x206.jpg 300w, https:\/\/www.terrassadentalclinic.com\/wp-content\/uploads\/2012\/04\/Depositphotos_6187777_S-2-60x41.jpg 60w, https:\/\/www.terrassadentalclinic.com\/wp-content\/uploads\/2012\/04\/Depositphotos_6187777_S-2.jpg 852w\" sizes=\"(max-width: 270px) 100vw, 270px\" \/><\/a><\/td>\n<\/tr>\n<\/tbody>\n<\/table>\n<p>&nbsp;<\/p>\n<h3>Qu\u00e8 especialista s&#8217;encarrega de la sedaci\u00f3 per via?<\/h3>\n<p>La persona encarregada en administrar la <strong>sedaci\u00f3 per via<\/strong> \u00e9s un metge especialista en Anestesiologia amb la col.laboraci\u00f3 d&#8217;una infermera titulada que acudeixen a la nostra <strong>clinica dental<\/strong>.<\/p>\n<p>En la intervenci\u00f3 es t\u00e9 una constant monitoritzaci\u00f3 del pacient per aix\u00ed tenir-lo controlat al 100%.<br \/>\n&nbsp;<\/p>\n<h3>Quins avantatges t\u00e9 la sedaci\u00f3 per via?<\/h3>\n<p>Gr\u00e0cies a la <strong>sedaci\u00f3<\/strong>, els nostres <strong>professionals dentals<\/strong> poden dur a terme les diferents intervencions sobre la zona a tractar sense que el pacient presencii cap tipus d&#8217;alteraci\u00f3 ps\u00edquica i amb l&#8217;avantatge de que deixa certa amn\u00e8sia amb lo qual el pacient no recorda el sentit \u201cd&#8217;haver patit una mala experi\u00e8ncia\u201d.<\/p>\n","protected":false},"excerpt":{"rendered":"<p>[nivo category=&#8221;banner_cat_tec&#8221; effect=&#8221;sliceDown&#8221; speed=400 pause=7000] Sovint, quan les persones tenen que anar al dentista pateixen ansietat o por al sapiguer que se&#8217;ls t\u00e9 que realitzar una intervenci\u00f3 bucal. A Terrassa Dental Cl\u00ednic tenim les t\u00e8cniques necess\u00e0ries per a que els nostres pacients no tinguin cap dolor a les operacions. Olvida&#8217;t de la por que produeix [&hellip;]<\/p>\n","protected":false},"author":3,"featured_media":0,"parent":0,"menu_order":0,"comment_status":"closed","ping_status":"closed","template":"","meta":{"_et_pb_use_builder":"","_et_pb_old_content":"","_et_gb_content_width":"","footnotes":""},"class_list":["post-2204","page","type-page","status-publish","hentry"],"yoast_head":"<!-- This site is optimized with the Yoast SEO plugin v27.2 - https:\/\/yoast.com\/product\/yoast-seo-wordpress\/ -->\n<title>T\u00e8cniques indolores per a les intervencions dentals - Terrassa Dental Cl\u00ednic<\/title>\n<meta name=\"robots\" content=\"index, follow, max-snippet:-1, max-image-preview:large, max-video-preview:-1\" \/>\n<link rel=\"canonical\" href=\"https:\/\/www.terrassadentalclinic.com\/tecnicas-indoloras-para-intervenciones-dentales\/\" \/>\n<meta property=\"og:locale\" content=\"ca_ES\" \/>\n<meta property=\"og:type\" content=\"article\" \/>\n<meta property=\"og:title\" content=\"T\u00e8cniques indolores per a les intervencions dentals - Terrassa Dental Cl\u00ednic\" \/>\n<meta property=\"og:description\" content=\"[nivo category=&#8221;banner_cat_tec&#8221; effect=&#8221;sliceDown&#8221; speed=400 pause=7000] Sovint, quan les persones tenen que anar al dentista pateixen ansietat o por al sapiguer que se&#8217;ls t\u00e9 que realitzar una intervenci\u00f3 bucal. A Terrassa Dental Cl\u00ednic tenim les t\u00e8cniques necess\u00e0ries per a que els nostres pacients no tinguin cap dolor a les operacions. Olvida&#8217;t de la por que produeix [&hellip;]\" \/>\n<meta property=\"og:url\" content=\"https:\/\/www.terrassadentalclinic.com\/tecnicas-indoloras-para-intervenciones-dentales\/\" \/>\n<meta property=\"og:site_name\" content=\"Terrassa Dental Cl\u00ednic\" \/>\n<meta property=\"article:modified_time\" content=\"2012-07-24T11:51:41+00:00\" \/>\n<meta property=\"og:image\" content=\"http:\/\/www.terrassadentalclinic.com\/wp-content\/uploads\/2012\/04\/Depositphotos_8789032_S-300x199.jpg\" \/>\n<meta name=\"twitter:label1\" content=\"Temps estimat de lectura\" \/>\n\t<meta name=\"twitter:data1\" content=\"3 minuts\" \/>\n<script type=\"application\/ld+json\" class=\"yoast-schema-graph\">{\"@context\":\"https:\/\/schema.org\",\"@graph\":[{\"@type\":\"WebPage\",\"@id\":\"https:\/\/www.terrassadentalclinic.com\/tecnicas-indoloras-para-intervenciones-dentales\/\",\"url\":\"https:\/\/www.terrassadentalclinic.com\/tecnicas-indoloras-para-intervenciones-dentales\/\",\"name\":\"T\u00e8cniques indolores per a les intervencions dentals - Terrassa Dental Cl\u00ednic\",\"isPartOf\":{\"@id\":\"https:\/\/www.terrassadentalclinic.com\/#website\"},\"primaryImageOfPage\":{\"@id\":\"https:\/\/www.terrassadentalclinic.com\/tecnicas-indoloras-para-intervenciones-dentales\/#primaryimage\"},\"image\":{\"@id\":\"https:\/\/www.terrassadentalclinic.com\/tecnicas-indoloras-para-intervenciones-dentales\/#primaryimage\"},\"thumbnailUrl\":\"http:\/\/www.terrassadentalclinic.com\/wp-content\/uploads\/2012\/04\/Depositphotos_8789032_S-300x199.jpg\",\"datePublished\":\"2012-04-24T10:09:59+00:00\",\"dateModified\":\"2012-07-24T11:51:41+00:00\",\"breadcrumb\":{\"@id\":\"https:\/\/www.terrassadentalclinic.com\/tecnicas-indoloras-para-intervenciones-dentales\/#breadcrumb\"},\"inLanguage\":\"ca\",\"potentialAction\":[{\"@type\":\"ReadAction\",\"target\":[\"https:\/\/www.terrassadentalclinic.com\/tecnicas-indoloras-para-intervenciones-dentales\/\"]}]},{\"@type\":\"ImageObject\",\"inLanguage\":\"ca\",\"@id\":\"https:\/\/www.terrassadentalclinic.com\/tecnicas-indoloras-para-intervenciones-dentales\/#primaryimage\",\"url\":\"http:\/\/www.terrassadentalclinic.com\/wp-content\/uploads\/2012\/04\/Depositphotos_8789032_S-300x199.jpg\",\"contentUrl\":\"http:\/\/www.terrassadentalclinic.com\/wp-content\/uploads\/2012\/04\/Depositphotos_8789032_S-300x199.jpg\"},{\"@type\":\"BreadcrumbList\",\"@id\":\"https:\/\/www.terrassadentalclinic.com\/tecnicas-indoloras-para-intervenciones-dentales\/#breadcrumb\",\"itemListElement\":[{\"@type\":\"ListItem\",\"position\":1,\"name\":\"Portada\",\"item\":\"https:\/\/www.terrassadentalclinic.com\/ca\/\"},{\"@type\":\"ListItem\",\"position\":2,\"name\":\"T\u00e8cniques indolores per a les intervencions dentals\"}]},{\"@type\":\"WebSite\",\"@id\":\"https:\/\/www.terrassadentalclinic.com\/#website\",\"url\":\"https:\/\/www.terrassadentalclinic.com\/\",\"name\":\"Terrassa Dental Cl\u00ednic\",\"description\":\"\",\"potentialAction\":[{\"@type\":\"SearchAction\",\"target\":{\"@type\":\"EntryPoint\",\"urlTemplate\":\"https:\/\/www.terrassadentalclinic.com\/?s={search_term_string}\"},\"query-input\":{\"@type\":\"PropertyValueSpecification\",\"valueRequired\":true,\"valueName\":\"search_term_string\"}}],\"inLanguage\":\"ca\"}]}<\/script>\n<!-- \/ Yoast SEO plugin. -->","yoast_head_json":{"title":"T\u00e8cniques indolores per a les intervencions dentals - Terrassa Dental Cl\u00ednic","robots":{"index":"index","follow":"follow","max-snippet":"max-snippet:-1","max-image-preview":"max-image-preview:large","max-video-preview":"max-video-preview:-1"},"canonical":"https:\/\/www.terrassadentalclinic.com\/tecnicas-indoloras-para-intervenciones-dentales\/","og_locale":"ca_ES","og_type":"article","og_title":"T\u00e8cniques indolores per a les intervencions dentals - Terrassa Dental Cl\u00ednic","og_description":"[nivo category=&#8221;banner_cat_tec&#8221; effect=&#8221;sliceDown&#8221; speed=400 pause=7000] Sovint, quan les persones tenen que anar al dentista pateixen ansietat o por al sapiguer que se&#8217;ls t\u00e9 que realitzar una intervenci\u00f3 bucal. A Terrassa Dental Cl\u00ednic tenim les t\u00e8cniques necess\u00e0ries per a que els nostres pacients no tinguin cap dolor a les operacions. Olvida&#8217;t de la por que produeix [&hellip;]","og_url":"https:\/\/www.terrassadentalclinic.com\/tecnicas-indoloras-para-intervenciones-dentales\/","og_site_name":"Terrassa Dental Cl\u00ednic","article_modified_time":"2012-07-24T11:51:41+00:00","og_image":[{"url":"http:\/\/www.terrassadentalclinic.com\/wp-content\/uploads\/2012\/04\/Depositphotos_8789032_S-300x199.jpg","type":"","width":"","height":""}],"twitter_misc":{"Temps estimat de lectura":"3 minuts"},"schema":{"@context":"https:\/\/schema.org","@graph":[{"@type":"WebPage","@id":"https:\/\/www.terrassadentalclinic.com\/tecnicas-indoloras-para-intervenciones-dentales\/","url":"https:\/\/www.terrassadentalclinic.com\/tecnicas-indoloras-para-intervenciones-dentales\/","name":"T\u00e8cniques indolores per a les intervencions dentals - Terrassa Dental Cl\u00ednic","isPartOf":{"@id":"https:\/\/www.terrassadentalclinic.com\/#website"},"primaryImageOfPage":{"@id":"https:\/\/www.terrassadentalclinic.com\/tecnicas-indoloras-para-intervenciones-dentales\/#primaryimage"},"image":{"@id":"https:\/\/www.terrassadentalclinic.com\/tecnicas-indoloras-para-intervenciones-dentales\/#primaryimage"},"thumbnailUrl":"http:\/\/www.terrassadentalclinic.com\/wp-content\/uploads\/2012\/04\/Depositphotos_8789032_S-300x199.jpg","datePublished":"2012-04-24T10:09:59+00:00","dateModified":"2012-07-24T11:51:41+00:00","breadcrumb":{"@id":"https:\/\/www.terrassadentalclinic.com\/tecnicas-indoloras-para-intervenciones-dentales\/#breadcrumb"},"inLanguage":"ca","potentialAction":[{"@type":"ReadAction","target":["https:\/\/www.terrassadentalclinic.com\/tecnicas-indoloras-para-intervenciones-dentales\/"]}]},{"@type":"ImageObject","inLanguage":"ca","@id":"https:\/\/www.terrassadentalclinic.com\/tecnicas-indoloras-para-intervenciones-dentales\/#primaryimage","url":"http:\/\/www.terrassadentalclinic.com\/wp-content\/uploads\/2012\/04\/Depositphotos_8789032_S-300x199.jpg","contentUrl":"http:\/\/www.terrassadentalclinic.com\/wp-content\/uploads\/2012\/04\/Depositphotos_8789032_S-300x199.jpg"},{"@type":"BreadcrumbList","@id":"https:\/\/www.terrassadentalclinic.com\/tecnicas-indoloras-para-intervenciones-dentales\/#breadcrumb","itemListElement":[{"@type":"ListItem","position":1,"name":"Portada","item":"https:\/\/www.terrassadentalclinic.com\/ca\/"},{"@type":"ListItem","position":2,"name":"T\u00e8cniques indolores per a les intervencions dentals"}]},{"@type":"WebSite","@id":"https:\/\/www.terrassadentalclinic.com\/#website","url":"https:\/\/www.terrassadentalclinic.com\/","name":"Terrassa Dental Cl\u00ednic","description":"","potentialAction":[{"@type":"SearchAction","target":{"@type":"EntryPoint","urlTemplate":"https:\/\/www.terrassadentalclinic.com\/?s={search_term_string}"},"query-input":{"@type":"PropertyValueSpecification","valueRequired":true,"valueName":"search_term_string"}}],"inLanguage":"ca"}]}},"_links":{"self":[{"href":"https:\/\/www.terrassadentalclinic.com\/ca\/wp-json\/wp\/v2\/pages\/2204","targetHints":{"allow":["GET"]}}],"collection":[{"href":"https:\/\/www.terrassadentalclinic.com\/ca\/wp-json\/wp\/v2\/pages"}],"about":[{"href":"https:\/\/www.terrassadentalclinic.com\/ca\/wp-json\/wp\/v2\/types\/page"}],"author":[{"embeddable":true,"href":"https:\/\/www.terrassadentalclinic.com\/ca\/wp-json\/wp\/v2\/users\/3"}],"replies":[{"embeddable":true,"href":"https:\/\/www.terrassadentalclinic.com\/ca\/wp-json\/wp\/v2\/comments?post=2204"}],"version-history":[{"count":9,"href":"https:\/\/www.terrassadentalclinic.com\/ca\/wp-json\/wp\/v2\/pages\/2204\/revisions"}],"predecessor-version":[{"id":2433,"href":"https:\/\/www.terrassadentalclinic.com\/ca\/wp-json\/wp\/v2\/pages\/2204\/revisions\/2433"}],"wp:attachment":[{"href":"https:\/\/www.terrassadentalclinic.com\/ca\/wp-json\/wp\/v2\/media?parent=2204"}],"curies":[{"name":"wp","href":"https:\/\/api.w.org\/{rel}","templated":true}]}}