{"id":1456,"date":"2011-11-17T08:00:10","date_gmt":"2011-11-17T08:00:10","guid":{"rendered":"http:\/\/www.terrassadentalclinic.com\/?page_id=1456"},"modified":"2014-11-20T10:03:53","modified_gmt":"2014-11-20T10:03:53","slug":"cirurgia-maxil%c2%b7lofacial","status":"publish","type":"page","link":"https:\/\/www.terrassadentalclinic.com\/ca\/cirurgia-maxil%c2%b7lofacial\/","title":{"rendered":"Cirurgia maxil\u00b7lofacial"},"content":{"rendered":"<p>[et_pb_section background_image=&#8221;\/wp-content\/uploads\/2014\/10\/foto-odontologia.jpg&#8221; transparent_background=&#8221;off&#8221; background_color=&#8221;#ffffff&#8221; inner_shadow=&#8221;off&#8221; parallax=&#8221;off&#8221; parallax_method=&#8221;off&#8221; module_id=&#8221;imagen-cabecera&#8221;][et_pb_row][et_pb_column type=&#8221;4_4&#8243;][et_pb_text admin_label=&#8221;Text&#8221; background_layout=&#8221;light&#8221; text_orientation=&#8221;left&#8221; module_id=&#8221;titulos&#8221;]<\/p>\n<h1 id=\"titulo-h1-paginas\">Odontolog\u00eda general<\/h1>\n<p>[\/et_pb_text][\/et_pb_column][\/et_pb_row][\/et_pb_section][et_pb_section fullwidth=&#8221;off&#8221; specialty=&#8221;on&#8221;][et_pb_column type=&#8221;3_4&#8243; specialty_columns=&#8221;3&#8243;][et_pb_row_inner][et_pb_column_inner type=&#8221;4_4&#8243;][et_pb_text admin_label=&#8221;Text&#8221; background_layout=&#8221;light&#8221; text_orientation=&#8221;left&#8221;]<\/p>\n<p style=\"text-align: justify;\">La <strong>odontolog\u00eda general<\/strong>\u00a0se encarga de solucionar problemas primarios relacionados con la boca, dientes y otras estructuras relacionadas. Es el primer contacto entre profesional y paciente.<\/p>\n<p style=\"text-align: justify;\">El gran problema de la odontolog\u00eda es que la mayor\u00eda de las personas solo acuden al dentista cuando tienen dolores o molestias dentales y en la mayor\u00eda de los casos el proceso patol\u00f3gico se encuentra bastante avanzado y en muchos casos es casi imposible salvar las piezas dentales.<\/p>\n<p style=\"text-align: justify;\">Los profesionales de Terrassa Dental Cl\u00ednics te recomiendan que tengas una higiene bucal adecuada, que utilices hilo dental, que visites al odont\u00f3logo por lo menos cada 6 meses, y as\u00ed te ahorrar\u00e1s una gran cantidad de molestias y dinero tratamientos dentales.<\/p>\n<p>[\/et_pb_text][\/et_pb_column_inner][\/et_pb_row_inner][et_pb_row_inner][et_pb_column_inner type=&#8221;1_2&#8243;][et_pb_image admin_label=&#8221;Image&#8221; src=&#8221;\/wp-content\/uploads\/2012\/03\/Depositphotos_3299349_L.jpg&#8221; show_in_lightbox=&#8221;off&#8221; url_new_window=&#8221;off&#8221; animation=&#8221;left&#8221; sticky=&#8221;off&#8221; \/][\/et_pb_column_inner][et_pb_column_inner type=&#8221;1_2&#8243;][et_pb_blurb admin_label=&#8221;Blurb&#8221; title=&#8221;Seguimiento&#8221; url_new_window=&#8221;off&#8221; use_icon=&#8221;on&#8221; font_icon=&#8221;N&#8221; icon_color=&#8221;#1e73be&#8221; use_circle=&#8221;off&#8221; circle_color=&#8221;#7EBEC5&#8243; use_circle_border=&#8221;off&#8221; circle_border_color=&#8221;#7EBEC5&#8243; icon_placement=&#8221;left&#8221; animation=&#8221;off&#8221; background_layout=&#8221;light&#8221; text_orientation=&#8221;center&#8221;]Principios de caries, crecimiento de las muelas del juicio\u2026son temas que requieren un seguimiento por parte de tu dentista.[\/et_pb_blurb][et_pb_blurb admin_label=&#8221;Blurb&#8221; title=&#8221;Detecci\u00f3n&#8221; url_new_window=&#8221;off&#8221; use_icon=&#8221;on&#8221; font_icon=&#8221;N&#8221; icon_color=&#8221;#1e73be&#8221; use_circle=&#8221;off&#8221; circle_color=&#8221;#7EBEC5&#8243; use_circle_border=&#8221;off&#8221; circle_border_color=&#8221;#7EBEC5&#8243; icon_placement=&#8221;left&#8221; animation=&#8221;off&#8221; background_layout=&#8221;light&#8221; text_orientation=&#8221;center&#8221;]Son aconsejables dos revisiones generales al a\u00f1o, ya que ayudan a detectar posibles problemas dentales antes de que se conviertan en complicaciones serias.[\/et_pb_blurb][\/et_pb_column_inner][\/et_pb_row_inner][\/et_pb_column][et_pb_column type=&#8221;1_4&#8243;][et_pb_text admin_label=&#8221;Text&#8221; background_layout=&#8221;light&#8221; text_orientation=&#8221;left&#8221;]<\/p>\n<div style=\"background: #DEEAF3;padding-bottom: 33%;padding-left: 7%;padding-right: 7%;padding-top: 5%;width: 125%;\"><img loading=\"lazy\" decoding=\"async\" src=\"\/wp-content\/uploads\/2014\/10\/odontologa.jpg\" alt=\"odontologa\" width=\"133\" height=\"200\" class=\"alignleft size-full wp-image-3321 imagen-doctores\"><\/p>\n<h4 style=\"text-align: center;margin-top: 19%;\"><strong>Dra Emma Corbera<\/strong><\/h4>\n<p style=\"text-align:center\"><a href=\"\">Odontologa<\/a><\/p>\n<\/div>\n<p>[\/et_pb_text][et_pb_text admin_label=&#8221;Text&#8221; background_layout=&#8221;light&#8221; text_orientation=&#8221;left&#8221; module_id=&#8221;solicitar-cita&#8221;]<\/p>\n<div id=\"solicitar-cita\" class=\"et_pb_text et_pb_bg_layout_light et_pb_text_align_left\">\n<div style=\"background: #c0dbed;padding-bottom: 5%;padding-left: 7%;padding-right: 7%; padding-top: 5%; width: 125%;\">\n<h4 style=\"font-weight: 600\">Solicitar visita<\/h4>\n<div>\n<p style=\"font-weight: 500\">LLame ahora para solicitar visita o para cualquier otra consulta al:<\/p>\n<\/p>\n<div class=\"telephone\">937 894 596<\/div>\n<div style=\"padding-top: 0%;margin-top: -2%;width: 100%;color: #FFF;  background-color: #9aafbe;  font-size: 12px;  font-style: normal;  line-height: 25px;text-align: center;\"><a style=\"font-size: 17px;color: white;\" href=\"\/ca\/contacte\">Pedir cita online<\/a><\/div>\n<\/p>\n<\/div>\n<\/div>\n<\/div>\n<p>[\/et_pb_text][\/et_pb_column][\/et_pb_section][et_pb_section fullwidth=&#8221;off&#8221; specialty=&#8221;off&#8221; transparent_background=&#8221;off&#8221; background_color=&#8221;#f7f5ef&#8221; inner_shadow=&#8221;off&#8221; parallax=&#8221;off&#8221; parallax_method=&#8221;off&#8221;][et_pb_row][et_pb_column type=&#8221;1_3&#8243;][et_pb_text admin_label=&#8221;Text&#8221; background_layout=&#8221;light&#8221; text_orientation=&#8221;left&#8221;]<\/p>\n<h3>Informaci\u00f3n de contacto<\/h3>\n<p><strong>Direcci\u00f3n:<\/strong><br \/>\nCarrer Col\u00b7legi, 1, 08221<br \/>\nTerrassa,Barcelona<\/p>\n<p><strong>Tel\u00e9fono y Horarios:<\/strong><br \/>\n937 89 45 96<br \/>\nLunes &#8211; Viernes 9h a 13h \u2013 16h a 20h<\/p>\n<p><strong>E-mail de contacto:<\/strong><br \/>\ncentrodentalegara@gmail.com[\/et_pb_text][\/et_pb_column][et_pb_column type=&#8221;2_3&#8243;][et_pb_map admin_label=&#8221;Map&#8221; zoom_level=&#8221;16&#8243; address_lat=&#8221;41.560295599338104&#8243; address_lng=&#8221;2.0117566164005973&#8243; mouse_wheel=&#8221;on&#8221;][et_pb_map_pin pin_address=&#8221;Carrer Col\u00b7legi, 11, 08221 Tarrasa, Barcelona, Espa\u00f1a&#8221; pin_address_lat=&#8221;41.5599853&#8243; pin_address_lng=&#8221;2.010856399999966&#8243; \/][\/et_pb_map][\/et_pb_column][\/et_pb_row][\/et_pb_section]<\/p>\n","protected":false},"excerpt":{"rendered":"<p><div class=\"et_pb_row et_pb_row_0 et_pb_row_empty\">\n\t\t\t\t\n\t\t\t\t\n\t\t\t\t\n\t\t\t\t\n\t\t\t\t\n\t\t\t<\/div>Odontolog\u00eda generalLa odontolog\u00eda general\u00a0se encarga de solucionar problemas primarios relacionados con la boca, dientes y otras estructuras relacionadas. Es el primer contacto entre profesional y paciente.El gran problema de la odontolog\u00eda es que la mayor\u00eda de las personas solo acuden al dentista cuando tienen dolores o molestias dentales y en la mayor\u00eda de los casos [&hellip;]<\/p>\n","protected":false},"author":3,"featured_media":0,"parent":0,"menu_order":0,"comment_status":"open","ping_status":"open","template":"","meta":{"_et_pb_use_builder":"on","_et_pb_old_content":"<table cellpadding=\"5\">\r\n<tbody>\r\n<tr>\r\n<td><img class=\"alignnone size-medium wp-image-1402\" title=\"woman with apple\" src=\"\/wp-content\/uploads\/2011\/11\/dieta-manzana-300x198.jpg\" alt=\"\" width=\"260\" height=\"160\" \/><\/td>\r\n<td>La <strong>cirugia maxil\u00b7lofacial<\/strong> \u00e9s una de les branques de la medicina m\u00e9s importants per a preservar la salut i millorar l'est\u00e8tica de la teva boca.Des de l' <strong>extracci\u00f3 dels queixals del seny<\/strong> fins la <strong>implantologia<\/strong>, tot problema bucal que requereixi cirurgia necessita d'un especialista maxil\u00b7lofacial per dur-los a terme.<\/td>\r\n<\/tr>\r\n<\/tbody>\r\n<\/table>\r\nA <strong>Terrassa Dental Clinic<\/strong> ens encarguem de solucionar aquests problemes, retornant la salut i la bellesa a la teva boca.\r\n<h2>Problemes que requereixen cirugia maxil\u00b7lofacial:<\/h2>\r\n<table cellpadding=\"10\">\r\n<tbody>\r\n<tr>\r\n<td>\r\n<h3>Queixals del seny<\/h3>\r\nEls <strong>queixals del seny<\/strong> poden ser problem\u00e0tics en el moment del seu creixement. Frenq\u00fcentment, s'aconsella la seva <strong>extracci\u00f3 primerenca<\/strong> per a evitar les possibles complicacions que poden ocasionar. Entre altres coses, els queixals poden arribar a provocar infeccions i fins i tot l'<strong>aparici\u00f3 de tumors bucals<\/strong>. Depenent de cada cas, els s\u00edntomes es poden traduir en forma de ulceracions repetitives o de dolor a la zona de l'o\u00efda.<\/td>\r\n<\/tr>\r\n<tr>\r\n<td>\r\n<h3>Quists maxil\u00b7lars<\/h3>\r\nUn <strong>quist<\/strong> \u00e9s un sac o espai patol\u00f2gic que generalment cont\u00e9 l\u00edquid. Es solen trobar en relaci\u00f3 amb una <strong>arrel dent\u00e0ria<\/strong> o b\u00e9 una <strong>pe\u00e7a dent\u00e0ria<\/strong> ja inclosa, i exigeixen tractament ja que es podrien produ\u00efr infeccions greus, <strong>p\u00e8rdues d'os<\/strong> o afectar a peces ve\u00efnes. Per a fer-ho, s'utilitza la t\u00e8cnica de l'apicentomia que consisteix a extirpar el quist amb un abordatge quir\u00fargic en la porci\u00f3 m\u00e9s llunyana de l'<strong>arrel dent\u00e0ria<\/strong> i tractant aquesta part de l'arrel intentant salvar la pe\u00e7a afectada.<\/td>\r\n<\/tr>\r\n<tr>\r\n<td>\r\n<h3>Cirugia preprot\u00e8sica<\/h3>\r\nLa implantaci\u00f3 d'una <a href=\"\/ca\/protesis-dentals\"><span style=\"color: #ff8000;\">pr\u00f2tesi dent\u00e0ria<\/span><\/a> obliga algunes vegades a practicar la <strong>cirugia bucal<\/strong> pr\u00e8viament sobre els teixits tous i durs. L'objectiu no \u00e9s un altre que crear les condicions \u00f2ptimes per a la posterior adaptaci\u00f3 de la pr\u00f2tesi.<\/td>\r\n<\/tr>\r\n<tr>\r\n<td>\r\n<h3>Implantologia<\/h3>\r\nEls <a href=\"\/ca\/implants-dentals\"><span style=\"color: #ff8000;\">implants dentals<\/span><\/a> s\u00f3n petits <strong>cargols de titani<\/strong> que s'insereixen en l'os maxil\u00b7lar i serveixen d'<strong>arrel artificial<\/strong> per a soportar les noves dents fixes. El procediment, que es fa amb anest\u00e8sia local, \u00e9s f\u00e0cil i indolor per al pacient. El postoperatori es redueix a lleus inflamacions i mol\u00e8sties tractades amb medicaments i permet al pacient fer vida normal el mateix dia de l'operaci\u00f3 quir\u00fargica.<\/td>\r\n<\/tr>\r\n<\/tbody>\r\n<\/table>\r\n<table width=\"590\" cellpadding=\"20\" align=\"center\">\r\n<tbody>\r\n<tr>\r\n<td width=\"300\">\r\n<blockquote>\r\n<p style=\"text-align: center;\">Sol\u00b7licita m\u00e9s informaci\u00f3 sobre la Cirugia maxil\u00b7lofacial al:<\/p>\r\n\r\n<center>\r\n<h2><strong>93.789.45.96<\/strong><\/h2>\r\n<\/center><\/blockquote>\r\n<\/td>\r\n<td width=\"400\">[button link=\"\/ca\/contacte\" type=\"big\"]Cita online[\/button]<\/td>\r\n<\/tr>\r\n<\/tbody>\r\n<\/table>","_et_gb_content_width":"","footnotes":""},"class_list":["post-1456","page","type-page","status-publish","hentry"],"yoast_head":"<!-- This site is optimized with the Yoast SEO plugin v27.2 - https:\/\/yoast.com\/product\/yoast-seo-wordpress\/ -->\n<title>Cirugia maxil.lofacial - Terrassa dental clinic<\/title>\n<meta name=\"description\" content=\"La cirugia maxil\u00b7lofacial \u00e9s una de les branques de la medicina m\u00e9s importants per a preservar la salut i millorar l\u2019est\u00e8tica de la teva boca, des de l\u2019 extracci\u00f3 dels queixals del seny fins la implantologia.\" \/>\n<meta name=\"robots\" content=\"index, follow, max-snippet:-1, max-image-preview:large, max-video-preview:-1\" \/>\n<link rel=\"canonical\" href=\"https:\/\/www.terrassadentalclinic.com\/cirugia-maxilofacial\/\" \/>\n<meta property=\"og:locale\" content=\"ca_ES\" \/>\n<meta property=\"og:type\" content=\"article\" \/>\n<meta property=\"og:title\" content=\"Cirugia maxil.lofacial - Terrassa dental clinic\" \/>\n<meta property=\"og:description\" content=\"La cirugia maxil\u00b7lofacial \u00e9s una de les branques de la medicina m\u00e9s importants per a preservar la salut i millorar l\u2019est\u00e8tica de la teva boca, des de l\u2019 extracci\u00f3 dels queixals del seny fins la implantologia.\" \/>\n<meta property=\"og:url\" content=\"https:\/\/www.terrassadentalclinic.com\/cirugia-maxilofacial\/\" \/>\n<meta property=\"og:site_name\" content=\"Terrassa Dental Cl\u00ednic\" \/>\n<meta property=\"article:modified_time\" content=\"2014-11-20T10:03:53+00:00\" \/>\n<meta name=\"twitter:label1\" content=\"Temps estimat de lectura\" \/>\n\t<meta name=\"twitter:data1\" content=\"3 minuts\" \/>\n<script type=\"application\/ld+json\" class=\"yoast-schema-graph\">{\"@context\":\"https:\/\/schema.org\",\"@graph\":[{\"@type\":\"WebPage\",\"@id\":\"https:\/\/www.terrassadentalclinic.com\/cirugia-maxilofacial\/\",\"url\":\"https:\/\/www.terrassadentalclinic.com\/cirugia-maxilofacial\/\",\"name\":\"Cirugia maxil.lofacial - Terrassa dental clinic\",\"isPartOf\":{\"@id\":\"https:\/\/www.terrassadentalclinic.com\/#website\"},\"datePublished\":\"2011-11-17T08:00:10+00:00\",\"dateModified\":\"2014-11-20T10:03:53+00:00\",\"description\":\"La cirugia maxil\u00b7lofacial \u00e9s una de les branques de la medicina m\u00e9s importants per a preservar la salut i millorar l\u2019est\u00e8tica de la teva boca, des de l\u2019 extracci\u00f3 dels queixals del seny fins la implantologia.\",\"breadcrumb\":{\"@id\":\"https:\/\/www.terrassadentalclinic.com\/cirugia-maxilofacial\/#breadcrumb\"},\"inLanguage\":\"ca\",\"potentialAction\":[{\"@type\":\"ReadAction\",\"target\":[\"https:\/\/www.terrassadentalclinic.com\/cirugia-maxilofacial\/\"]}]},{\"@type\":\"BreadcrumbList\",\"@id\":\"https:\/\/www.terrassadentalclinic.com\/cirugia-maxilofacial\/#breadcrumb\",\"itemListElement\":[{\"@type\":\"ListItem\",\"position\":1,\"name\":\"Portada\",\"item\":\"https:\/\/www.terrassadentalclinic.com\/ca\/\"},{\"@type\":\"ListItem\",\"position\":2,\"name\":\"Cirurgia maxil\u00b7lofacial\"}]},{\"@type\":\"WebSite\",\"@id\":\"https:\/\/www.terrassadentalclinic.com\/#website\",\"url\":\"https:\/\/www.terrassadentalclinic.com\/\",\"name\":\"Terrassa Dental Cl\u00ednic\",\"description\":\"\",\"potentialAction\":[{\"@type\":\"SearchAction\",\"target\":{\"@type\":\"EntryPoint\",\"urlTemplate\":\"https:\/\/www.terrassadentalclinic.com\/?s={search_term_string}\"},\"query-input\":{\"@type\":\"PropertyValueSpecification\",\"valueRequired\":true,\"valueName\":\"search_term_string\"}}],\"inLanguage\":\"ca\"}]}<\/script>\n<!-- \/ Yoast SEO plugin. -->","yoast_head_json":{"title":"Cirugia maxil.lofacial - Terrassa dental clinic","description":"La cirugia maxil\u00b7lofacial \u00e9s una de les branques de la medicina m\u00e9s importants per a preservar la salut i millorar l\u2019est\u00e8tica de la teva boca, des de l\u2019 extracci\u00f3 dels queixals del seny fins la implantologia.","robots":{"index":"index","follow":"follow","max-snippet":"max-snippet:-1","max-image-preview":"max-image-preview:large","max-video-preview":"max-video-preview:-1"},"canonical":"https:\/\/www.terrassadentalclinic.com\/cirugia-maxilofacial\/","og_locale":"ca_ES","og_type":"article","og_title":"Cirugia maxil.lofacial - Terrassa dental clinic","og_description":"La cirugia maxil\u00b7lofacial \u00e9s una de les branques de la medicina m\u00e9s importants per a preservar la salut i millorar l\u2019est\u00e8tica de la teva boca, des de l\u2019 extracci\u00f3 dels queixals del seny fins la implantologia.","og_url":"https:\/\/www.terrassadentalclinic.com\/cirugia-maxilofacial\/","og_site_name":"Terrassa Dental Cl\u00ednic","article_modified_time":"2014-11-20T10:03:53+00:00","twitter_misc":{"Temps estimat de lectura":"3 minuts"},"schema":{"@context":"https:\/\/schema.org","@graph":[{"@type":"WebPage","@id":"https:\/\/www.terrassadentalclinic.com\/cirugia-maxilofacial\/","url":"https:\/\/www.terrassadentalclinic.com\/cirugia-maxilofacial\/","name":"Cirugia maxil.lofacial - Terrassa dental clinic","isPartOf":{"@id":"https:\/\/www.terrassadentalclinic.com\/#website"},"datePublished":"2011-11-17T08:00:10+00:00","dateModified":"2014-11-20T10:03:53+00:00","description":"La cirugia maxil\u00b7lofacial \u00e9s una de les branques de la medicina m\u00e9s importants per a preservar la salut i millorar l\u2019est\u00e8tica de la teva boca, des de l\u2019 extracci\u00f3 dels queixals del seny fins la implantologia.","breadcrumb":{"@id":"https:\/\/www.terrassadentalclinic.com\/cirugia-maxilofacial\/#breadcrumb"},"inLanguage":"ca","potentialAction":[{"@type":"ReadAction","target":["https:\/\/www.terrassadentalclinic.com\/cirugia-maxilofacial\/"]}]},{"@type":"BreadcrumbList","@id":"https:\/\/www.terrassadentalclinic.com\/cirugia-maxilofacial\/#breadcrumb","itemListElement":[{"@type":"ListItem","position":1,"name":"Portada","item":"https:\/\/www.terrassadentalclinic.com\/ca\/"},{"@type":"ListItem","position":2,"name":"Cirurgia maxil\u00b7lofacial"}]},{"@type":"WebSite","@id":"https:\/\/www.terrassadentalclinic.com\/#website","url":"https:\/\/www.terrassadentalclinic.com\/","name":"Terrassa Dental Cl\u00ednic","description":"","potentialAction":[{"@type":"SearchAction","target":{"@type":"EntryPoint","urlTemplate":"https:\/\/www.terrassadentalclinic.com\/?s={search_term_string}"},"query-input":{"@type":"PropertyValueSpecification","valueRequired":true,"valueName":"search_term_string"}}],"inLanguage":"ca"}]}},"_links":{"self":[{"href":"https:\/\/www.terrassadentalclinic.com\/ca\/wp-json\/wp\/v2\/pages\/1456","targetHints":{"allow":["GET"]}}],"collection":[{"href":"https:\/\/www.terrassadentalclinic.com\/ca\/wp-json\/wp\/v2\/pages"}],"about":[{"href":"https:\/\/www.terrassadentalclinic.com\/ca\/wp-json\/wp\/v2\/types\/page"}],"author":[{"embeddable":true,"href":"https:\/\/www.terrassadentalclinic.com\/ca\/wp-json\/wp\/v2\/users\/3"}],"replies":[{"embeddable":true,"href":"https:\/\/www.terrassadentalclinic.com\/ca\/wp-json\/wp\/v2\/comments?post=1456"}],"version-history":[{"count":27,"href":"https:\/\/www.terrassadentalclinic.com\/ca\/wp-json\/wp\/v2\/pages\/1456\/revisions"}],"predecessor-version":[{"id":3982,"href":"https:\/\/www.terrassadentalclinic.com\/ca\/wp-json\/wp\/v2\/pages\/1456\/revisions\/3982"}],"wp:attachment":[{"href":"https:\/\/www.terrassadentalclinic.com\/ca\/wp-json\/wp\/v2\/media?parent=1456"}],"curies":[{"name":"wp","href":"https:\/\/api.w.org\/{rel}","templated":true}]}}